{"id":34791,"date":"2025-07-28T11:03:16","date_gmt":"2025-07-28T09:03:16","guid":{"rendered":"https:\/\/www.gkboje.ba\/?post_type=product&#038;p=34791"},"modified":"2026-01-06T07:39:15","modified_gmt":"2026-01-06T06:39:15","slug":"bosch-brusna-traka-za-tracne-brusilice-x440-75-x-533-mm-40-150-gr-pro","status":"publish","type":"product","link":"https:\/\/www.gkboje.ba\/en\/proizvod\/bosch-brusna-traka-za-tracne-brusilice-x440-75-x-533-mm-40-150-gr-pro\/","title":{"rendered":"BOSCH Brusna traka za tra\u010dne brusilice X440 &#8211; 75 x 533 mm (40 &#8211; 180 GR) &#8211; PRO"},"content":{"rendered":"<p><strong>Brusna traka PRO X440<\/strong> dizajnirana je za zahtjevna bru\u0161enja drva i boje, s naglaskom na dug vijek trajanja i otpornost na kidanje. Idealan je izbor za korisnike koji tra\u017ee izdr\u017eljivo rje\u0161enje za grube povr\u0161ine i intenzivne primjene.<\/p>\n<p>Zahvaljuju\u0107i izuzetno \u010dvrstom spoju trake i potpornoj X-tkanini otpornoj na trganje, PRO X440 osigurava stabilno i efikasno bru\u0161enje tokom cijelog vijeka trajanja. Traka omogu\u0107ava visok kvalitet zavr\u0161ne obrade i pouzdane rezultate u svim fazama rada.<\/p>\n<h5><strong>Klju\u010dne karakteristike:<\/strong><\/h5>\n<ul>\n<li>Izuzetno dug vijek trajanja pri bru\u0161enju drva i boje<\/li>\n<li>Potporna X-tkanina otporna na trganje za stabilnost i dugotrajnost<\/li>\n<li>Oja\u010dan spoj trake za rad pod velikim optere\u0107enjem<\/li>\n<li>Namijenjena tra\u010dnim brusilicama za profesionalne i hobi korisnike<\/li>\n<\/ul>\n<h5><strong>Tehni\u010dke specifikacije:<\/strong><\/h5>\n<ul>\n<li><strong>Dimenzije trake:<\/strong> 75 x 533 mm<\/li>\n<li><strong>Granulacije dostupne:<\/strong> 40, 80, 100, 120, 150, 180<\/li>\n<li><strong>Podloga:<\/strong> X-tkanina<\/li>\n<li><strong>Primjena:<\/strong> drvo, bojeni materijali<\/li>\n<\/ul>\n<h5><strong>Pogodno za:<\/strong><\/h5>\n<ul>\n<li>Grubo i fino bru\u0161enje drvenih povr\u0161ina<\/li>\n<li>Uklanjanje boje i lakova s drveta<\/li>\n<li>Primjene koje zahtijevaju dugotrajnu abrazivnu snagu<\/li>\n<\/ul>\n<h5><strong>Dodatne informacije:<\/strong><\/h5>\n<p><span style=\"text-decoration: underline\"><a href=\"https:\/\/www.bosch-professional.com\/hr\/hr\/brusna-traka-pro-x440-za-brusilice-3077681-ocs-ac\/\">Sve dodatne informacije su dostupne na Bosch web stranici, klikom na ovaj tekst.<\/a><\/span><\/p>\n","protected":false},"excerpt":{"rendered":"<p>Jedinica mjere: Komad<\/p>\n","protected":false},"featured_media":34798,"comment_status":"open","ping_status":"closed","template":"","meta":[],"product_brand":[],"product_cat":[1198],"product_tag":[1349],"class_list":{"0":"post-34791","1":"product","2":"type-product","3":"status-publish","4":"has-post-thumbnail","6":"product_cat-brusne-trake-i-brusno-platno","7":"product_tag-bosch-profesionalni-pribor","9":"first","10":"instock","11":"shipping-taxable","12":"purchasable","13":"product-type-variable","14":"has-default-attributes"},"wooqr_code":"","_links":{"self":[{"href":"https:\/\/www.gkboje.ba\/en\/wp-json\/wp\/v2\/product\/34791","targetHints":{"allow":["GET"]}}],"collection":[{"href":"https:\/\/www.gkboje.ba\/en\/wp-json\/wp\/v2\/product"}],"about":[{"href":"https:\/\/www.gkboje.ba\/en\/wp-json\/wp\/v2\/types\/product"}],"replies":[{"embeddable":true,"href":"https:\/\/www.gkboje.ba\/en\/wp-json\/wp\/v2\/comments?post=34791"}],"version-history":[{"count":2,"href":"https:\/\/www.gkboje.ba\/en\/wp-json\/wp\/v2\/product\/34791\/revisions"}],"predecessor-version":[{"id":37513,"href":"https:\/\/www.gkboje.ba\/en\/wp-json\/wp\/v2\/product\/34791\/revisions\/37513"}],"wp:featuredmedia":[{"embeddable":true,"href":"https:\/\/www.gkboje.ba\/en\/wp-json\/wp\/v2\/media\/34798"}],"wp:attachment":[{"href":"https:\/\/www.gkboje.ba\/en\/wp-json\/wp\/v2\/media?parent=34791"}],"wp:term":[{"taxonomy":"product_brand","embeddable":true,"href":"https:\/\/www.gkboje.ba\/en\/wp-json\/wp\/v2\/product_brand?post=34791"},{"taxonomy":"product_cat","embeddable":true,"href":"https:\/\/www.gkboje.ba\/en\/wp-json\/wp\/v2\/product_cat?post=34791"},{"taxonomy":"product_tag","embeddable":true,"href":"https:\/\/www.gkboje.ba\/en\/wp-json\/wp\/v2\/product_tag?post=34791"}],"curies":[{"name":"wp","href":"https:\/\/api.w.org\/{rel}","templated":true}]}}