{"id":34781,"date":"2025-07-28T10:24:08","date_gmt":"2025-07-28T08:24:08","guid":{"rendered":"https:\/\/www.gkboje.ba\/?post_type=product&#038;p=34781"},"modified":"2026-01-06T07:39:04","modified_gmt":"2026-01-06T06:39:04","slug":"bosch-list-testera-za-ubodnu-pilu-basic-for-wood-t-111-c-100-mm-drvo-3-kom","status":"publish","type":"product","link":"https:\/\/www.gkboje.ba\/en\/proizvod\/bosch-list-testera-za-ubodnu-pilu-basic-for-wood-t-111-c-100-mm-drvo-3-kom\/","title":{"rendered":"BOSCH List &#8211; testera za ubodnu pilu Basic for Wood T 111 C &#8211; 100 mm (Drvo) (3 kom)"},"content":{"rendered":"<p><strong>T 111 C Basic for Wood list ubodne pile<\/strong> idealan je za brze i jednostavne rezove u mekom drvu i drvenim plo\u010dama. Glodani i kri\u017eani zubi omogu\u0107uju efikasno rezanje bez posebnih zahtjeva za precizno\u0161\u0107u, \u0161to ovaj list \u010dini odli\u010dnim izborom za osnovne zadatke u obradi drva.<\/p>\n<p>Izra\u0111en od visoko uglji\u010dnog \u010delika (HCS), pogodan je za rezanje mekog drva, \u0161perplo\u010de, iverice i drugih neabrazivnih materijala. T-prihvat osigurava \u0161iroku kompatibilnost s ve\u0107inom ubodnih pila na tr\u017ei\u0161tu.<\/p>\n<h5><strong>Klju\u010dne karakteristike:<\/strong><\/h5>\n<ul>\n<li>Glodani, kri\u017eani zubi za brze i jednostavne rezove<\/li>\n<li>Srednji korak zubaca (3.0 mm) za rezanje materijala debljine 4\u201350 mm<\/li>\n<li>HCS \u010delik za pouzdane performanse u mekom drvu i plo\u010dastim materijalima<\/li>\n<li>Standardna duljina od 100 mm<\/li>\n<li>Kompatibilan s ubodnim pilama s T-prihvatom<\/li>\n<\/ul>\n<h5><strong>Tehni\u010dke specifikacije:<\/strong><\/h5>\n<ul>\n<li><strong>Tip:<\/strong> T 111 C<\/li>\n<li><strong>Materijal:<\/strong> HCS (visoko uglji\u010dni \u010delik)<\/li>\n<li><strong>Izvedba zubaca:<\/strong> kri\u017eana, glodana<\/li>\n<li><strong>Duljina lista:<\/strong> 100 mm<\/li>\n<li><strong>Korak zubaca:<\/strong> 3.0 mm<\/li>\n<li><strong>Prihvat:<\/strong> T-prihvat<\/li>\n<\/ul>\n<h5><strong>Pogodno za:<\/strong><\/h5>\n<ul>\n<li>Mekano drvo (4\u201350 mm)<\/li>\n<li>\u0160perplo\u010da, iverica, vlaknatice i stolarske plo\u010de<\/li>\n<li>Brzi rezovi bez potrebe za iznimno \u010distim zavr\u0161etkom<\/li>\n<\/ul>\n<h5><strong>Dodatne informacije:<\/strong><\/h5>\n<p><span style=\"text-decoration: underline\"><a href=\"https:\/\/www.bosch-professional.com\/hr\/hr\/t-111-c-basic-for-wood-listovi-ubodne-pile-2867252-ocs-ac\/\">Sve dodatne informacije su dostupne na Bosch web stranici, klikom na ovaj tekst.<\/a><\/span><\/p>\n<p><em>Bosch \u0161ifra artikla: 2 608 630 808<\/em><\/p>\n<p><em>EAN: 3165140007139<\/em><\/p>\n<p><em>SKU: 731054<\/em><\/p>\n","protected":false},"excerpt":{"rendered":"<p>Jedinica mjere: Paket. Broj komada u paketu: 3<\/p>\n","protected":false},"featured_media":34784,"comment_status":"open","ping_status":"closed","template":"","meta":[],"product_brand":[],"product_cat":[742],"product_tag":[1349],"class_list":{"0":"post-34781","1":"product","2":"type-product","3":"status-publish","4":"has-post-thumbnail","6":"product_cat-testere-za-ubodne-pile","7":"product_tag-bosch-profesionalni-pribor","9":"first","10":"instock","11":"shipping-taxable","12":"purchasable","13":"product-type-simple"},"wooqr_code":"","_links":{"self":[{"href":"https:\/\/www.gkboje.ba\/en\/wp-json\/wp\/v2\/product\/34781","targetHints":{"allow":["GET"]}}],"collection":[{"href":"https:\/\/www.gkboje.ba\/en\/wp-json\/wp\/v2\/product"}],"about":[{"href":"https:\/\/www.gkboje.ba\/en\/wp-json\/wp\/v2\/types\/product"}],"replies":[{"embeddable":true,"href":"https:\/\/www.gkboje.ba\/en\/wp-json\/wp\/v2\/comments?post=34781"}],"version-history":[{"count":2,"href":"https:\/\/www.gkboje.ba\/en\/wp-json\/wp\/v2\/product\/34781\/revisions"}],"predecessor-version":[{"id":34792,"href":"https:\/\/www.gkboje.ba\/en\/wp-json\/wp\/v2\/product\/34781\/revisions\/34792"}],"wp:featuredmedia":[{"embeddable":true,"href":"https:\/\/www.gkboje.ba\/en\/wp-json\/wp\/v2\/media\/34784"}],"wp:attachment":[{"href":"https:\/\/www.gkboje.ba\/en\/wp-json\/wp\/v2\/media?parent=34781"}],"wp:term":[{"taxonomy":"product_brand","embeddable":true,"href":"https:\/\/www.gkboje.ba\/en\/wp-json\/wp\/v2\/product_brand?post=34781"},{"taxonomy":"product_cat","embeddable":true,"href":"https:\/\/www.gkboje.ba\/en\/wp-json\/wp\/v2\/product_cat?post=34781"},{"taxonomy":"product_tag","embeddable":true,"href":"https:\/\/www.gkboje.ba\/en\/wp-json\/wp\/v2\/product_tag?post=34781"}],"curies":[{"name":"wp","href":"https:\/\/api.w.org\/{rel}","templated":true}]}}