{"id":34773,"date":"2025-07-28T10:07:16","date_gmt":"2025-07-28T08:07:16","guid":{"rendered":"https:\/\/www.gkboje.ba\/?post_type=product&#038;p=34773"},"modified":"2026-01-06T07:39:04","modified_gmt":"2026-01-06T06:39:04","slug":"bosch-list-testera-za-ubodnu-pilu-clean-for-wood-t-101-br-100-mm-drvo-3-kom","status":"publish","type":"product","link":"https:\/\/www.gkboje.ba\/en\/proizvod\/bosch-list-testera-za-ubodnu-pilu-clean-for-wood-t-101-br-100-mm-drvo-3-kom\/","title":{"rendered":"BOSCH List &#8211; testera za ubodnu pilu Clean for Wood T 101 BR &#8211; 100 mm (Drvo) (3 kom)"},"content":{"rendered":"<p><strong>T 101 BR Clean for Wood list ubodne pile<\/strong> idealan je za \u010disto i precizno rezanje mekog drva i neabrazivnih drvnih materijala. Obrnuta geometrija zuba omogu\u0107ava rezanje od donje prema gornjoj povr\u0161ini, \u0161to sprje\u010dava rascjepljivanje vidljive strane materijala \u2013 savr\u0161eno za estetski zahtjevne radove.<\/p>\n<p>Izra\u0111en od visoko uglji\u010dnog \u010delika (HCS), ovaj list je optimalan za rad s mekim drvom, ivericom, stolarskim plo\u010dama i vlaknasticama. T-prihvat osigurava kompatibilnost sa svim standardnim ubodnim pilama ve\u0107ine marki.<\/p>\n<h5><strong>Klju\u010dne karakteristike:<\/strong><\/h5>\n<ul>\n<li>Precizno bru\u0161eni zubi za \u010diste i ravne rezove<\/li>\n<li>Obrnuti raspored zuba omogu\u0107ava rezanje bez o\u0161te\u0107enja gornje povr\u0161ine<\/li>\n<li>Fini korak zuba (2.5 mm) za rezanje materijala debljine 3 do 30 mm<\/li>\n<li>Visoko uglji\u010dni \u010delik (HCS) za optimalne performanse u mekom drvu<\/li>\n<li>Kompatibilan s ubodnim pilama s T-prihvatom<\/li>\n<\/ul>\n<h5><strong>Tehni\u010dke specifikacije:<\/strong><\/h5>\n<ul>\n<li><strong>Tip:<\/strong> T 101 BR<\/li>\n<li><strong>Materijal:<\/strong> HCS (visoko uglji\u010dni \u010delik)<\/li>\n<li><strong>Izvedba zubaca:<\/strong> s bru\u0161enim le\u0111nim kutovima<\/li>\n<li><strong>Duljina lista:<\/strong> 100 mm<\/li>\n<li><strong>Korak zubaca:<\/strong> 2.5 mm<\/li>\n<li><strong>Prihvat:<\/strong> T-prihvat<\/li>\n<\/ul>\n<h5><strong>Pogodno za:<\/strong><\/h5>\n<ul>\n<li>Mekano drvo (3\u201330 mm)<\/li>\n<li>Oblo\u017eene plo\u010de i vlaknatice (3\u201330 mm)<\/li>\n<li>Iverica, stolarske plo\u010de, radovi gdje je potrebna \u010dista gornja povr\u0161ina bez rascjepa<\/li>\n<\/ul>\n<h5><strong>Dodatne informacije:<\/strong><\/h5>\n<p><span style=\"text-decoration: underline\"><a href=\"https:\/\/www.bosch-professional.com\/hr\/hr\/t-101-br-clean-for-wood-listovi-ubodne-pile-2867903-ocs-ac\/\">Sve dodatne informacije su dostupne na Bosch web stranici, klikom na ovaj tekst.<\/a><\/span><\/p>\n<p><em>Bosch \u0161ifra artikla: 2 608 633 779<\/em><\/p>\n<p><em>EAN: 3165140091374<\/em><\/p>\n<p><em>SKU: 731053<\/em><\/p>\n","protected":false},"excerpt":{"rendered":"<p>Jedinica mjere: Paket. Broj komada u paketu: 3<\/p>\n","protected":false},"featured_media":34782,"comment_status":"open","ping_status":"closed","template":"","meta":[],"product_brand":[],"product_cat":[742],"product_tag":[1349],"class_list":{"0":"post-34773","1":"product","2":"type-product","3":"status-publish","4":"has-post-thumbnail","6":"product_cat-testere-za-ubodne-pile","7":"product_tag-bosch-profesionalni-pribor","9":"first","10":"instock","11":"shipping-taxable","12":"purchasable","13":"product-type-simple"},"wooqr_code":"","_links":{"self":[{"href":"https:\/\/www.gkboje.ba\/en\/wp-json\/wp\/v2\/product\/34773","targetHints":{"allow":["GET"]}}],"collection":[{"href":"https:\/\/www.gkboje.ba\/en\/wp-json\/wp\/v2\/product"}],"about":[{"href":"https:\/\/www.gkboje.ba\/en\/wp-json\/wp\/v2\/types\/product"}],"replies":[{"embeddable":true,"href":"https:\/\/www.gkboje.ba\/en\/wp-json\/wp\/v2\/comments?post=34773"}],"version-history":[{"count":2,"href":"https:\/\/www.gkboje.ba\/en\/wp-json\/wp\/v2\/product\/34773\/revisions"}],"predecessor-version":[{"id":41112,"href":"https:\/\/www.gkboje.ba\/en\/wp-json\/wp\/v2\/product\/34773\/revisions\/41112"}],"wp:featuredmedia":[{"embeddable":true,"href":"https:\/\/www.gkboje.ba\/en\/wp-json\/wp\/v2\/media\/34782"}],"wp:attachment":[{"href":"https:\/\/www.gkboje.ba\/en\/wp-json\/wp\/v2\/media?parent=34773"}],"wp:term":[{"taxonomy":"product_brand","embeddable":true,"href":"https:\/\/www.gkboje.ba\/en\/wp-json\/wp\/v2\/product_brand?post=34773"},{"taxonomy":"product_cat","embeddable":true,"href":"https:\/\/www.gkboje.ba\/en\/wp-json\/wp\/v2\/product_cat?post=34773"},{"taxonomy":"product_tag","embeddable":true,"href":"https:\/\/www.gkboje.ba\/en\/wp-json\/wp\/v2\/product_tag?post=34773"}],"curies":[{"name":"wp","href":"https:\/\/api.w.org\/{rel}","templated":true}]}}