{"id":34752,"date":"2025-07-26T14:17:04","date_gmt":"2025-07-26T12:17:04","guid":{"rendered":"https:\/\/www.gkboje.ba\/?post_type=product&#038;p=34752"},"modified":"2026-01-06T07:39:04","modified_gmt":"2026-01-06T06:39:04","slug":"bosch-list-za-reciprocnu-pilu-lisiciji-rep-s-1122-vf-225-mm-metal-i-drvo","status":"publish","type":"product","link":"https:\/\/www.gkboje.ba\/en\/proizvod\/bosch-list-za-reciprocnu-pilu-lisiciji-rep-s-1122-vf-225-mm-metal-i-drvo\/","title":{"rendered":"BOSCH List za recipro\u010dnu pilu &#8211; lisi\u010diji rep S 1122 VF &#8211; 225 mm (Metal i drvo)"},"content":{"rendered":"<p><strong>S 1122 VF Flexible for Wood and Metal list sabljaste pile<\/strong> omogu\u0107ava glatke i precizne rezove ravno s povr\u0161inom u kombiniranim materijalima poput drva s ekserima, mekog \u010delika i aluminijskih profila. Zahvaljuju\u0107i vario-ozubljenju i standardnoj debljini od 0.9 mm, ovaj list osigurava odli\u010dnu kontrolu, fleksibilnost i smanjenje vibracija tokom rezanja.<\/p>\n<p>List je izra\u0111en od bi-metala (BIM), \u0161to ga \u010dini izdr\u017eljivim i otpornim na pucanje, posebno kod primjena u kojima se re\u017eu razli\u010diti materijali istovremeno. Kompatibilan je sa svim sabljastim pilama (lisi\u010dji rep) sa S prihvatom.<\/p>\n<h5><strong>Klju\u010dne karakteristike:<\/strong><\/h5>\n<ul>\n<li>Idealno za glatke rezove u drvu s ekserima, metalu i plastici<\/li>\n<li>Varijabilno ozubljenje (TPI 10\u201314) za smanjenje vibracija i efikasnije rezanje<\/li>\n<li>Standardna duljina (225 mm) omogu\u0107ava rezanje do 175 mm dubine<\/li>\n<li>Bi-metalna (BIM) o\u0161trica za dug vijek trajanja i otpornost<\/li>\n<li>Univerzalni S prihvat \u2013 odgovara ve\u0107ini sabljastih pila na tr\u017ei\u0161tu<\/li>\n<\/ul>\n<h5><strong>Tehni\u010dke specifikacije:<\/strong><\/h5>\n<ul>\n<li><strong>Tip:<\/strong> S 1122 VF<\/li>\n<li><strong>Duljina:<\/strong> 225 mm (9 in\u010da)<\/li>\n<li><strong>\u0160irina:<\/strong> 19 mm<\/li>\n<li><strong>Debljina:<\/strong> 0.9 mm<\/li>\n<li><strong>Materijal o\u0161trice:<\/strong> BIM (bi-metal)<\/li>\n<li><strong>Materijal tijela:<\/strong> HCS<\/li>\n<li><strong>Razmak izme\u0111u zuba:<\/strong> 1.8\u20132.6 mm<\/li>\n<li><strong>Korak zuba:<\/strong> 10\u201314 TPI<\/li>\n<li><strong>Kapacitet rezanja:<\/strong> do 175 mm<\/li>\n<\/ul>\n<h5><strong>Pogodno za:<\/strong><\/h5>\n<ul>\n<li>Drvo s ekserima i metalom (&lt;175 mm)<\/li>\n<li>Metalni limovi, aluminijski profili (3\u201310 mm)<\/li>\n<li>Plastika oja\u010dana staklenim vlaknima i epoxy materijali (&lt;175 mm)<\/li>\n<li>Glatki rezovi ravno uz povr\u0161inu \u2013 idealno za demonta\u017ee i renovacije<\/li>\n<\/ul>\n<h5><strong>Dodatne informacije:<\/strong><\/h5>\n<p><span style=\"text-decoration: underline\"><a href=\"https:\/\/www.bosch-professional.com\/hr\/hr\/listovi-sabljaste-pile-za-metal-s-1122-vf-flexible-for-wood-and-metal-2867445-ocs-ac\/\">Sve dodatne informacije su dostupne na Bosch web stranici, klikom na ovaj tekst.<\/a><\/span><\/p>\n<p><em>Bosch \u0161ifra artikla: 2 608 654 981<\/em><\/p>\n<p><em>EAN: 3165140079365<\/em><\/p>\n<p><em>SKU: 730826<\/em><\/p>\n","protected":false},"excerpt":{"rendered":"<p>S 1122 VF Flexible for Wood and Metal list sabljaste pile omogu\u0107ava glatke i precizne rezove ravno s povr\u0161inom u<\/p>\n","protected":false},"featured_media":34753,"comment_status":"open","ping_status":"closed","template":"","meta":[],"product_brand":[],"product_cat":[714],"product_tag":[1361,1349],"class_list":{"0":"post-34752","1":"product","2":"type-product","3":"status-publish","4":"has-post-thumbnail","6":"product_cat-pribor-za-alate-i-masine","7":"product_tag-bosch-pro-linija-pribora","8":"product_tag-bosch-profesionalni-pribor","10":"first","11":"instock","12":"shipping-taxable","13":"purchasable","14":"product-type-simple"},"wooqr_code":"","_links":{"self":[{"href":"https:\/\/www.gkboje.ba\/en\/wp-json\/wp\/v2\/product\/34752","targetHints":{"allow":["GET"]}}],"collection":[{"href":"https:\/\/www.gkboje.ba\/en\/wp-json\/wp\/v2\/product"}],"about":[{"href":"https:\/\/www.gkboje.ba\/en\/wp-json\/wp\/v2\/types\/product"}],"replies":[{"embeddable":true,"href":"https:\/\/www.gkboje.ba\/en\/wp-json\/wp\/v2\/comments?post=34752"}],"version-history":[{"count":2,"href":"https:\/\/www.gkboje.ba\/en\/wp-json\/wp\/v2\/product\/34752\/revisions"}],"predecessor-version":[{"id":34758,"href":"https:\/\/www.gkboje.ba\/en\/wp-json\/wp\/v2\/product\/34752\/revisions\/34758"}],"wp:featuredmedia":[{"embeddable":true,"href":"https:\/\/www.gkboje.ba\/en\/wp-json\/wp\/v2\/media\/34753"}],"wp:attachment":[{"href":"https:\/\/www.gkboje.ba\/en\/wp-json\/wp\/v2\/media?parent=34752"}],"wp:term":[{"taxonomy":"product_brand","embeddable":true,"href":"https:\/\/www.gkboje.ba\/en\/wp-json\/wp\/v2\/product_brand?post=34752"},{"taxonomy":"product_cat","embeddable":true,"href":"https:\/\/www.gkboje.ba\/en\/wp-json\/wp\/v2\/product_cat?post=34752"},{"taxonomy":"product_tag","embeddable":true,"href":"https:\/\/www.gkboje.ba\/en\/wp-json\/wp\/v2\/product_tag?post=34752"}],"curies":[{"name":"wp","href":"https:\/\/api.w.org\/{rel}","templated":true}]}}