{"id":34732,"date":"2025-07-26T14:04:44","date_gmt":"2025-07-26T12:04:44","guid":{"rendered":"https:\/\/www.gkboje.ba\/?post_type=product&#038;p=34732"},"modified":"2026-01-06T07:39:04","modified_gmt":"2026-01-06T06:39:04","slug":"bosch-list-za-reciprocnu-pilu-lisiciji-rep-s-1122-af-225-mm-metal","status":"publish","type":"product","link":"https:\/\/www.gkboje.ba\/en\/proizvod\/bosch-list-za-reciprocnu-pilu-lisiciji-rep-s-1122-af-225-mm-metal\/","title":{"rendered":"BOSCH List za recipro\u010dnu pilu &#8211; lisi\u010diji rep S 1122 AF &#8211; 225 mm (Metal)"},"content":{"rendered":"<p><strong>S 1122 AF Flexible for Metal list sabljaste pile<\/strong> idealan je za precizno i ravno rezanje metala, posebno tankih limova i finih cijevi. Zahvaljuju\u0107i standardnoj duljini od 225 mm i debljini od 0.9 mm, ovaj list omogu\u0107ava ravne rezove uz povr\u0161inu s lako\u0107om i stabilno\u0161\u0107u. Vrlo fini korak zuba od 1 mm, u kombinaciji s valovitom glodanom geometrijom, omogu\u0107uje \u010diste i glatke rezove bez kidanja materijala.<\/p>\n<p>List je izra\u0111en od bi-metala (BIM), \u0161to mu osigurava optimalnu fleksibilnost i dug vijek trajanja prilikom rezanja \u010deli\u010dnih materijala normalne \u010dvrsto\u0107e. Kompatibilan je sa svim sabljastim pilama (lisi\u010dji rep) koje koriste S prihvat, uklju\u010duju\u0107i ure\u0111aje ve\u0107ine poznatih marki.<\/p>\n<h5><strong>Klju\u010dne karakteristike:<\/strong><\/h5>\n<ul>\n<li>Optimiziran za rezanje ravno s povr\u0161inom u metalnim cijevima i limovima<\/li>\n<li>Bi-metalna izrada (BIM) za visoku izdr\u017eljivost i fleksibilnost<\/li>\n<li>Vrlo fini korak zuba (1 mm) za glatke i precizne rezove<\/li>\n<li>Valovita, glodana izvedba zubaca za bolji u\u010dinak kod rezanja tankih materijala<\/li>\n<li>Univerzalno pristajanje \u2013 odgovara svim sabljastim pilama sa S prihvatom<\/li>\n<\/ul>\n<h5><strong>Tehni\u010dke specifikacije:<\/strong><\/h5>\n<ul>\n<li><strong>Tip:<\/strong> S 1122 AF<\/li>\n<li><strong>Duljina:<\/strong> 225 mm (9 in\u010da)<\/li>\n<li><strong>\u0160irina:<\/strong> 19 mm<\/li>\n<li><strong>Debljina:<\/strong> 0.9 mm<\/li>\n<li><strong>Materijal o\u0161trice:<\/strong> BIM (bi-metal)<\/li>\n<li><strong>Materijal tijela:<\/strong> HCS<\/li>\n<li><strong>Razmak izme\u0111u zuba:<\/strong> 1.1 mm<\/li>\n<li><strong>Korak zuba:<\/strong> 24 TPI<\/li>\n<li><strong>Kapacitet rezanja:<\/strong> do 175 mm<\/li>\n<\/ul>\n<h5><strong>Pogodno za:<\/strong><\/h5>\n<ul>\n<li>Rezanje tankih limova (0.7\u20133 mm)<\/li>\n<li>Rezanje finih zatvorenih i otvorenih profila i cijevi (\u00d8 &lt;175 mm)<\/li>\n<li>Primjene gdje je potreban gipki rez u ravnini povr\u0161ine<\/li>\n<\/ul>\n<h5><strong>Dodatne informacije:<\/strong><\/h5>\n<p><span style=\"text-decoration: underline\"><a href=\"https:\/\/www.bosch-professional.com\/hr\/hr\/listovi-kruzne-pile-za-celik-expert-for-steel-za-preklopne-pile-2867439-ocs-ac\/\">Sve dodatne informacije su dostupne na Bosch web stranici, klikom na ovaj tekst.<\/a><\/span><\/p>\n<p><em>Bosch \u0161ifra artikla: 2 608 656 018<\/em><\/p>\n<p><em>EAN: 3165140093545<\/em><\/p>\n<p><em>SKU: 730827<\/em><\/p>\n","protected":false},"excerpt":{"rendered":"<p>S 1122 AF Flexible for Metal list sabljaste pile idealan je za precizno i ravno rezanje metala, posebno tankih limova<\/p>\n","protected":false},"featured_media":34740,"comment_status":"open","ping_status":"closed","template":"","meta":[],"product_brand":[],"product_cat":[714],"product_tag":[1361,1349],"class_list":{"0":"post-34732","1":"product","2":"type-product","3":"status-publish","4":"has-post-thumbnail","6":"product_cat-pribor-za-alate-i-masine","7":"product_tag-bosch-pro-linija-pribora","8":"product_tag-bosch-profesionalni-pribor","10":"first","11":"instock","12":"shipping-taxable","13":"purchasable","14":"product-type-simple"},"wooqr_code":"","_links":{"self":[{"href":"https:\/\/www.gkboje.ba\/en\/wp-json\/wp\/v2\/product\/34732","targetHints":{"allow":["GET"]}}],"collection":[{"href":"https:\/\/www.gkboje.ba\/en\/wp-json\/wp\/v2\/product"}],"about":[{"href":"https:\/\/www.gkboje.ba\/en\/wp-json\/wp\/v2\/types\/product"}],"replies":[{"embeddable":true,"href":"https:\/\/www.gkboje.ba\/en\/wp-json\/wp\/v2\/comments?post=34732"}],"version-history":[{"count":1,"href":"https:\/\/www.gkboje.ba\/en\/wp-json\/wp\/v2\/product\/34732\/revisions"}],"predecessor-version":[{"id":34751,"href":"https:\/\/www.gkboje.ba\/en\/wp-json\/wp\/v2\/product\/34732\/revisions\/34751"}],"wp:featuredmedia":[{"embeddable":true,"href":"https:\/\/www.gkboje.ba\/en\/wp-json\/wp\/v2\/media\/34740"}],"wp:attachment":[{"href":"https:\/\/www.gkboje.ba\/en\/wp-json\/wp\/v2\/media?parent=34732"}],"wp:term":[{"taxonomy":"product_brand","embeddable":true,"href":"https:\/\/www.gkboje.ba\/en\/wp-json\/wp\/v2\/product_brand?post=34732"},{"taxonomy":"product_cat","embeddable":true,"href":"https:\/\/www.gkboje.ba\/en\/wp-json\/wp\/v2\/product_cat?post=34732"},{"taxonomy":"product_tag","embeddable":true,"href":"https:\/\/www.gkboje.ba\/en\/wp-json\/wp\/v2\/product_tag?post=34732"}],"curies":[{"name":"wp","href":"https:\/\/api.w.org\/{rel}","templated":true}]}}