{"id":34720,"date":"2025-07-26T13:53:24","date_gmt":"2025-07-26T11:53:24","guid":{"rendered":"https:\/\/www.gkboje.ba\/?post_type=product&#038;p=34720"},"modified":"2026-01-06T07:39:04","modified_gmt":"2026-01-06T06:39:04","slug":"bosch-list-kruzne-pile-za-metal-expert-for-steel-355-x-25-4-x-2-6-mm","status":"publish","type":"product","link":"https:\/\/www.gkboje.ba\/en\/proizvod\/bosch-list-kruzne-pile-za-metal-expert-for-steel-355-x-25-4-x-2-6-mm\/","title":{"rendered":"BOSCH List kru\u017ene pile za metal &#8211; Expert for Steel &#8211; 355 x 25.4 x 2.6 mm"},"content":{"rendered":"<p><strong>Expert for Steel list kru\u017ene pile<\/strong> razvijen je za maksimalnu izdr\u017eljivost pri rezanju \u010delika. Zahvaljuju\u0107i zubima izra\u0111enim od Bosch-ovog izuzetno izdr\u017eljivog MicroteQ karbida, ovaj list pru\u017ea visoku preciznost i dug radni vijek, \u010dak i kod najzahtjevnijih primjena. Sloj ProteQtion dodatno smanjuje trenje, \u0161titi od korozije i pove\u0107ava ukupnu efikasnost rada.<\/p>\n<p>Posebna konfiguracija vi\u0161enamjenskih trapeznih zuba (MTCG) i antivibracijski utori omogu\u0107uju glatke rezove uz znatno ni\u017eu razinu buke i vibracija. Kompatibilan je s preklopnim pilama za suho piljenje i funkcioni\u0161e s ili bez redukcijskih prstenova za razli\u010dite veli\u010dine prihvata.<\/p>\n<h5><strong>Klju\u010dne karakteristike:<\/strong><\/h5>\n<ul>\n<li>Izuzetna otpornost na udarce pri rezanju \u010delika<\/li>\n<li>MicroteQ zubi za maksimalnu izdr\u017eljivost i visoke performanse<\/li>\n<li>ProteQtion sloj za smanjenje trenja i za\u0161titu od korozije<\/li>\n<li>MTCG konfiguracija zuba za dug vijek trajanja<\/li>\n<li>Antivibracijski utori za ti\u0161i i stabilniji rad<\/li>\n<\/ul>\n<h5><strong>Tehni\u010dke specifikacije:<\/strong><\/h5>\n<ul>\n<li><strong>Promjer diska:<\/strong> 355 mm<\/li>\n<li><strong>Prihvat:<\/strong> 25.4 mm<\/li>\n<li><strong>Debljina reza:<\/strong> 2.6 mm<\/li>\n<li><strong>Broj zuba:<\/strong> 90<\/li>\n<li><strong>Kompatibilnost:<\/strong> Za uko\u0161ene suhe reza\u010de s kablom (preklopne pile)<\/li>\n<\/ul>\n<h5><strong>Pogodno za:<\/strong><\/h5>\n<ul>\n<li>Rezanje \u010delika i metala u profesionalnim radionicama<\/li>\n<li>Primjene gdje su potrebni precizni i \u010disti rezovi bez pregrijavanja materijala<\/li>\n<li>Koriste se u monta\u017enim radovima, bravarskim radnjama i metalskoj industriji<\/li>\n<\/ul>\n<h5><strong>Dodatne informacije:<\/strong><\/h5>\n<p><span style=\"text-decoration: underline\"><a href=\"https:\/\/www.bosch-professional.com\/hr\/hr\/listovi-kruzne-pile-za-celik-expert-for-steel-za-preklopne-pile-2867439-ocs-ac\/\">Sve dodatne informacije su dostupne na Bosch web stranici, klikom na ovaj tekst.<\/a><\/span><\/p>\n<p><em>Bosch \u0161ifra artikla: 2 608 643 063<\/em><\/p>\n<p><em>EAN: 3165140737760<\/em><\/p>\n<p><em>SKU: 731134<\/em><\/p>\n","protected":false},"excerpt":{"rendered":"<p>Expert for Steel list kru\u017ene pile razvijen je za maksimalnu izdr\u017eljivost pri rezanju \u010delika. Zahvaljuju\u0107i zubima izra\u0111enim od Bosch-ovog izuzetno<\/p>\n","protected":false},"featured_media":34725,"comment_status":"open","ping_status":"closed","template":"","meta":[],"product_brand":[],"product_cat":[714],"product_tag":[1361,1349],"class_list":{"0":"post-34720","1":"product","2":"type-product","3":"status-publish","4":"has-post-thumbnail","6":"product_cat-pribor-za-alate-i-masine","7":"product_tag-bosch-pro-linija-pribora","8":"product_tag-bosch-profesionalni-pribor","10":"first","11":"instock","12":"sale","13":"shipping-taxable","14":"purchasable","15":"product-type-simple"},"wooqr_code":"","_links":{"self":[{"href":"https:\/\/www.gkboje.ba\/en\/wp-json\/wp\/v2\/product\/34720","targetHints":{"allow":["GET"]}}],"collection":[{"href":"https:\/\/www.gkboje.ba\/en\/wp-json\/wp\/v2\/product"}],"about":[{"href":"https:\/\/www.gkboje.ba\/en\/wp-json\/wp\/v2\/types\/product"}],"replies":[{"embeddable":true,"href":"https:\/\/www.gkboje.ba\/en\/wp-json\/wp\/v2\/comments?post=34720"}],"version-history":[{"count":2,"href":"https:\/\/www.gkboje.ba\/en\/wp-json\/wp\/v2\/product\/34720\/revisions"}],"predecessor-version":[{"id":34733,"href":"https:\/\/www.gkboje.ba\/en\/wp-json\/wp\/v2\/product\/34720\/revisions\/34733"}],"wp:featuredmedia":[{"embeddable":true,"href":"https:\/\/www.gkboje.ba\/en\/wp-json\/wp\/v2\/media\/34725"}],"wp:attachment":[{"href":"https:\/\/www.gkboje.ba\/en\/wp-json\/wp\/v2\/media?parent=34720"}],"wp:term":[{"taxonomy":"product_brand","embeddable":true,"href":"https:\/\/www.gkboje.ba\/en\/wp-json\/wp\/v2\/product_brand?post=34720"},{"taxonomy":"product_cat","embeddable":true,"href":"https:\/\/www.gkboje.ba\/en\/wp-json\/wp\/v2\/product_cat?post=34720"},{"taxonomy":"product_tag","embeddable":true,"href":"https:\/\/www.gkboje.ba\/en\/wp-json\/wp\/v2\/product_tag?post=34720"}],"curies":[{"name":"wp","href":"https:\/\/api.w.org\/{rel}","templated":true}]}}