{"id":34701,"date":"2025-07-26T11:36:14","date_gmt":"2025-07-26T09:36:14","guid":{"rendered":"https:\/\/www.gkboje.ba\/?post_type=product&#038;p=34701"},"modified":"2026-01-06T07:39:04","modified_gmt":"2026-01-06T06:39:04","slug":"bosch-transportni-kofer-za-alat-l-boxx-136","status":"publish","type":"product","link":"https:\/\/www.gkboje.ba\/en\/proizvod\/bosch-transportni-kofer-za-alat-l-boxx-136\/","title":{"rendered":"BOSCH Transportni kofer za alat L-BOXX 136"},"content":{"rendered":"<p><strong>L-BOXX 136 Professional<\/strong> je robustan i prakti\u010dan kov\u010deg za skladi\u0161tenje i transport alata, savr\u0161en za profesionalce koji koriste Bosch Mobility System. Zahvaljuju\u0107i pobolj\u0161anom mehanizmu na klik, kutije se mogu brzo i lako slagati i otvarati bez odvajanja. Kompatibilnost sa svim vrstama L-BOXX varijanti, ulo\u0161cima za alat i Sortimo vozilima omogu\u0107uje potpunu fleksibilnost na terenu i u radionici.<\/p>\n<p>Dizajniran je od izdr\u017eljivog ABS materijala s \u010dvrstim kop\u010dama, a dodatna prednja ru\u010dka omogu\u0107ava jednostavno no\u0161enje blizu tijela. Ova kutija nudi iznimnu nosivost i dobitnik je vi\u0161e me\u0111unarodnih nagrada za dizajn.<\/p>\n<h5><strong>Klju\u010dne karakteristike:<\/strong><\/h5>\n<ul>\n<li>Pobolj\u0161ani mehanizam na klik za lako otvaranje pri\u010dvr\u0161\u0107enih kutija<\/li>\n<li>Kompatibilna sa Sortimo sistemom u vozilima, L-BOXX ulo\u0161cima i dodacima<\/li>\n<li>Robusna izrada s \u010dvrstim kop\u010dama i dodatnom ru\u010dkom za prakti\u010dno no\u0161enje<\/li>\n<li>Idealna za skladi\u0161tenje i transport svih vrsta elektri\u010dnih alata<\/li>\n<\/ul>\n<h5><strong>Tehni\u010dke specifikacije:<\/strong><\/h5>\n<ul>\n<li><strong>Vanjske dimenzije:<\/strong> 360 x 444 x 151 mm<\/li>\n<li><strong>Unutarnje dimenzije:<\/strong> 302 x 386 x 114 mm<\/li>\n<li><strong>Maksimalna opteretivost:<\/strong> 100 kg<\/li>\n<li><strong>Nosivost kutije:<\/strong> 25 kg<\/li>\n<li><strong>Vla\u010dna \u010dvrsto\u0107a:<\/strong> 50 kg<\/li>\n<li><strong>Materijal:<\/strong> ABS plastika<\/li>\n<li><strong>Te\u017eina:<\/strong> 1.9 kg<\/li>\n<\/ul>\n<h5><strong>Pogodno za:<\/strong><\/h5>\n<ul>\n<li>Transport i organizaciju elektri\u010dnih alata<\/li>\n<li>Radionice, servisne ekipe i gradili\u0161ta<\/li>\n<li>Kombinaciju s L-BOXX Roller i Caddy kolicima<\/li>\n<\/ul>\n<h5><strong>Dodatne informacije:<\/strong><\/h5>\n<p><span style=\"text-decoration: underline\"><a href=\"https:\/\/www.bosch-professional.com\/hr\/hr\/products\/l-boxx-136-1600A012G0\">Sve dodatne informacije su dostupne na Bosch web stranici, klikom na ovaj tekst.<\/a><\/span><\/p>\n<p><em>Bosch \u0161ifra artikla: 1 600 A01 2G0<\/em><\/p>\n<p><em>EAN: 3165140917421<\/em><\/p>\n<p><em>SKU: 731294<\/em><\/p>\n","protected":false},"excerpt":{"rendered":"<p>L-BOXX 136 Professional je robustan i prakti\u010dan kov\u010deg za skladi\u0161tenje i transport alata, savr\u0161en za profesionalce koji koriste Bosch Mobility<\/p>\n","protected":false},"featured_media":34703,"comment_status":"open","ping_status":"closed","template":"","meta":[],"product_brand":[],"product_cat":[828],"product_tag":[],"class_list":{"0":"post-34701","1":"product","2":"type-product","3":"status-publish","4":"has-post-thumbnail","6":"product_cat-kutije-i-torbe-za-alat","8":"first","9":"instock","10":"shipping-taxable","11":"purchasable","12":"product-type-simple"},"wooqr_code":"","_links":{"self":[{"href":"https:\/\/www.gkboje.ba\/en\/wp-json\/wp\/v2\/product\/34701","targetHints":{"allow":["GET"]}}],"collection":[{"href":"https:\/\/www.gkboje.ba\/en\/wp-json\/wp\/v2\/product"}],"about":[{"href":"https:\/\/www.gkboje.ba\/en\/wp-json\/wp\/v2\/types\/product"}],"replies":[{"embeddable":true,"href":"https:\/\/www.gkboje.ba\/en\/wp-json\/wp\/v2\/comments?post=34701"}],"version-history":[{"count":3,"href":"https:\/\/www.gkboje.ba\/en\/wp-json\/wp\/v2\/product\/34701\/revisions"}],"predecessor-version":[{"id":34715,"href":"https:\/\/www.gkboje.ba\/en\/wp-json\/wp\/v2\/product\/34701\/revisions\/34715"}],"wp:featuredmedia":[{"embeddable":true,"href":"https:\/\/www.gkboje.ba\/en\/wp-json\/wp\/v2\/media\/34703"}],"wp:attachment":[{"href":"https:\/\/www.gkboje.ba\/en\/wp-json\/wp\/v2\/media?parent=34701"}],"wp:term":[{"taxonomy":"product_brand","embeddable":true,"href":"https:\/\/www.gkboje.ba\/en\/wp-json\/wp\/v2\/product_brand?post=34701"},{"taxonomy":"product_cat","embeddable":true,"href":"https:\/\/www.gkboje.ba\/en\/wp-json\/wp\/v2\/product_cat?post=34701"},{"taxonomy":"product_tag","embeddable":true,"href":"https:\/\/www.gkboje.ba\/en\/wp-json\/wp\/v2\/product_tag?post=34701"}],"curies":[{"name":"wp","href":"https:\/\/api.w.org\/{rel}","templated":true}]}}