{"id":34679,"date":"2025-07-26T11:12:40","date_gmt":"2025-07-26T09:12:40","guid":{"rendered":"https:\/\/www.gkboje.ba\/?post_type=product&#038;p=34679"},"modified":"2026-01-06T07:39:15","modified_gmt":"2026-01-06T06:39:15","slug":"bosch-lamelirani-flap-brusni-disk-ploca-za-metal-x471-125-mm-40-120-gr","status":"publish","type":"product","link":"https:\/\/www.gkboje.ba\/en\/proizvod\/bosch-lamelirani-flap-brusni-disk-ploca-za-metal-x471-125-mm-40-120-gr\/","title":{"rendered":"BOSCH Lamelirani &#8211; flap brusni disk &#8211; plo\u010da za metal X431 &#8211; 125 mm (40 &#8211; 120 GR)"},"content":{"rendered":"<p><strong>X431 Standard for Metal<\/strong> lamelirani brusni disk u kutnoj verziji idealan je za u\u010dinkovito bru\u0161enje metala uz postizanje dosljedne zavr\u0161ne obrade. Zahvaljuju\u0107i poludrobivom granulatu od aluminij oksida i vezivu od potpuno sinteti\u010dke smole, osigurava dug vijek trajanja i stabilne performanse \u010dak i pri zahtjevnoj upotrebi.<\/p>\n<p>Disk je izra\u0111en na \u010dvrstoj x-tkanini koja pru\u017ea stabilnost tokom rada, dok je potporna plo\u010da dostupna u kutnoj varijanti od fiberglasa ili plastike. Kompatibilan je s kutnim brusilicama sa standardnom steznom maticom.<\/p>\n<h5><strong>Klju\u010dne karakteristike:<\/strong><\/h5>\n<ul>\n<li>Poludrobiv granulat od aluminij oksida za dugotrajne i ujedna\u010dene rezultate<\/li>\n<li>X-tkanina kao potporni materijal za stabilnost pri bru\u0161enju<\/li>\n<li>Sinteti\u010dka smola za vezivo \u2013 otpornost na tro\u0161enje u zahtjevnim uslovima<\/li>\n<li>Dobra zavr\u0161na obrada i kontrolisano uklanjanje materijala<\/li>\n<\/ul>\n<h5><strong>Tehni\u010dke specifikacije:<\/strong><\/h5>\n<ul>\n<li><strong>Tip:<\/strong> Lamelirani brusni disk \u2013 kutna verzija<\/li>\n<li><strong>Promjer diska:<\/strong> 125 mm<\/li>\n<li><strong>Prihvat:<\/strong> 22.23 mm (za standardnu steznu maticu)<\/li>\n<li><strong>Granulacije:<\/strong> 40, 60, 80 i 120<\/li>\n<li><strong>Materijal potpore:<\/strong> Fiberglas ili plastika<\/li>\n<\/ul>\n<h5><strong>Pogodno za:<\/strong><\/h5>\n<ul>\n<li>Bru\u0161enje metala i metalnih konstrukcija<\/li>\n<li>Radove gdje je potrebna dobra zavr\u0161na obrada<\/li>\n<li>Primjenu u industriji, radionicama i gra\u0111evinarstvu<\/li>\n<\/ul>\n<h5><strong>Dodatne informacije:<\/strong><\/h5>\n<p><span style=\"text-decoration: underline\"><a href=\"https:\/\/www.bosch-professional.com\/hr\/hr\/lamelirani-brusni-diskovi-x431-standard-for-metal-kutna-verzija-2867900-ocs-ac\/\">Sve dodatne informacije su dostupne na Bosch web stranici, klikom na ovaj tekst.<\/a><\/span><\/p>\n","protected":false},"excerpt":{"rendered":"<p>X431 Standard for Metal lamelirani brusni disk u kutnoj verziji idealan je za u\u010dinkovito bru\u0161enje metala uz postizanje dosljedne zavr\u0161ne<\/p>\n","protected":false},"featured_media":34691,"comment_status":"open","ping_status":"closed","template":"","meta":[],"product_brand":[],"product_cat":[736],"product_tag":[1361,1349],"class_list":{"0":"post-34679","1":"product","2":"type-product","3":"status-publish","4":"has-post-thumbnail","6":"product_cat-lamelni-flap-diskovi","7":"product_tag-bosch-pro-linija-pribora","8":"product_tag-bosch-profesionalni-pribor","10":"first","11":"instock","12":"shipping-taxable","13":"purchasable","14":"product-type-variable","15":"has-default-attributes"},"wooqr_code":"","_links":{"self":[{"href":"https:\/\/www.gkboje.ba\/en\/wp-json\/wp\/v2\/product\/34679","targetHints":{"allow":["GET"]}}],"collection":[{"href":"https:\/\/www.gkboje.ba\/en\/wp-json\/wp\/v2\/product"}],"about":[{"href":"https:\/\/www.gkboje.ba\/en\/wp-json\/wp\/v2\/types\/product"}],"replies":[{"embeddable":true,"href":"https:\/\/www.gkboje.ba\/en\/wp-json\/wp\/v2\/comments?post=34679"}],"version-history":[{"count":3,"href":"https:\/\/www.gkboje.ba\/en\/wp-json\/wp\/v2\/product\/34679\/revisions"}],"predecessor-version":[{"id":37515,"href":"https:\/\/www.gkboje.ba\/en\/wp-json\/wp\/v2\/product\/34679\/revisions\/37515"}],"wp:featuredmedia":[{"embeddable":true,"href":"https:\/\/www.gkboje.ba\/en\/wp-json\/wp\/v2\/media\/34691"}],"wp:attachment":[{"href":"https:\/\/www.gkboje.ba\/en\/wp-json\/wp\/v2\/media?parent=34679"}],"wp:term":[{"taxonomy":"product_brand","embeddable":true,"href":"https:\/\/www.gkboje.ba\/en\/wp-json\/wp\/v2\/product_brand?post=34679"},{"taxonomy":"product_cat","embeddable":true,"href":"https:\/\/www.gkboje.ba\/en\/wp-json\/wp\/v2\/product_cat?post=34679"},{"taxonomy":"product_tag","embeddable":true,"href":"https:\/\/www.gkboje.ba\/en\/wp-json\/wp\/v2\/product_tag?post=34679"}],"curies":[{"name":"wp","href":"https:\/\/api.w.org\/{rel}","templated":true}]}}