{"id":34639,"date":"2025-07-26T08:36:36","date_gmt":"2025-07-26T06:36:36","guid":{"rendered":"https:\/\/www.gkboje.ba\/?post_type=product&#038;p=34639"},"modified":"2026-01-06T07:39:03","modified_gmt":"2026-01-06T06:39:03","slug":"bosch-tronozac-gradjevinski-stativ-za-lasere-i-nivelire-bt-160-professional","status":"publish","type":"product","link":"https:\/\/www.gkboje.ba\/en\/proizvod\/bosch-tronozac-gradjevinski-stativ-za-lasere-i-nivelire-bt-160-professional\/","title":{"rendered":"BOSCH Trono\u017eac &#8211; gra\u0111evinski stativ za lasere i nivelire BT 160 Professional"},"content":{"rendered":"<p><strong>Bosch Professional BT 160<\/strong> tripod dizajniran je za precizno i sigurno postavljanje lasera i nivelira. Izra\u0111en od robusnog aluminija, osigurava dugotrajnost i stabilnost \u010dak i na neravnim povr\u0161inama. Zahvaljuju\u0107i fleksibilnom pode\u0161avanju visine od 97 cm do 160 cm, omogu\u0107ava jednostavnu prilagodbu za razli\u010dite zadatke.<\/p>\n<h5>Klju\u010dne karakteristike:<\/h5>\n<ul>\n<li><strong>Visoka stabilnost:<\/strong> Sigurno postavljanje na svim povr\u0161inama zahvaljuju\u0107i robusnom aluminijskom dizajnu.<\/li>\n<li><strong>Fleksibilna visina:<\/strong> Podesiva visina od 97 cm do 160 cm za razli\u010dite primjene.<\/li>\n<li><strong>Kru\u017ena libela:<\/strong> Osigurava preciznost pri niveliranju.<\/li>\n<li><strong>Kompatibilnost:<\/strong> Pogodan za lasere i nivelire s 5\/8&#8243; navojem.<\/li>\n<li><strong>Jednostavna upotreba:<\/strong> Lagan i prakti\u010dan za no\u0161enje i postavljanje.<\/li>\n<\/ul>\n<h5>Tehni\u010dke specifikacije:<\/h5>\n<ul>\n<li><strong>Proizvo\u0111a\u010d:<\/strong> Bosch<\/li>\n<li><strong>Model:<\/strong> BT 160<\/li>\n<li><strong>Du\u017eina pode\u0161avanja visine:<\/strong> 97 \u2013 160 cm<\/li>\n<li><strong>Materijal:<\/strong> Aluminij<\/li>\n<li><strong>Kompatibilni alati:<\/strong> Laseri i niveliri sa 5\/8&#8243; navojem<\/li>\n<li><strong>Te\u017eina:<\/strong> 4.1 kg<\/li>\n<\/ul>\n<h5><strong>Dodatne informacije:<\/strong><\/h5>\n<p><span style=\"text-decoration: underline\"><a href=\"https:\/\/www.bosch-professional.com\/mz\/en\/products\/bt-160-0601091200\">Sve dodatne informacije su dostupne na Bosch web stranici, klikom na ovaj tekst.<\/a><\/span><\/p>\n<p><em>Bosch \u0161ifra artikla: 0 601 091 200<\/em><\/p>\n<p><em>EAN: 3165140558457<\/em><\/p>\n<p><em>SKU: 733140<\/em><\/p>\n","protected":false},"excerpt":{"rendered":"<p>Bosch Professional BT 160 tripod dizajniran je za precizno i sigurno postavljanje lasera i nivelira. Izra\u0111en od robusnog aluminija, osigurava<\/p>\n","protected":false},"featured_media":34640,"comment_status":"open","ping_status":"closed","template":"","meta":[],"product_brand":[],"product_cat":[889,865],"product_tag":[],"class_list":{"0":"post-34639","1":"product","2":"type-product","3":"status-publish","4":"has-post-thumbnail","6":"product_cat-laserski-metrovi","7":"product_cat-laserski-niveliri","9":"first","10":"instock","11":"shipping-taxable","12":"purchasable","13":"product-type-simple"},"wooqr_code":"","_links":{"self":[{"href":"https:\/\/www.gkboje.ba\/en\/wp-json\/wp\/v2\/product\/34639","targetHints":{"allow":["GET"]}}],"collection":[{"href":"https:\/\/www.gkboje.ba\/en\/wp-json\/wp\/v2\/product"}],"about":[{"href":"https:\/\/www.gkboje.ba\/en\/wp-json\/wp\/v2\/types\/product"}],"replies":[{"embeddable":true,"href":"https:\/\/www.gkboje.ba\/en\/wp-json\/wp\/v2\/comments?post=34639"}],"version-history":[{"count":2,"href":"https:\/\/www.gkboje.ba\/en\/wp-json\/wp\/v2\/product\/34639\/revisions"}],"predecessor-version":[{"id":36553,"href":"https:\/\/www.gkboje.ba\/en\/wp-json\/wp\/v2\/product\/34639\/revisions\/36553"}],"wp:featuredmedia":[{"embeddable":true,"href":"https:\/\/www.gkboje.ba\/en\/wp-json\/wp\/v2\/media\/34640"}],"wp:attachment":[{"href":"https:\/\/www.gkboje.ba\/en\/wp-json\/wp\/v2\/media?parent=34639"}],"wp:term":[{"taxonomy":"product_brand","embeddable":true,"href":"https:\/\/www.gkboje.ba\/en\/wp-json\/wp\/v2\/product_brand?post=34639"},{"taxonomy":"product_cat","embeddable":true,"href":"https:\/\/www.gkboje.ba\/en\/wp-json\/wp\/v2\/product_cat?post=34639"},{"taxonomy":"product_tag","embeddable":true,"href":"https:\/\/www.gkboje.ba\/en\/wp-json\/wp\/v2\/product_tag?post=34639"}],"curies":[{"name":"wp","href":"https:\/\/api.w.org\/{rel}","templated":true}]}}