{"id":34347,"date":"2025-07-22T13:54:16","date_gmt":"2025-07-22T11:54:16","guid":{"rendered":"https:\/\/www.gkboje.ba\/?post_type=product&#038;p=34347"},"modified":"2026-01-06T07:39:08","modified_gmt":"2026-01-06T06:39:08","slug":"bosch-brusni-keramicki-cicak-folija-o780-150-mm-60-320-gr","status":"publish","type":"product","link":"https:\/\/www.gkboje.ba\/en\/proizvod\/bosch-brusni-keramicki-cicak-folija-o780-150-mm-60-320-gr\/","title":{"rendered":"BOSCH Brusni kerami\u010dki \u010di\u010dak &#8211; folija O780 &#8211; 150 mm (60 &#8211; 320 GR)"},"content":{"rendered":"<p><strong>Bosch EXPERT O780 <\/strong>je izuzetno izdr\u017eljiva brusna plo\u010da za oscilatorne ekscentarske brusilice, posebno dizajnirana za dugotrajan rad na razli\u010ditim materijalima. Zahvaljuju\u0107i Bosch <em>Ceramic Technology<\/em>, ova brusna plo\u010da koristi samoo\u0161tre\u0107i kerami\u010dki granulat koji osigurava visoku u\u010dinkovitost uklanjanja materijala i eliminaciju brazdi &#8211; idealna je za mokro i suho bru\u0161enje.<\/p>\n<p>EXPERT O780 plo\u010da dolazi s fleksibilnom i izdr\u017eljivom podlogom od folije koja osigurava dug \u017eivotni vijek i dosljedne rezultate. Njena univerzalna OneFit perforacija kompatibilna je sa svim standardnim brusnim tanjurima promjera 150 mm, dok se zahvaljuju\u0107i \u010di\u010dak pri\u010dvr\u0161\u0107ivanju lako i brzo mijenja.<\/p>\n<h5><strong>Klju\u010dne karakteristike:<\/strong><\/h5>\n<ul>\n<li><strong>Ceramic Technology:<\/strong> Samoo\u0161tre\u0107i kerami\u010dki abraziv za maksimalnu u\u010dinkovitost i dugotrajnost.<\/li>\n<li><strong>Podloga od folije:<\/strong> Otporna na trganje, pru\u017ea glatku zavr\u0161nu obradu i ravnomjerno bru\u0161enje.<\/li>\n<li><strong>Univerzalna OneFit perforacija:<\/strong> Odgovara svim standardnim brusnim tanjurima.<\/li>\n<li><strong>Jednostavna primjena:<\/strong> Brza izmjena pomo\u0107u \u010di\u010dka (velcro).<\/li>\n<li><strong>Pogodno za mokro i suho bru\u0161enje:<\/strong> Svestrana primjena na drvetu, metalu, boji i plastici.<\/li>\n<\/ul>\n<h5><strong>Tehni\u010dke specifikacije:<\/strong><\/h5>\n<ul>\n<li><strong>Promjer plo\u010de:<\/strong> 150 mm<\/li>\n<li><strong>Granulacije dostupne:<\/strong> P60, P80, P120, P150, P180, P240, P320<\/li>\n<li><strong>Vrsta pri\u010dvr\u0161\u0107ivanja:<\/strong> \u010ci\u010dak (velcro)<\/li>\n<li><strong>Vrsta perforacije:<\/strong> OneFit uzorak rupa<\/li>\n<\/ul>\n<h5><strong>Pogodno za:<\/strong><\/h5>\n<ul>\n<li>Uklanjanje boje i hr\u0111e s drva i metala<\/li>\n<li>Srednje i fino bru\u0161enje razli\u010ditih povr\u0161ina<\/li>\n<li>Zavr\u0161na obrada prije lakiranja ili bojenja<\/li>\n<\/ul>\n<h5><strong>Dodatne informacije:<\/strong><\/h5>\n<p><span style=\"text-decoration: underline\"><a href=\"https:\/\/www.bosch-professional.com\/hr\/hr\/expert-o780-brusna-ploca-za-brusenje-folije-7391185-ocs-ac\/?queryFromSuggest=true&amp;userInput=O780+\">Sve dodatne informacije su dostupne na Bosch web stranici, klikom na ovaj tekst.<\/a><\/span><\/p>\n","protected":false},"excerpt":{"rendered":"<p>Bosch EXPERT O780 je izuzetno izdr\u017eljiva brusna plo\u010da za oscilatorne ekscentarske brusilice, posebno dizajnirana za dugotrajan rad na razli\u010ditim materijalima.<\/p>\n","protected":false},"featured_media":34356,"comment_status":"open","ping_status":"closed","template":"","meta":[],"product_brand":[],"product_cat":[1197],"product_tag":[1361,1349],"class_list":{"0":"post-34347","1":"product","2":"type-product","3":"status-publish","4":"has-post-thumbnail","6":"product_cat-okrugli-brusni-papir-cicak","7":"product_tag-bosch-pro-linija-pribora","8":"product_tag-bosch-profesionalni-pribor","10":"first","11":"instock","12":"shipping-taxable","13":"purchasable","14":"product-type-variable","15":"has-default-attributes"},"wooqr_code":"","_links":{"self":[{"href":"https:\/\/www.gkboje.ba\/en\/wp-json\/wp\/v2\/product\/34347","targetHints":{"allow":["GET"]}}],"collection":[{"href":"https:\/\/www.gkboje.ba\/en\/wp-json\/wp\/v2\/product"}],"about":[{"href":"https:\/\/www.gkboje.ba\/en\/wp-json\/wp\/v2\/types\/product"}],"replies":[{"embeddable":true,"href":"https:\/\/www.gkboje.ba\/en\/wp-json\/wp\/v2\/comments?post=34347"}],"version-history":[{"count":2,"href":"https:\/\/www.gkboje.ba\/en\/wp-json\/wp\/v2\/product\/34347\/revisions"}],"predecessor-version":[{"id":34379,"href":"https:\/\/www.gkboje.ba\/en\/wp-json\/wp\/v2\/product\/34347\/revisions\/34379"}],"wp:featuredmedia":[{"embeddable":true,"href":"https:\/\/www.gkboje.ba\/en\/wp-json\/wp\/v2\/media\/34356"}],"wp:attachment":[{"href":"https:\/\/www.gkboje.ba\/en\/wp-json\/wp\/v2\/media?parent=34347"}],"wp:term":[{"taxonomy":"product_brand","embeddable":true,"href":"https:\/\/www.gkboje.ba\/en\/wp-json\/wp\/v2\/product_brand?post=34347"},{"taxonomy":"product_cat","embeddable":true,"href":"https:\/\/www.gkboje.ba\/en\/wp-json\/wp\/v2\/product_cat?post=34347"},{"taxonomy":"product_tag","embeddable":true,"href":"https:\/\/www.gkboje.ba\/en\/wp-json\/wp\/v2\/product_tag?post=34347"}],"curies":[{"name":"wp","href":"https:\/\/api.w.org\/{rel}","templated":true}]}}