{"id":34262,"date":"2025-07-21T14:33:09","date_gmt":"2025-07-21T12:33:09","guid":{"rendered":"https:\/\/www.gkboje.ba\/?post_type=product&#038;p=34262"},"modified":"2026-01-25T20:29:12","modified_gmt":"2026-01-25T19:29:12","slug":"bosch-dijamantska-rezna-ploca-universal-eco-230-x-2-6-x-22-23-mm","status":"publish","type":"product","link":"https:\/\/www.gkboje.ba\/en\/proizvod\/bosch-dijamantska-rezna-ploca-universal-eco-230-x-2-6-x-22-23-mm\/","title":{"rendered":"BOSCH Dijamantna rezna plo\u010da Universal Eco &#8211; 230 x 2.6 x 22.23 mm"},"content":{"rendered":"<p><strong>Bosch Eco univerzalna segmentirana dijamantska rezna plo\u010da 230 mm<\/strong> je dijamantska rezna plo\u010da namijenjena velikim kutnim brusilicama s maticom za zaklju\u010davanje. Idealna je za pouzdano rezanje u op\u0107im gra\u0111evinskim materijalima kao \u0161to su beton, cigla, vapnenac i crijep. Sinterovani segmenti omogu\u0107avaju solidne performanse uz dugotrajan radni vijek, dok standardni provrt od 22.23 mm osigurava kompatibilnost s ve\u0107inom kutnih brusilica.<\/p>\n<p>Dizajnirana za korisnike kojima je potreban balans izme\u0111u performansi, cijene i pouzdanosti u svakodnevnim gra\u0111evinskim radovima.<\/p>\n<h5><strong>Klju\u010dne karakteristike:<\/strong><\/h5>\n<ul>\n<li><strong>Sinterovani dijamantni segmenti:<\/strong> Osiguravaju pouzdane i dugotrajne rezove u razli\u010ditim materijalima.<\/li>\n<li><strong>Univerzalna primjena:<\/strong> Pogodna za beton, opeku, vapnenac i krovni crijep.<\/li>\n<li><strong>Segmentirani rub:<\/strong> Omogu\u0107ava efikasno hla\u0111enje i manje optere\u0107enje pri rezanju.<\/li>\n<li><strong>Kompatibilnost:<\/strong> Standardni provrt od 22.23 mm odgovara ve\u0107ini brusilica sa sigurnosnom maticom.<\/li>\n<\/ul>\n<h5><strong>Tehni\u010dke specifikacije:<\/strong><\/h5>\n<ul>\n<li><strong>Promjer diska:<\/strong> 230 mm<\/li>\n<li><strong>Promjer provrta:<\/strong> 22.23 mm<\/li>\n<li><strong>\u0160irina reza:<\/strong> 2.6 mm<\/li>\n<li><strong>Visina segmenta:<\/strong> 7 mm<\/li>\n<\/ul>\n<h5><strong>Pogodno za:<\/strong><\/h5>\n<ul>\n<li>Beton i armirani beton<\/li>\n<li>Gra\u0111evinske blokove i ciglu<\/li>\n<li>Vapnenac i silikatnu ciglu<\/li>\n<li>Krovne crjepove i druge op\u0107e gra\u0111evinske materijale<\/li>\n<\/ul>\n<h5><strong>Dodatne informacije:<\/strong><\/h5>\n<p><span style=\"text-decoration: underline\"><a href=\"https:\/\/www.bosch-professional.com\/jo\/en\/eco-for-universal-diamond-cutting-discs-for-large-angle-grinders-2892181-ocs-ac\/\">Sve dodatne informacije su dostupne na Bosch web stranici, klikom na ovaj tekst.<\/a><\/span><\/p>\n<p><em>Bosch \u0161ifra artikla: 2 608 615 031<\/em><\/p>\n<p><em>EAN: <\/em>3165140857086<\/p>\n<p><em>SKU: 730633<\/em><\/p>\n","protected":false},"excerpt":{"rendered":"<p>Bosch Eco univerzalna segmentirana dijamantska rezna plo\u010da 230 mm je dijamantska rezna plo\u010da namijenjena velikim kutnim brusilicama s maticom za<\/p>\n","protected":false},"featured_media":34271,"comment_status":"open","ping_status":"closed","template":"","meta":[],"product_brand":[],"product_cat":[738],"product_tag":[1349],"class_list":{"0":"post-34262","1":"product","2":"type-product","3":"status-publish","4":"has-post-thumbnail","6":"product_cat-dijamantne-ploce","7":"product_tag-bosch-profesionalni-pribor","9":"first","10":"instock","11":"shipping-taxable","12":"purchasable","13":"product-type-simple"},"wooqr_code":"","_links":{"self":[{"href":"https:\/\/www.gkboje.ba\/en\/wp-json\/wp\/v2\/product\/34262","targetHints":{"allow":["GET"]}}],"collection":[{"href":"https:\/\/www.gkboje.ba\/en\/wp-json\/wp\/v2\/product"}],"about":[{"href":"https:\/\/www.gkboje.ba\/en\/wp-json\/wp\/v2\/types\/product"}],"replies":[{"embeddable":true,"href":"https:\/\/www.gkboje.ba\/en\/wp-json\/wp\/v2\/comments?post=34262"}],"version-history":[{"count":2,"href":"https:\/\/www.gkboje.ba\/en\/wp-json\/wp\/v2\/product\/34262\/revisions"}],"predecessor-version":[{"id":40924,"href":"https:\/\/www.gkboje.ba\/en\/wp-json\/wp\/v2\/product\/34262\/revisions\/40924"}],"wp:featuredmedia":[{"embeddable":true,"href":"https:\/\/www.gkboje.ba\/en\/wp-json\/wp\/v2\/media\/34271"}],"wp:attachment":[{"href":"https:\/\/www.gkboje.ba\/en\/wp-json\/wp\/v2\/media?parent=34262"}],"wp:term":[{"taxonomy":"product_brand","embeddable":true,"href":"https:\/\/www.gkboje.ba\/en\/wp-json\/wp\/v2\/product_brand?post=34262"},{"taxonomy":"product_cat","embeddable":true,"href":"https:\/\/www.gkboje.ba\/en\/wp-json\/wp\/v2\/product_cat?post=34262"},{"taxonomy":"product_tag","embeddable":true,"href":"https:\/\/www.gkboje.ba\/en\/wp-json\/wp\/v2\/product_tag?post=34262"}],"curies":[{"name":"wp","href":"https:\/\/api.w.org\/{rel}","templated":true}]}}