{"id":33960,"date":"2025-07-11T13:42:38","date_gmt":"2025-07-11T11:42:38","guid":{"rendered":"https:\/\/www.gkboje.ba\/?post_type=product&#038;p=33960"},"modified":"2026-01-06T07:38:56","modified_gmt":"2026-01-06T06:38:56","slug":"bosch-starlock-aiz-20-ab-ostrica-za-multi-alate-20-x-30-mm","status":"publish","type":"product","link":"https:\/\/www.gkboje.ba\/en\/proizvod\/bosch-starlock-aiz-20-ab-ostrica-za-multi-alate-20-x-30-mm\/","title":{"rendered":"BOSCH Starlock AIZ 20 AB o\u0161trica za multi-alate 20 x 30 mm"},"content":{"rendered":"<p><strong>Starlock AIZ 20 AB<\/strong> vi\u0161enamjenska o\u0161trica omogu\u0107uje precizno i tanko rezanje u drvu i neoja\u010danom metalu. Zahvaljuju\u0107i uskoj \u0161irini od samo 20 mm i bi-metalnoj (BIM) strukturi, savr\u0161ena je za fine urone i precizne rezove \u010dak i u zahtjevnim aplikacijama.<\/p>\n<h5><strong>Klju\u010dne karakteristike:<\/strong><\/h5>\n<ul>\n<li><strong>Precizno rezanje:<\/strong> Uska \u0161irina od 20 mm omogu\u0107uje filigranski rad<\/li>\n<li><strong>BIM kombinacija:<\/strong> O\u0161trica od HCS-a i zupci od HSS-a za dug vijek trajanja i otpornost na toplotu i tro\u0161enje<\/li>\n<li><strong>Starlock prihvat:<\/strong> Omogu\u0107uje maksimalan prijenos snage i jednostavnu zamjenu o\u0161trice za samo 3 sekunde bez dodirivanja<\/li>\n<li><strong>Vrhunska kontrola:<\/strong> \u010cvrsti spoj smanjuje vibracije i omogu\u0107uje poput vlasi tanke rezove<\/li>\n<\/ul>\n<h5><strong>Tehni\u010dke specifikacije:<\/strong><\/h5>\n<ul>\n<li><strong>\u0160irina o\u0161trice:<\/strong> 20 mm<\/li>\n<li><strong>Materijal:<\/strong> Bi-metal (HCS + HSS)<\/li>\n<li><strong>Kompatibilnost:<\/strong> Svi Starlock, Starlock Plus i Starlock Max alati, kao i ve\u0107ina vi\u0161enamjenskih osciliraju\u0107ih alata<\/li>\n<li><strong>Vrsta reza:<\/strong> Precizno rezanje drva i neoja\u010danih metala<\/li>\n<\/ul>\n<h5><strong>Pogodno za:<\/strong><\/h5>\n<ul>\n<li>Fino uranjaju\u0107e rezove u drvu<\/li>\n<li>Rezanje tankih metalnih profila i neoja\u010danih metala<\/li>\n<li>Rad u uskim prostorima i zahtjevne aplikacije<\/li>\n<\/ul>\n<h5><strong>Dodatne informacije:<\/strong><\/h5>\n<p><span style=\"text-decoration: underline\"><a href=\"https:\/\/www.bosch-professional.com\/om\/en\/products\/toolbelt-and-hand-tools-set-1600A02H5C\">Sve dodatne informacije su dostupne na Bosch web stranici, klikom na ovaj tekst.<\/a><\/span><\/p>\n<p><em>Bosch \u0161ifra artikla: 2 608 661 640<\/em><\/p>\n<p><em>SKU: 731165<\/em><\/p>\n<p>EAN: 3165140492430<\/p>\n","protected":false},"excerpt":{"rendered":"<p>Starlock AIZ 20 AB vi\u0161enamjenska o\u0161trica omogu\u0107uje precizno i tanko rezanje u drvu i neoja\u010danom metalu. Zahvaljuju\u0107i uskoj \u0161irini od<\/p>\n","protected":false},"featured_media":33963,"comment_status":"open","ping_status":"closed","template":"","meta":[],"product_brand":[],"product_cat":[714],"product_tag":[1349],"class_list":{"0":"post-33960","1":"product","2":"type-product","3":"status-publish","4":"has-post-thumbnail","6":"product_cat-pribor-za-alate-i-masine","7":"product_tag-bosch-profesionalni-pribor","9":"first","10":"instock","11":"shipping-taxable","12":"purchasable","13":"product-type-simple"},"wooqr_code":"","_links":{"self":[{"href":"https:\/\/www.gkboje.ba\/en\/wp-json\/wp\/v2\/product\/33960","targetHints":{"allow":["GET"]}}],"collection":[{"href":"https:\/\/www.gkboje.ba\/en\/wp-json\/wp\/v2\/product"}],"about":[{"href":"https:\/\/www.gkboje.ba\/en\/wp-json\/wp\/v2\/types\/product"}],"replies":[{"embeddable":true,"href":"https:\/\/www.gkboje.ba\/en\/wp-json\/wp\/v2\/comments?post=33960"}],"version-history":[{"count":2,"href":"https:\/\/www.gkboje.ba\/en\/wp-json\/wp\/v2\/product\/33960\/revisions"}],"predecessor-version":[{"id":33978,"href":"https:\/\/www.gkboje.ba\/en\/wp-json\/wp\/v2\/product\/33960\/revisions\/33978"}],"wp:featuredmedia":[{"embeddable":true,"href":"https:\/\/www.gkboje.ba\/en\/wp-json\/wp\/v2\/media\/33963"}],"wp:attachment":[{"href":"https:\/\/www.gkboje.ba\/en\/wp-json\/wp\/v2\/media?parent=33960"}],"wp:term":[{"taxonomy":"product_brand","embeddable":true,"href":"https:\/\/www.gkboje.ba\/en\/wp-json\/wp\/v2\/product_brand?post=33960"},{"taxonomy":"product_cat","embeddable":true,"href":"https:\/\/www.gkboje.ba\/en\/wp-json\/wp\/v2\/product_cat?post=33960"},{"taxonomy":"product_tag","embeddable":true,"href":"https:\/\/www.gkboje.ba\/en\/wp-json\/wp\/v2\/product_tag?post=33960"}],"curies":[{"name":"wp","href":"https:\/\/api.w.org\/{rel}","templated":true}]}}