{"id":33930,"date":"2025-07-11T12:45:18","date_gmt":"2025-07-11T10:45:18","guid":{"rendered":"https:\/\/www.gkboje.ba\/?post_type=product&#038;p=33930"},"modified":"2026-01-06T07:38:56","modified_gmt":"2026-01-06T06:38:56","slug":"bosch-set-rucnih-alata-s-pojasom","status":"publish","type":"product","link":"https:\/\/www.gkboje.ba\/en\/proizvod\/bosch-set-rucnih-alata-s-pojasom\/","title":{"rendered":"BOSCH Set ru\u010dnih alata s pojasom"},"content":{"rendered":"<p>Profesionalni set ru\u010dnih alata s pojasom &#8211; savr\u0161en izbor za elektri\u010dare, instalatere i majstore koji tra\u017ee kvalitetu, udobnost i dugotrajnost. Uklju\u010duje funkcionalan alatni pojas veli\u010dine L\/XL izra\u0111en od izdr\u017eljivog 1000D poliestera, kompatibilan s ProClick sistemom (do 50 mm). U setu se nalaze osnovni ru\u010dni alati za svakodnevni rad, svi sa 20 godina garancije.<\/p>\n<h5><strong>Klju\u010dne karakteristike:<\/strong><\/h5>\n<ul>\n<li><strong>Alatni pojas:<\/strong> Veli\u010dina L\/XL, izra\u0111en od izdr\u017eljivog 1000D poliestera<\/li>\n<li><strong>ProClick kompatibilnost:<\/strong> Sistem brzog ka\u010denja, \u0161irina do 50 mm<\/li>\n<li><strong>Izdr\u017eljivi alati:<\/strong> Visokokvalitetni alati za dugoro\u010dnu profesionalnu upotrebu<\/li>\n<li><strong>Garancija:<\/strong> 20 godina<\/li>\n<\/ul>\n<h5><strong>Sadr\u017eaj pakovanja:<\/strong><\/h5>\n<ul>\n<li>1 x \u0160rafciger ravni SL6.5 (1 600 A01 TG1)<\/li>\n<li>1 x \u0160rafciger PH2 x 125 (1 600 A01 TG3)<\/li>\n<li>1 x \u0160rafciger SL3.5 x 75 (1 600 A01 TF8)<\/li>\n<li>1 x Bo\u010dne kle\u0161ta 160 mm (1 600 A01 TH9)<\/li>\n<li>1 x Imbus klju\u010d (set od 9 kom) (1 600 A01 TH5)<\/li>\n<li>1 x No\u017e na uvla\u010denje (Retr. Utility Knife) (1 600 A01 V3H)<\/li>\n<li>1 x Kartonska kutija za pakovanje<\/li>\n<\/ul>\n<h5><strong>Pogodno za:<\/strong><\/h5>\n<ul>\n<li>Elektri\u010darske i monterske radove<\/li>\n<li>Servisne i popravke na terenu<\/li>\n<li>Profesionalne radionice i svakodnevnu upotrebu<\/li>\n<\/ul>\n<h5><strong>Dodatne informacije:<\/strong><\/h5>\n<p><span style=\"text-decoration: underline\"><a href=\"https:\/\/www.bosch-professional.com\/om\/en\/products\/toolbelt-and-hand-tools-set-1600A02H5C\">Sve dodatne informacije su dostupne na Bosch web stranici, klikom na ovaj tekst.<\/a><\/span><\/p>\n<p><em>Bosch \u0161ifra artikla: 1 600 A02 H5C<\/em><\/p>\n<p><em>SKU: 730651<\/em><\/p>\n<p>EAN: 4059952657431<\/p>\n","protected":false},"excerpt":{"rendered":"<p>Profesionalni set ru\u010dnih alata s pojasom &#8211; savr\u0161en izbor za elektri\u010dare, instalatere i majstore koji tra\u017ee kvalitetu, udobnost i dugotrajnost.<\/p>\n","protected":false},"featured_media":33932,"comment_status":"open","ping_status":"closed","template":"","meta":[],"product_brand":[],"product_cat":[815],"product_tag":[1349],"class_list":{"0":"post-33930","1":"product","2":"type-product","3":"status-publish","4":"has-post-thumbnail","6":"product_cat-setovi-rucnih-alata","7":"product_tag-bosch-profesionalni-pribor","9":"first","10":"outofstock","11":"shipping-taxable","12":"purchasable","13":"product-type-simple"},"wooqr_code":"","_links":{"self":[{"href":"https:\/\/www.gkboje.ba\/en\/wp-json\/wp\/v2\/product\/33930","targetHints":{"allow":["GET"]}}],"collection":[{"href":"https:\/\/www.gkboje.ba\/en\/wp-json\/wp\/v2\/product"}],"about":[{"href":"https:\/\/www.gkboje.ba\/en\/wp-json\/wp\/v2\/types\/product"}],"replies":[{"embeddable":true,"href":"https:\/\/www.gkboje.ba\/en\/wp-json\/wp\/v2\/comments?post=33930"}],"version-history":[{"count":3,"href":"https:\/\/www.gkboje.ba\/en\/wp-json\/wp\/v2\/product\/33930\/revisions"}],"predecessor-version":[{"id":33941,"href":"https:\/\/www.gkboje.ba\/en\/wp-json\/wp\/v2\/product\/33930\/revisions\/33941"}],"wp:featuredmedia":[{"embeddable":true,"href":"https:\/\/www.gkboje.ba\/en\/wp-json\/wp\/v2\/media\/33932"}],"wp:attachment":[{"href":"https:\/\/www.gkboje.ba\/en\/wp-json\/wp\/v2\/media?parent=33930"}],"wp:term":[{"taxonomy":"product_brand","embeddable":true,"href":"https:\/\/www.gkboje.ba\/en\/wp-json\/wp\/v2\/product_brand?post=33930"},{"taxonomy":"product_cat","embeddable":true,"href":"https:\/\/www.gkboje.ba\/en\/wp-json\/wp\/v2\/product_cat?post=33930"},{"taxonomy":"product_tag","embeddable":true,"href":"https:\/\/www.gkboje.ba\/en\/wp-json\/wp\/v2\/product_tag?post=33930"}],"curies":[{"name":"wp","href":"https:\/\/api.w.org\/{rel}","templated":true}]}}