{"id":33150,"date":"2025-05-25T14:26:37","date_gmt":"2025-05-25T12:26:37","guid":{"rendered":"https:\/\/www.gkboje.ba\/?post_type=product&#038;p=33150"},"modified":"2025-05-25T14:30:44","modified_gmt":"2025-05-25T12:30:44","slug":"metalac-inox-sudoper-ideal-500-b-55-x-50-5-cm","status":"publish","type":"product","link":"https:\/\/www.gkboje.ba\/en\/proizvod\/metalac-inox-sudoper-ideal-500-b-55-x-50-5-cm\/","title":{"rendered":"METALAC Inox sudoper Ideal 500 B &#8211; 55 x 50.5 cm"},"content":{"rendered":"<p><strong>Ideal 500 B<\/strong> je funkcionalan ugradbeni sudoper izra\u0111en od visokokvalitetnog inox \u010delika, sa poliranom zavr\u0161nom obradom. Pogodan je za svakodnevnu upotrebu u svim vrstama kuhinja, kombinuju\u0107i pouzdanost, estetiku i otpornost na habanje.<\/p>\n<h5><strong>Tehni\u010dke karakteristike:<\/strong><\/h5>\n<ul>\n<li><strong>Linija:<\/strong> Ideal<\/li>\n<li><strong>Materijal:<\/strong> Inox (nehr\u0111aju\u0107i \u010delik)<\/li>\n<li><strong>Na\u010din ugradnje:<\/strong> Ugradbeni<\/li>\n<li><strong>Dimenzije:<\/strong> 550 \u00d7 505 mm<\/li>\n<li><strong>Dubina korita:<\/strong> 200 mm<\/li>\n<li><strong>Otvor sifona:<\/strong> \u00d890 mm<\/li>\n<li><strong>Otvor za slavinu:<\/strong> Da<\/li>\n<li><strong>Povr\u0161ina:<\/strong> Polirana<\/li>\n<\/ul>\n<h5><strong>Uklju\u010deno u isporuku:<\/strong><\/h5>\n<ul>\n<li>Sifon \u00d890<\/li>\n<\/ul>\n<p><strong>Prednosti proizvoda:<\/strong><\/p>\n<ul>\n<li>Visoka otpornost na hr\u0111u, mrlje i hemikalije<\/li>\n<li>Otpornost na visoke temperature i mehani\u010dka o\u0161te\u0107enja<\/li>\n<li>Jednostavno i brzo odr\u017eavanje<\/li>\n<li>Higijenska sigurnost u pripremi hrane<\/li>\n<li>Bezvremenski, elegantan dizajn za moderne i klasi\u010dne kuhinje<\/li>\n<\/ul>\n","protected":false},"excerpt":{"rendered":"<p>Ideal 500 B je funkcionalan ugradbeni sudoper izra\u0111en od visokokvalitetnog inox \u010delika, sa poliranom zavr\u0161nom obradom. Pogodan je za svakodnevnu<\/p>\n","protected":false},"featured_media":33151,"comment_status":"open","ping_status":"closed","template":"","meta":[],"product_brand":[],"product_cat":[1255],"product_tag":[],"class_list":{"0":"post-33150","1":"product","2":"type-product","3":"status-publish","4":"has-post-thumbnail","6":"product_cat-sudoperi-i-sifoni","8":"first","9":"instock","10":"shipping-taxable","11":"purchasable","12":"product-type-simple"},"wooqr_code":"","_links":{"self":[{"href":"https:\/\/www.gkboje.ba\/en\/wp-json\/wp\/v2\/product\/33150","targetHints":{"allow":["GET"]}}],"collection":[{"href":"https:\/\/www.gkboje.ba\/en\/wp-json\/wp\/v2\/product"}],"about":[{"href":"https:\/\/www.gkboje.ba\/en\/wp-json\/wp\/v2\/types\/product"}],"replies":[{"embeddable":true,"href":"https:\/\/www.gkboje.ba\/en\/wp-json\/wp\/v2\/comments?post=33150"}],"version-history":[{"count":1,"href":"https:\/\/www.gkboje.ba\/en\/wp-json\/wp\/v2\/product\/33150\/revisions"}],"predecessor-version":[{"id":33157,"href":"https:\/\/www.gkboje.ba\/en\/wp-json\/wp\/v2\/product\/33150\/revisions\/33157"}],"wp:featuredmedia":[{"embeddable":true,"href":"https:\/\/www.gkboje.ba\/en\/wp-json\/wp\/v2\/media\/33151"}],"wp:attachment":[{"href":"https:\/\/www.gkboje.ba\/en\/wp-json\/wp\/v2\/media?parent=33150"}],"wp:term":[{"taxonomy":"product_brand","embeddable":true,"href":"https:\/\/www.gkboje.ba\/en\/wp-json\/wp\/v2\/product_brand?post=33150"},{"taxonomy":"product_cat","embeddable":true,"href":"https:\/\/www.gkboje.ba\/en\/wp-json\/wp\/v2\/product_cat?post=33150"},{"taxonomy":"product_tag","embeddable":true,"href":"https:\/\/www.gkboje.ba\/en\/wp-json\/wp\/v2\/product_tag?post=33150"}],"curies":[{"name":"wp","href":"https:\/\/api.w.org\/{rel}","templated":true}]}}