{"id":33131,"date":"2025-05-25T13:53:34","date_gmt":"2025-05-25T11:53:34","guid":{"rendered":"https:\/\/www.gkboje.ba\/?post_type=product&#038;p=33131"},"modified":"2025-05-25T13:58:31","modified_gmt":"2025-05-25T11:58:31","slug":"metalac-inox-sudoper-venera-c480-fi-90-cm","status":"publish","type":"product","link":"https:\/\/www.gkboje.ba\/en\/proizvod\/metalac-inox-sudoper-venera-c480-fi-90-cm\/","title":{"rendered":"METALAC Inox sudoper Venera C480 &#8211; fi 90 cm"},"content":{"rendered":"<p><strong>Metalac Venera C480<\/strong> je funkcionalan, ugradbeni sudoper kru\u017enog oblika izra\u0111en od visokokvalitetnog inoxa. Idealan je izbor za kuhinje manjeg formata ili kao pomo\u0107ni sudoper, a zahvaljuju\u0107i otpornosti na visoke temperature, kiseline i vlagu, osigurava dugotrajan i higijenski siguran radni prostor.<\/p>\n<h5><strong>Tehni\u010dke karakteristike:<\/strong><\/h5>\n<ul>\n<li><strong>Linija:<\/strong> Venera<\/li>\n<li><strong>Materijal:<\/strong> Inox (nehr\u0111aju\u0107i \u010delik)<\/li>\n<li><strong>Na\u010din ugradnje:<\/strong> Ugradbeni<\/li>\n<li><strong>Dimenzije:<\/strong> \u00d8480 mm<\/li>\n<li><strong>Dubina korita:<\/strong> 150 mm<\/li>\n<li><strong>Monta\u017ea ormari\u0107a:<\/strong> minimalno 500 mm<\/li>\n<li><strong>Otvor sifona:<\/strong> \u00d890 mm<\/li>\n<li><strong>Povr\u0161ina:<\/strong> Mat<\/li>\n<li><strong>Te\u017eina:<\/strong> 1.75 kg<\/li>\n<li><strong>Otvor za slavinu:<\/strong> Nema<\/li>\n<\/ul>\n<p><strong>Prednosti proizvoda:<\/strong><\/p>\n<ul>\n<li>Otpornost na hr\u0111u, mrlje i kiseline<\/li>\n<li>Otpornost na visoke temperature i vlagu<\/li>\n<li>Jednostavno odr\u017eavanje i dug vijek trajanja<\/li>\n<li>Higijensku ispravnost i sigurnost u pripremi hrane<\/li>\n<li>Uvijek moderan i funkcionalan dizajn<\/li>\n<\/ul>\n","protected":false},"excerpt":{"rendered":"<p>Metalac Venera C480 je funkcionalan, ugradbeni sudoper kru\u017enog oblika izra\u0111en od visokokvalitetnog inoxa. Idealan je izbor za kuhinje manjeg formata<\/p>\n","protected":false},"featured_media":33132,"comment_status":"open","ping_status":"closed","template":"","meta":[],"product_brand":[],"product_cat":[1255],"product_tag":[],"class_list":{"0":"post-33131","1":"product","2":"type-product","3":"status-publish","4":"has-post-thumbnail","6":"product_cat-sudoperi-i-sifoni","8":"first","9":"instock","10":"shipping-taxable","11":"purchasable","12":"product-type-simple"},"wooqr_code":"","_links":{"self":[{"href":"https:\/\/www.gkboje.ba\/en\/wp-json\/wp\/v2\/product\/33131","targetHints":{"allow":["GET"]}}],"collection":[{"href":"https:\/\/www.gkboje.ba\/en\/wp-json\/wp\/v2\/product"}],"about":[{"href":"https:\/\/www.gkboje.ba\/en\/wp-json\/wp\/v2\/types\/product"}],"replies":[{"embeddable":true,"href":"https:\/\/www.gkboje.ba\/en\/wp-json\/wp\/v2\/comments?post=33131"}],"version-history":[{"count":2,"href":"https:\/\/www.gkboje.ba\/en\/wp-json\/wp\/v2\/product\/33131\/revisions"}],"predecessor-version":[{"id":33141,"href":"https:\/\/www.gkboje.ba\/en\/wp-json\/wp\/v2\/product\/33131\/revisions\/33141"}],"wp:featuredmedia":[{"embeddable":true,"href":"https:\/\/www.gkboje.ba\/en\/wp-json\/wp\/v2\/media\/33132"}],"wp:attachment":[{"href":"https:\/\/www.gkboje.ba\/en\/wp-json\/wp\/v2\/media?parent=33131"}],"wp:term":[{"taxonomy":"product_brand","embeddable":true,"href":"https:\/\/www.gkboje.ba\/en\/wp-json\/wp\/v2\/product_brand?post=33131"},{"taxonomy":"product_cat","embeddable":true,"href":"https:\/\/www.gkboje.ba\/en\/wp-json\/wp\/v2\/product_cat?post=33131"},{"taxonomy":"product_tag","embeddable":true,"href":"https:\/\/www.gkboje.ba\/en\/wp-json\/wp\/v2\/product_tag?post=33131"}],"curies":[{"name":"wp","href":"https:\/\/api.w.org\/{rel}","templated":true}]}}