{"id":33105,"date":"2025-05-24T23:33:47","date_gmt":"2025-05-24T21:33:47","guid":{"rendered":"https:\/\/www.gkboje.ba\/?post_type=product&#038;p=33105"},"modified":"2025-05-24T23:42:00","modified_gmt":"2025-05-24T21:42:00","slug":"metalac-inox-sudoper-nera-praktik-79-x-50-cm","status":"publish","type":"product","link":"https:\/\/www.gkboje.ba\/en\/proizvod\/metalac-inox-sudoper-nera-praktik-79-x-50-cm\/","title":{"rendered":"METALAC Inox sudoper Nera Praktik &#8211; 79 x 50 cm"},"content":{"rendered":"<p><strong>Moderan dizajn i funkcionalnost<\/strong> \u2013 Nera Praktik 1D je visokokvalitetni ugradbeni sudoper izra\u0111en od nehr\u0111aju\u0107eg \u010delika, namijenjen za kuhinje koje tra\u017ee pouzdanost, dugovje\u010dnost i lako odr\u017eavanje. Zahvaljuju\u0107i svojoj jednostavnosti i mat zavr\u0161noj obradi, lako se uklapa u savremene kuhinjske prostore.<\/p>\n<h5><strong>Tehni\u010dke specifikacije:<\/strong><\/h5>\n<ul>\n<li><strong>Linija:<\/strong> Nera Praktik 1D<\/li>\n<li><strong>Materijal:<\/strong> Nehr\u0111aju\u0107i \u010delik (Inox)<\/li>\n<li><strong>Dimenzije:<\/strong> 790 x 500 mm<\/li>\n<li><strong>Dubina korita:<\/strong> 180 mm<\/li>\n<li><strong>Otvor sifona:<\/strong> \u00d890 mm<\/li>\n<li><strong>\u0160irina ormari\u0107a:<\/strong> min. 450 mm<\/li>\n<li><strong>Tip ugradnje:<\/strong> Ugradbeni<\/li>\n<li><strong>Povr\u0161ina:<\/strong> Mat<\/li>\n<\/ul>\n<h5><strong>Prednosti proizvoda:<\/strong><\/h5>\n<ul>\n<li>Otporan na koroziju, mrlje i kiseline<\/li>\n<li>Potpuna otpornost na visoke temperature<\/li>\n<li>Higijenski materijal \u2013 siguran za kontakt s hranom<\/li>\n<li>Jednostavno odr\u017eavanje<\/li>\n<li>Savremeni i bezvremenski dizajn<\/li>\n<\/ul>\n","protected":false},"excerpt":{"rendered":"<p>Moderan dizajn i funkcionalnost \u2013 Nera Praktik 1D je visokokvalitetni ugradbeni sudoper izra\u0111en od nehr\u0111aju\u0107eg \u010delika, namijenjen za kuhinje koje<\/p>\n","protected":false},"featured_media":33106,"comment_status":"open","ping_status":"closed","template":"","meta":[],"product_brand":[],"product_cat":[1255],"product_tag":[],"class_list":{"0":"post-33105","1":"product","2":"type-product","3":"status-publish","4":"has-post-thumbnail","6":"product_cat-sudoperi-i-sifoni","8":"first","9":"instock","10":"shipping-taxable","11":"purchasable","12":"product-type-simple"},"wooqr_code":"","_links":{"self":[{"href":"https:\/\/www.gkboje.ba\/en\/wp-json\/wp\/v2\/product\/33105","targetHints":{"allow":["GET"]}}],"collection":[{"href":"https:\/\/www.gkboje.ba\/en\/wp-json\/wp\/v2\/product"}],"about":[{"href":"https:\/\/www.gkboje.ba\/en\/wp-json\/wp\/v2\/types\/product"}],"replies":[{"embeddable":true,"href":"https:\/\/www.gkboje.ba\/en\/wp-json\/wp\/v2\/comments?post=33105"}],"version-history":[{"count":1,"href":"https:\/\/www.gkboje.ba\/en\/wp-json\/wp\/v2\/product\/33105\/revisions"}],"predecessor-version":[{"id":33112,"href":"https:\/\/www.gkboje.ba\/en\/wp-json\/wp\/v2\/product\/33105\/revisions\/33112"}],"wp:featuredmedia":[{"embeddable":true,"href":"https:\/\/www.gkboje.ba\/en\/wp-json\/wp\/v2\/media\/33106"}],"wp:attachment":[{"href":"https:\/\/www.gkboje.ba\/en\/wp-json\/wp\/v2\/media?parent=33105"}],"wp:term":[{"taxonomy":"product_brand","embeddable":true,"href":"https:\/\/www.gkboje.ba\/en\/wp-json\/wp\/v2\/product_brand?post=33105"},{"taxonomy":"product_cat","embeddable":true,"href":"https:\/\/www.gkboje.ba\/en\/wp-json\/wp\/v2\/product_cat?post=33105"},{"taxonomy":"product_tag","embeddable":true,"href":"https:\/\/www.gkboje.ba\/en\/wp-json\/wp\/v2\/product_tag?post=33105"}],"curies":[{"name":"wp","href":"https:\/\/api.w.org\/{rel}","templated":true}]}}