{"id":32933,"date":"2025-05-21T23:31:57","date_gmt":"2025-05-21T21:31:57","guid":{"rendered":"https:\/\/www.gkboje.ba\/?post_type=product&#038;p=32933"},"modified":"2025-05-21T23:44:16","modified_gmt":"2025-05-21T21:44:16","slug":"ferro-granitni-sudoper-grafit-mezzo-ii-drgm1-51ba-fi-51-cm","status":"publish","type":"product","link":"https:\/\/www.gkboje.ba\/en\/proizvod\/ferro-granitni-sudoper-grafit-mezzo-ii-drgm1-51ba-fi-51-cm\/","title":{"rendered":"FERRO Granitni sudoper grafit MEZZO II DRGM1-51BA &#8211; fi 51 cm"},"content":{"rendered":"<p><strong>FERRO MEZZO II FI51 granitni sudoper &#8211; grafit<\/strong> je pouzdano i moderno rje\u0161enje za svaku kuhinju. Izra\u0111en od visokokvalitetnog granita, ovaj sudoper pru\u017ea izuzetnu otpornost na ogrebotine, visoke temperature i hemikalije. Ugradbena izvedba omogu\u0107ava besprijekorno uklapanje u radnu plo\u010du, dok automatska korpa i sifon sa priklju\u010dkom za perilicu ili ve\u0161 ma\u0161inu osiguravaju maksimalnu prakti\u010dnost.<\/p>\n<h5><strong>Klju\u010dne karakteristike:<\/strong><\/h5>\n<ul>\n<li><strong>Materijal:<\/strong> granit \u2013 otporan na habanje i visoke temperature.<\/li>\n<li><strong>Boja:<\/strong> grafit \u2013 elegantan i moderan izgled.<\/li>\n<li><strong>Ugradbeni model:<\/strong> precizno uklapanje u radnu plo\u010du.<\/li>\n<li><strong>Automatska korpa za otpad:<\/strong> prakti\u010dna i jednostavna za kori\u0161tenje.<\/li>\n<li><strong>Sifon sa priklju\u010dkom:<\/strong> omogu\u0107ava povezivanje sa perilicom posu\u0111a ili ve\u0161 ma\u0161inom.<\/li>\n<li><strong>Preljev:<\/strong> sprje\u010dava prepunjavanje sudopera.<\/li>\n<li><strong>Garancija na sudoper:<\/strong> 15 godina.<\/li>\n<li><strong>Garancija na sifon i korpu:<\/strong> 2 godine.<\/li>\n<\/ul>\n<h5><strong>Isporu\u010deni pribor:<\/strong><\/h5>\n<ul>\n<li>Automatska korpa za otpad<\/li>\n<li>Sifon sa priklju\u010dkom za perilicu posu\u0111a ili ve\u0161 ma\u0161inu<\/li>\n<\/ul>\n","protected":false},"excerpt":{"rendered":"<p>FERRO MEZZO II FI51 granitni sudoper &#8211; grafit je pouzdano i moderno rje\u0161enje za svaku kuhinju. Izra\u0111en od visokokvalitetnog granita,<\/p>\n","protected":false},"featured_media":32934,"comment_status":"open","ping_status":"closed","template":"","meta":[],"product_brand":[],"product_cat":[1255],"product_tag":[],"class_list":{"0":"post-32933","1":"product","2":"type-product","3":"status-publish","4":"has-post-thumbnail","6":"product_cat-sudoperi-i-sifoni","8":"first","9":"instock","10":"shipping-taxable","11":"purchasable","12":"product-type-simple"},"wooqr_code":"","_links":{"self":[{"href":"https:\/\/www.gkboje.ba\/en\/wp-json\/wp\/v2\/product\/32933","targetHints":{"allow":["GET"]}}],"collection":[{"href":"https:\/\/www.gkboje.ba\/en\/wp-json\/wp\/v2\/product"}],"about":[{"href":"https:\/\/www.gkboje.ba\/en\/wp-json\/wp\/v2\/types\/product"}],"replies":[{"embeddable":true,"href":"https:\/\/www.gkboje.ba\/en\/wp-json\/wp\/v2\/comments?post=32933"}],"version-history":[{"count":1,"href":"https:\/\/www.gkboje.ba\/en\/wp-json\/wp\/v2\/product\/32933\/revisions"}],"predecessor-version":[{"id":32940,"href":"https:\/\/www.gkboje.ba\/en\/wp-json\/wp\/v2\/product\/32933\/revisions\/32940"}],"wp:featuredmedia":[{"embeddable":true,"href":"https:\/\/www.gkboje.ba\/en\/wp-json\/wp\/v2\/media\/32934"}],"wp:attachment":[{"href":"https:\/\/www.gkboje.ba\/en\/wp-json\/wp\/v2\/media?parent=32933"}],"wp:term":[{"taxonomy":"product_brand","embeddable":true,"href":"https:\/\/www.gkboje.ba\/en\/wp-json\/wp\/v2\/product_brand?post=32933"},{"taxonomy":"product_cat","embeddable":true,"href":"https:\/\/www.gkboje.ba\/en\/wp-json\/wp\/v2\/product_cat?post=32933"},{"taxonomy":"product_tag","embeddable":true,"href":"https:\/\/www.gkboje.ba\/en\/wp-json\/wp\/v2\/product_tag?post=32933"}],"curies":[{"name":"wp","href":"https:\/\/api.w.org\/{rel}","templated":true}]}}