{"id":32922,"date":"2025-05-21T23:17:01","date_gmt":"2025-05-21T21:17:01","guid":{"rendered":"https:\/\/www.gkboje.ba\/?post_type=product&#038;p=32922"},"modified":"2025-05-21T23:26:14","modified_gmt":"2025-05-21T21:26:14","slug":"ferro-granitni-sudoper-pijesak-mezzo-ii-drgm1-51sa-fi-51-cm","status":"publish","type":"product","link":"https:\/\/www.gkboje.ba\/en\/proizvod\/ferro-granitni-sudoper-pijesak-mezzo-ii-drgm1-51sa-fi-51-cm\/","title":{"rendered":"FERRO Granitni sudoper pijesak MEZZO II DRGM1-51SA &#8211; fi 51 cm"},"content":{"rendered":"<p><strong>FERRO MEZZO II granitni sudoper \u2013 pijesak<\/strong> je ugradbeni sudoper elegantnog dizajna, izra\u0111en od visokokvalitetnog granita za maksimalnu izdr\u017eljivost i estetiku. Zahvaljuju\u0107i automatskom situ i uklju\u010denom sifonu sa priklju\u010dkom za perilicu posu\u0111a ili ve\u0161 ma\u0161inu, ovaj model pru\u017ea sve \u0161to je potrebno za savremenu kuhinju. Preljev i ugradbeni sistem dodatno osiguravaju funkcionalnost i sigurnost u svakodnevnoj upotrebi.<\/p>\n<h5><strong>Klju\u010dne karakteristike:<\/strong><\/h5>\n<ul>\n<li style=\"list-style-type: none\">\n<ul>\n<li><strong>Materijal:<\/strong> granit \u2013 izdr\u017eljiv, otporan na ogrebotine i visoke temperature.<\/li>\n<li><strong>Boja:<\/strong> pijesak \u2013 moderno i neutralno rje\u0161enje za svaki enterijer.<\/li>\n<li><strong>Ugradbeni model:<\/strong> elegantno uklapanje u radnu povr\u0161inu.<\/li>\n<li><strong>Automatsko sito za otpad:<\/strong> uklju\u010dena u set za lak\u0161e \u010di\u0161\u0107enje.<\/li>\n<li><strong>Sifon sa priklju\u010dkom:<\/strong> omogu\u0107ava povezivanje perilice posu\u0111a ili ve\u0161 ma\u0161ine.<\/li>\n<li><strong>Preljev:<\/strong> dodatna za\u0161tita od prelijevanja vode.<\/li>\n<li><strong>Garancija na sudoper:<\/strong> 15 godina.<\/li>\n<li><strong>Garancija na sifon i korpu:<\/strong> 2 godine.<\/li>\n<\/ul>\n<\/li>\n<\/ul>\n<h5><strong>Isporu\u010deni pribor:<\/strong><\/h5>\n<ul>\n<li style=\"list-style-type: none\">\n<ul>\n<li style=\"list-style-type: none\">\n<ul>\n<li>Automatsko sito za otpad<\/li>\n<li>Kompletan sifon sa priklju\u010dkom za perilicu posu\u0111a ili ve\u0161 ma\u0161inu<\/li>\n<\/ul>\n<\/li>\n<\/ul>\n<\/li>\n<\/ul>\n","protected":false},"excerpt":{"rendered":"<p>FERRO MEZZO II granitni sudoper \u2013 pijesak je ugradbeni sudoper elegantnog dizajna, izra\u0111en od visokokvalitetnog granita za maksimalnu izdr\u017eljivost i<\/p>\n","protected":false},"featured_media":32923,"comment_status":"open","ping_status":"closed","template":"","meta":[],"product_brand":[],"product_cat":[1255],"product_tag":[],"class_list":{"0":"post-32922","1":"product","2":"type-product","3":"status-publish","4":"has-post-thumbnail","6":"product_cat-sudoperi-i-sifoni","8":"first","9":"instock","10":"shipping-taxable","11":"purchasable","12":"product-type-simple"},"wooqr_code":"","_links":{"self":[{"href":"https:\/\/www.gkboje.ba\/en\/wp-json\/wp\/v2\/product\/32922","targetHints":{"allow":["GET"]}}],"collection":[{"href":"https:\/\/www.gkboje.ba\/en\/wp-json\/wp\/v2\/product"}],"about":[{"href":"https:\/\/www.gkboje.ba\/en\/wp-json\/wp\/v2\/types\/product"}],"replies":[{"embeddable":true,"href":"https:\/\/www.gkboje.ba\/en\/wp-json\/wp\/v2\/comments?post=32922"}],"version-history":[{"count":4,"href":"https:\/\/www.gkboje.ba\/en\/wp-json\/wp\/v2\/product\/32922\/revisions"}],"predecessor-version":[{"id":32930,"href":"https:\/\/www.gkboje.ba\/en\/wp-json\/wp\/v2\/product\/32922\/revisions\/32930"}],"wp:featuredmedia":[{"embeddable":true,"href":"https:\/\/www.gkboje.ba\/en\/wp-json\/wp\/v2\/media\/32923"}],"wp:attachment":[{"href":"https:\/\/www.gkboje.ba\/en\/wp-json\/wp\/v2\/media?parent=32922"}],"wp:term":[{"taxonomy":"product_brand","embeddable":true,"href":"https:\/\/www.gkboje.ba\/en\/wp-json\/wp\/v2\/product_brand?post=32922"},{"taxonomy":"product_cat","embeddable":true,"href":"https:\/\/www.gkboje.ba\/en\/wp-json\/wp\/v2\/product_cat?post=32922"},{"taxonomy":"product_tag","embeddable":true,"href":"https:\/\/www.gkboje.ba\/en\/wp-json\/wp\/v2\/product_tag?post=32922"}],"curies":[{"name":"wp","href":"https:\/\/api.w.org\/{rel}","templated":true}]}}