{"id":32696,"date":"2025-05-13T23:18:21","date_gmt":"2025-05-13T21:18:21","guid":{"rendered":"https:\/\/www.gkboje.ba\/?post_type=product&#038;p=32696"},"modified":"2026-01-06T07:38:56","modified_gmt":"2026-01-06T06:38:56","slug":"bosch-procore-set-2x-baterija-4-0-ah-i-punjac-gal-1880-cv-professional","status":"publish","type":"product","link":"https:\/\/www.gkboje.ba\/en\/proizvod\/bosch-procore-set-2x-baterija-4-0-ah-i-punjac-gal-1880-cv-professional\/","title":{"rendered":"BOSCH ProCore set 2x baterija 4.0 Ah i punja\u010d GAL 1880 CV Professional"},"content":{"rendered":"<p><strong>Bosch ProCORE18V 4.0Ah<\/strong> akumulator donosi izuzetnu snagu i izdr\u017eljivost u kompaktnom i laganom formatu. Zahvaljuju\u0107i najnovijoj tehnologiji \u0107elija (21700), ovaj litij-ionski akumulator pru\u017ea istu snagu kao standardni 4 Ah akumulator, ali uz zna\u010dajno manju te\u017einu i dimenzije \u2013 idealan za profesionalne korisnike koji zahtijevaju visoku u\u010dinkovitost uz maksimalnu mobilnost.<\/p>\n<p>Tehnologija COOLPACK 2.0 omogu\u0107ava efikasnije hla\u0111enje \u0107elija i produ\u017eava vijek trajanja baterije do 135% u pore\u0111enju s klasi\u010dnim akumulatorima. Smanjena toplota pove\u0107ava radni vijek \u0107elija i osigurava stabilne performanse \u010dak i pri intenzivnom radu. Bosch litij-ionska tehnologija elimini\u0161e efekt memorije i samopra\u017enjenje, \u010dine\u0107i akumulator spremnim za rad \u010dak i nakon du\u017eeg skladi\u0161tenja.<\/p>\n<p>Kompatibilnost je zagarantovana kroz Professional 18V System, \u0161to zna\u010di da se ovaj akumulator mo\u017ee koristiti sa svim Bosch Professional 18V alatima i punja\u010dima \u2013 novim i starim.<\/p>\n<h5><strong>Klju\u010dne karakteristike:<\/strong><\/h5>\n<ul>\n<li><strong>Kompaktna snaga:<\/strong> Ista snaga kao standardni 4.0Ah, ali u manjem i lak\u0161em ku\u0107i\u0161tu.<\/li>\n<li><strong>COOLPACK 2.0 tehnologija:<\/strong> 35% bolje hla\u0111enje za produ\u017een radni vijek i ve\u0107u sigurnost.<\/li>\n<li><strong>Bez memorijskog efekta:<\/strong> Potpuno iskori\u0161tavanje kapaciteta bez gubitka snage tokom vremena.<\/li>\n<li><strong>Profesionalni 18V sistem:<\/strong> 100% kompatibilan sa svim Bosch Professional 18V alatima i punja\u010dima.<\/li>\n<li><strong>Visoka gusto\u0107a energije:<\/strong> Zahvaljuju\u0107i \u0107elijama nove generacije (21700).<\/li>\n<\/ul>\n<h5><strong>Tehni\u010dke specifikacije:<\/strong><\/h5>\n<ul>\n<li><strong>Napon akumulatora:<\/strong> 18 V<\/li>\n<li><strong>Kapacitet:<\/strong> 4.0 Ah<\/li>\n<li><strong>Tip \u0107elija:<\/strong> Li-Ion (21700)<\/li>\n<li><strong>Te\u017eina akumulatora:<\/strong> 0,515 kg<\/li>\n<li><strong>Napon punjenja:<\/strong> 14.4 \u2013 18 V<\/li>\n<li><strong>Struja punjenja:<\/strong> 8 A<\/li>\n<li><strong>Te\u017eina punja\u010da:<\/strong> 0.7 kg<\/li>\n<\/ul>\n<h5><strong>Obim isporuke:<\/strong><\/h5>\n<ul>\n<li><b>2x ProCore baterija 4.0 Ah<\/b><\/li>\n<li><b>Punja\u010d GAL 1880 CV<\/b><\/li>\n<\/ul>\n<h5><strong>Dodatne informacije:<\/strong><\/h5>\n<p><span style=\"text-decoration: underline\"><a href=\"https:\/\/www.bosch-professional.com\/hr\/hr\/products\/2-x-procore18v-4-0ah-gal-1880-cv-1600A016GF\">Sve dodatne informacije su dostupne na Bosch web stranici, klikom na ovaj tekst.<\/a><\/span><\/p>\n<p><em>Bosch \u0161ifra artikla: 1 600 A01 6GF<\/em><\/p>\n<p><em>SKU: 731293<\/em><\/p>\n<p>EAN: 3165140952910<\/p>\n","protected":false},"excerpt":{"rendered":"<p>Bosch ProCORE18V 4.0Ah akumulator donosi izuzetnu snagu i izdr\u017eljivost u kompaktnom i laganom formatu. Zahvaljuju\u0107i najnovijoj tehnologiji \u0107elija (21700), ovaj<\/p>\n","protected":false},"featured_media":32698,"comment_status":"open","ping_status":"closed","template":"","meta":[],"product_brand":[],"product_cat":[711],"product_tag":[],"class_list":{"0":"post-32696","1":"product","2":"type-product","3":"status-publish","4":"has-post-thumbnail","6":"product_cat-bosch-baterije-i-punjaci","8":"first","9":"outofstock","10":"sale","11":"shipping-taxable","12":"purchasable","13":"product-type-simple"},"wooqr_code":"","_links":{"self":[{"href":"https:\/\/www.gkboje.ba\/en\/wp-json\/wp\/v2\/product\/32696","targetHints":{"allow":["GET"]}}],"collection":[{"href":"https:\/\/www.gkboje.ba\/en\/wp-json\/wp\/v2\/product"}],"about":[{"href":"https:\/\/www.gkboje.ba\/en\/wp-json\/wp\/v2\/types\/product"}],"replies":[{"embeddable":true,"href":"https:\/\/www.gkboje.ba\/en\/wp-json\/wp\/v2\/comments?post=32696"}],"version-history":[{"count":2,"href":"https:\/\/www.gkboje.ba\/en\/wp-json\/wp\/v2\/product\/32696\/revisions"}],"predecessor-version":[{"id":33955,"href":"https:\/\/www.gkboje.ba\/en\/wp-json\/wp\/v2\/product\/32696\/revisions\/33955"}],"wp:featuredmedia":[{"embeddable":true,"href":"https:\/\/www.gkboje.ba\/en\/wp-json\/wp\/v2\/media\/32698"}],"wp:attachment":[{"href":"https:\/\/www.gkboje.ba\/en\/wp-json\/wp\/v2\/media?parent=32696"}],"wp:term":[{"taxonomy":"product_brand","embeddable":true,"href":"https:\/\/www.gkboje.ba\/en\/wp-json\/wp\/v2\/product_brand?post=32696"},{"taxonomy":"product_cat","embeddable":true,"href":"https:\/\/www.gkboje.ba\/en\/wp-json\/wp\/v2\/product_cat?post=32696"},{"taxonomy":"product_tag","embeddable":true,"href":"https:\/\/www.gkboje.ba\/en\/wp-json\/wp\/v2\/product_tag?post=32696"}],"curies":[{"name":"wp","href":"https:\/\/api.w.org\/{rel}","templated":true}]}}