{"id":32098,"date":"2025-04-21T09:28:58","date_gmt":"2025-04-21T07:28:58","guid":{"rendered":"https:\/\/www.gkboje.ba\/?post_type=product&#038;p=32098"},"modified":"2025-12-16T14:10:11","modified_gmt":"2025-12-16T13:10:11","slug":"makita-ubodna-pila-testera-4329-450-w","status":"publish","type":"product","link":"https:\/\/www.gkboje.ba\/en\/proizvod\/makita-ubodna-pila-testera-4329-450-w\/","title":{"rendered":"MAKITA Ubodna pila &#8211; testera 4329 &#8211; 450 W"},"content":{"rendered":"<p><strong>Makita 4329<\/strong> je kompaktna ubodna testera (pila) sa sna\u017enim motorom od 450 W i mogu\u0107no\u0161\u0107u oscilacijskog kretanja u 4 stepena. Zahvaljuju\u0107i \u0161irokom rasponu brzina i opcijama koso rezanja, idealna je za precizan rad u drvetu i metalu, uz nisku razinu vibracija, za\u0161titu od krhotina i udobno rukovanje.<\/p>\n<h5><strong>Klju\u010dne karakteristike:<\/strong><\/h5>\n<ul>\n<li><strong>Oscilacijsko kretanje u 4 stepena:<\/strong> Za optimalnu kontrolu i prilagodbu materijalu.<\/li>\n<li><strong>\u0160titnik protiv pra\u0161ine:<\/strong> \u0160titi korisnika od pra\u0161ine i \u010destica tokom rezanja.<\/li>\n<li><strong>Ergonomska ru\u010dka:<\/strong> Gumirana i udobna za dr\u017eanje, smanjuje umor pri du\u017eem radu.<\/li>\n<li><strong>Nizak nivo vibracija i buke:<\/strong> Omogu\u0107ava ti\u0161i i stabilniji rad.<\/li>\n<li><strong>Spremnik za imbus klju\u010d:<\/strong> Prakti\u010dno rje\u0161enje za brze prilagodbe na terenu.<\/li>\n<li><strong>Mogu\u0107nost kori\u0161tenja debljih o\u0161trica:<\/strong> Do 1.7 mm za zahtjevnije rezove.<\/li>\n<li><strong>\u010cvrsta aluminijska baza:<\/strong> Omogu\u0107ava precizno rezanje pod uglom od 0\u201345\u00b0 lijevo i desno.<\/li>\n<li><strong>Veliki prekida\u010d:<\/strong> Za lak\u0161i i kontrolisan po\u010detak rada.<\/li>\n<\/ul>\n<h5><strong>Tehni\u010dke specifikacije:<\/strong><\/h5>\n<ul>\n<li><strong>Model:<\/strong> 4329<\/li>\n<li><strong>Snaga:<\/strong> 450 W<\/li>\n<li><strong>Napon:<\/strong> 230V \u2013 50Hz<\/li>\n<li><strong>Broj pomaka u slobodnom hodu:<\/strong> 500 \u2013 3.100 min\u207b\u00b9<\/li>\n<li><strong>Oscilacijski pomak:<\/strong> 4 stepena<\/li>\n<li><strong>Visina pomaka:<\/strong> 18.0 mm<\/li>\n<li><strong>Kapacitet rezanja u drvo:<\/strong> 65 mm<\/li>\n<li><strong>Kapacitet rezanja u metal:<\/strong> 6 mm<\/li>\n<li><strong>Te\u017eina:<\/strong> 1.8 kg<\/li>\n<\/ul>\n<h5><strong>Isporu\u010deni pribor:<\/strong><\/h5>\n<ul>\n<li>Imbus klju\u010d<\/li>\n<li>List pile<\/li>\n<\/ul>\n","protected":false},"excerpt":{"rendered":"<p>Makita 4329 je kompaktna ubodna testera (pila) sa sna\u017enim motorom od 450 W i mogu\u0107no\u0161\u0107u oscilacijskog kretanja u 4 stepena.<\/p>\n","protected":false},"featured_media":32100,"comment_status":"open","ping_status":"closed","template":"","meta":[],"product_brand":[],"product_cat":[697],"product_tag":[],"class_list":{"0":"post-32098","1":"product","2":"type-product","3":"status-publish","4":"has-post-thumbnail","6":"product_cat-ubodne-pile","8":"first","9":"instock","10":"shipping-taxable","11":"purchasable","12":"product-type-simple"},"wooqr_code":"","_links":{"self":[{"href":"https:\/\/www.gkboje.ba\/en\/wp-json\/wp\/v2\/product\/32098","targetHints":{"allow":["GET"]}}],"collection":[{"href":"https:\/\/www.gkboje.ba\/en\/wp-json\/wp\/v2\/product"}],"about":[{"href":"https:\/\/www.gkboje.ba\/en\/wp-json\/wp\/v2\/types\/product"}],"replies":[{"embeddable":true,"href":"https:\/\/www.gkboje.ba\/en\/wp-json\/wp\/v2\/comments?post=32098"}],"version-history":[{"count":1,"href":"https:\/\/www.gkboje.ba\/en\/wp-json\/wp\/v2\/product\/32098\/revisions"}],"predecessor-version":[{"id":32104,"href":"https:\/\/www.gkboje.ba\/en\/wp-json\/wp\/v2\/product\/32098\/revisions\/32104"}],"wp:featuredmedia":[{"embeddable":true,"href":"https:\/\/www.gkboje.ba\/en\/wp-json\/wp\/v2\/media\/32100"}],"wp:attachment":[{"href":"https:\/\/www.gkboje.ba\/en\/wp-json\/wp\/v2\/media?parent=32098"}],"wp:term":[{"taxonomy":"product_brand","embeddable":true,"href":"https:\/\/www.gkboje.ba\/en\/wp-json\/wp\/v2\/product_brand?post=32098"},{"taxonomy":"product_cat","embeddable":true,"href":"https:\/\/www.gkboje.ba\/en\/wp-json\/wp\/v2\/product_cat?post=32098"},{"taxonomy":"product_tag","embeddable":true,"href":"https:\/\/www.gkboje.ba\/en\/wp-json\/wp\/v2\/product_tag?post=32098"}],"curies":[{"name":"wp","href":"https:\/\/api.w.org\/{rel}","templated":true}]}}