{"id":29569,"date":"2025-03-23T13:16:16","date_gmt":"2025-03-23T12:16:16","guid":{"rendered":"https:\/\/www.gkboje.ba\/?post_type=product&#038;p=29569"},"modified":"2025-07-30T09:43:11","modified_gmt":"2025-07-30T07:43:11","slug":"makita-aku-ugaona-kutna-brusilica-dga452z-115-mm-solo","status":"publish","type":"product","link":"https:\/\/www.gkboje.ba\/en\/proizvod\/makita-aku-ugaona-kutna-brusilica-dga452z-115-mm-solo\/","title":{"rendered":"MAKITA Aku ugaona &#8211; kutna brusilica DGA452Z &#8211; 115 mm (Solo)"},"content":{"rendered":"<p><strong>Makita DGA452Z<\/strong> je kompaktna i prakti\u010dna akumulatorska kutna brusilica od 18 V, idealna za mobilne zadatke bru\u0161enja i rezanja. Zahvaljuju\u0107i brzini rotacije od 11.000 min\u207b\u00b9 i brusnoj plo\u010di \u00d8115 mm, omogu\u0107ava efikasan rad na razli\u010ditim materijalima, bez potrebe za kablovima.<\/p>\n<p>Opremljena je za\u0161titom od slu\u010dajnog pokretanja, elektronskim limitatorom struje i ergonomski dizajniranim ku\u0107i\u0161tem koje pru\u017ea udobnost pri radu jednom rukom.<\/p>\n<h5>Klju\u010dne karakteristike:<\/h5>\n<ul>\n<li><strong>Be\u017ei\u010dni rad:<\/strong> Potpuna sloboda kretanja bez kablova, idealno za rad na terenu.<\/li>\n<li><strong>Elektronski limitator struje:<\/strong> Sprje\u010dava preoptere\u0107enje i \u0161titi alat, uz lampicu upozorenja.<\/li>\n<li><strong>Za\u0161tita od ponovnog pokretanja:<\/strong> Sprje\u010dava slu\u010dajno uklju\u010divanje kada je prekida\u010d ostao u ON poziciji.<\/li>\n<li><strong>Ergonomski dizajn:<\/strong> Ku\u0107i\u0161te je dizajnirano za lako rukovanje i udobnost pri radu jednom rukom.<\/li>\n<li><strong>Klizni prekida\u010d:<\/strong> Jednostavno uklju\u010divanje i isklju\u010divanje tokom rada.<\/li>\n<\/ul>\n<h5>Tehni\u010dke specifikacije:<\/h5>\n<ul>\n<li><strong>Proizvo\u0111a\u010d:<\/strong> Makita<\/li>\n<li><strong>Model:<\/strong> DGA452Z<\/li>\n<li><strong>Napon akumulatora:<\/strong> 18 V LXT<\/li>\n<li><strong>Kapacitet akumulatora:<\/strong> 1.5 \/ 2.0 \/ 3.0 \/ 4.0 \/ 5.0 \/ 6.0 Ah<\/li>\n<li><strong>Vrsta akumulatora:<\/strong> Li-ion<\/li>\n<li><strong>Brzina u praznom hodu:<\/strong> 11.000 min\u207b\u00b9<\/li>\n<li><strong>Brusna plo\u010da:<\/strong> \u00d8115 mm<\/li>\n<li><strong>Provrt brusne plo\u010de:<\/strong> \u00d822.23 mm<\/li>\n<li><strong>Dimenzije (D x \u0160 x V):<\/strong> 317 x 129 x 126 mm<\/li>\n<li><strong>Te\u017eina:<\/strong> 2.7 kg<\/li>\n<li><strong>Zvu\u010dni pritisak:<\/strong> 79.0 dB(A)<\/li>\n<li><strong>Odstupanje buke (K):<\/strong> 3.0 dB(A)<\/li>\n<li><strong>Vibracije \u2013 bru\u0161enje:<\/strong> 10.0 m\/s\u00b2<\/li>\n<li><strong>Vibracije \u2013 pomo\u0107na ru\u010dka:<\/strong> 2.5 m\/s\u00b2<\/li>\n<li><strong>Odstupanje vibracija (K):<\/strong> 1.5 m\/s\u00b2<\/li>\n<\/ul>\n<h5>Napomena:<\/h5>\n<ul>\n<li>Ure\u0111aj se isporu\u010duje bez baterije i punja\u010da.<\/li>\n<\/ul>\n<h5><strong style=\"color: #1b1919\">Dodatne informacije:<\/strong><\/h5>\n<p><span style=\"text-decoration: underline\"><em><a href=\"https:\/\/olx.ba\/artikal\/67206746\">Ovaj artikal mo\u017eete pogledati i na na\u0161em OLX profilu, klikom na ovaj tekst.<\/a><\/em><\/span><\/p>\n","protected":false},"excerpt":{"rendered":"<p>Makita DGA452Z je kompaktna i prakti\u010dna akumulatorska kutna brusilica od 18 V, idealna za mobilne zadatke bru\u0161enja i rezanja. Zahvaljuju\u0107i<\/p>\n","protected":false},"featured_media":29574,"comment_status":"open","ping_status":"closed","template":"","meta":[],"product_brand":[],"product_cat":[705],"product_tag":[],"class_list":{"0":"post-29569","1":"product","2":"type-product","3":"status-publish","4":"has-post-thumbnail","6":"product_cat-aku-ugaone-kutne-brusilice","8":"first","9":"instock","10":"sale","11":"shipping-taxable","12":"purchasable","13":"product-type-simple"},"wooqr_code":"","_links":{"self":[{"href":"https:\/\/www.gkboje.ba\/en\/wp-json\/wp\/v2\/product\/29569","targetHints":{"allow":["GET"]}}],"collection":[{"href":"https:\/\/www.gkboje.ba\/en\/wp-json\/wp\/v2\/product"}],"about":[{"href":"https:\/\/www.gkboje.ba\/en\/wp-json\/wp\/v2\/types\/product"}],"replies":[{"embeddable":true,"href":"https:\/\/www.gkboje.ba\/en\/wp-json\/wp\/v2\/comments?post=29569"}],"version-history":[{"count":3,"href":"https:\/\/www.gkboje.ba\/en\/wp-json\/wp\/v2\/product\/29569\/revisions"}],"predecessor-version":[{"id":29690,"href":"https:\/\/www.gkboje.ba\/en\/wp-json\/wp\/v2\/product\/29569\/revisions\/29690"}],"wp:featuredmedia":[{"embeddable":true,"href":"https:\/\/www.gkboje.ba\/en\/wp-json\/wp\/v2\/media\/29574"}],"wp:attachment":[{"href":"https:\/\/www.gkboje.ba\/en\/wp-json\/wp\/v2\/media?parent=29569"}],"wp:term":[{"taxonomy":"product_brand","embeddable":true,"href":"https:\/\/www.gkboje.ba\/en\/wp-json\/wp\/v2\/product_brand?post=29569"},{"taxonomy":"product_cat","embeddable":true,"href":"https:\/\/www.gkboje.ba\/en\/wp-json\/wp\/v2\/product_cat?post=29569"},{"taxonomy":"product_tag","embeddable":true,"href":"https:\/\/www.gkboje.ba\/en\/wp-json\/wp\/v2\/product_tag?post=29569"}],"curies":[{"name":"wp","href":"https:\/\/api.w.org\/{rel}","templated":true}]}}