{"id":29520,"date":"2025-03-22T18:58:11","date_gmt":"2025-03-22T17:58:11","guid":{"rendered":"https:\/\/www.gkboje.ba\/?post_type=product&#038;p=29520"},"modified":"2025-07-30T09:43:11","modified_gmt":"2025-07-30T07:43:11","slug":"makita-ugaona-kutna-brusilica-ga4530-720-w","status":"publish","type":"product","link":"https:\/\/www.gkboje.ba\/en\/proizvod\/makita-ugaona-kutna-brusilica-ga4530-720-w\/","title":{"rendered":"MAKITA Ugaona &#8211; kutna brusilica GA4530 &#8211; 115 mm \/ 720 W"},"content":{"rendered":"<p><strong>Makita GA4530<\/strong> je kompaktna i lagana kutna brusilica sa snagom od 720 W i brzinom od 11.000 min\u207b\u00b9, dizajnirana za izvrsnu kontrolu i upravljivost. Malo ku\u0107i\u0161te mjenja\u010da i ergonomska bo\u010dna ru\u010dka pod kutom od 20 stepeni omogu\u0107avaju lako rukovanje i rad jednom rukom.<\/p>\n<p>Motor visoke kvalitete otporan na visoke temperature, sto\u017easti zup\u010danici s produ\u017eenim vijekom trajanja i dvostruka za\u0161tita od pra\u0161ine \u010dine ovu brusilicu pouzdanim alatom za dugotrajnu upotrebu.<\/p>\n<h5>Klju\u010dne karakteristike:<\/h5>\n<ul>\n<li><strong>Kompaktan i lagan dizajn:<\/strong> Pru\u017ea izvrsnu kontrolu i upravljivost ure\u0111aja.<\/li>\n<li><strong>Malo ku\u0107i\u0161te mjenja\u010da:<\/strong> Omogu\u0107ava lako rukovanje i bolju upravljivost.<\/li>\n<li><strong>Poluga prekida\u010da:<\/strong> Prikladno smje\u0161tena za jednostavan rad jednom rukom.<\/li>\n<li><strong>Bo\u010dna ru\u010dka pod kutom od 20\u00b0:<\/strong> Pove\u0107an ugao za lak\u0161e rukovanje u pore\u0111enju s konvencionalnih 10\u00b0.<\/li>\n<li><strong>Motor visoke kvalitete:<\/strong> Otporan na visoke temperature za dugotrajan rad.<\/li>\n<li><strong>Sto\u017easti zup\u010danici:<\/strong> Osiguravaju dva ili vi\u0161e puta du\u017ei vijek trajanja.<\/li>\n<li><strong>Dvostruka za\u0161tita od pra\u0161ine:<\/strong> Labirintna brtva \u0161titi kugli\u010dne le\u017eajeve, zup\u010danike i motor.<\/li>\n<\/ul>\n<h5>Tehni\u010dke specifikacije:<\/h5>\n<ul>\n<li><strong>Potro\u0161nja snage:<\/strong> 720 W<\/li>\n<li><strong>Broj okretaja u slobodnom hodu:<\/strong> 11.000 min\u207b\u00b9<\/li>\n<li><strong>Veli\u010dina priklju\u010dka:<\/strong> M14<\/li>\n<li><strong>Provrt brusne plo\u010de:<\/strong> \u00d822.23 mm<\/li>\n<li><strong>Brusna plo\u010da (\u00d8):<\/strong> 115 mm<\/li>\n<li><strong>Dimenzije (Dx\u0160xV):<\/strong> 266 x 128 x 103 mm<\/li>\n<li><strong>Te\u017eina prema EPTA:<\/strong> 1.8 kg<\/li>\n<li><strong>Zvu\u010dni pritisak:<\/strong> 88.0 dB(A)<\/li>\n<li><strong>Zvu\u010dna snaga:<\/strong> 96.0 dB(A)<\/li>\n<li><strong>Odstupanje buke (K):<\/strong> 3.0 dB(A)<\/li>\n<li><strong>Vibracije bru\u0161enja:<\/strong> 7.5 m\/s\u00b2<\/li>\n<li><strong>Vibracije (pomo\u0107u ru\u010dke):<\/strong> 2.5 m\/s\u00b2<\/li>\n<li><strong>Odstupanje vibracija (K):<\/strong> 1.5 m\/s\u00b2<\/li>\n<\/ul>\n<h5>Isporu\u010deni pribor:<\/h5>\n<ul>\n<li>\u0160titnik<\/li>\n<li>Dr\u0161ka<\/li>\n<li>Stezna prirubnica<\/li>\n<li>Prirubna matica<\/li>\n<li>Klju\u010d za zamjenu plo\u010de<\/li>\n<\/ul>\n<h5><strong style=\"color: #1b1919\">Dodatne informacije:<\/strong><\/h5>\n<p><span style=\"text-decoration: underline\"><em><a href=\"https:\/\/olx.ba\/artikal\/67174962\">Ovaj artikal mo\u017eete pogledati i na na\u0161em OLX profilu, klikom na ovaj tekst.<\/a><\/em><\/span><\/p>\n","protected":false},"excerpt":{"rendered":"<p>Makita GA4530 je kompaktna i lagana kutna brusilica sa snagom od 720 W i brzinom od 11.000 min\u207b\u00b9, dizajnirana za<\/p>\n","protected":false},"featured_media":29524,"comment_status":"open","ping_status":"closed","template":"","meta":[],"product_brand":[],"product_cat":[702],"product_tag":[],"class_list":{"0":"post-29520","1":"product","2":"type-product","3":"status-publish","4":"has-post-thumbnail","6":"product_cat-ugaone-kutne-brusilice","8":"first","9":"instock","10":"sale","11":"shipping-taxable","12":"purchasable","13":"product-type-simple"},"wooqr_code":"","_links":{"self":[{"href":"https:\/\/www.gkboje.ba\/en\/wp-json\/wp\/v2\/product\/29520","targetHints":{"allow":["GET"]}}],"collection":[{"href":"https:\/\/www.gkboje.ba\/en\/wp-json\/wp\/v2\/product"}],"about":[{"href":"https:\/\/www.gkboje.ba\/en\/wp-json\/wp\/v2\/types\/product"}],"replies":[{"embeddable":true,"href":"https:\/\/www.gkboje.ba\/en\/wp-json\/wp\/v2\/comments?post=29520"}],"version-history":[{"count":3,"href":"https:\/\/www.gkboje.ba\/en\/wp-json\/wp\/v2\/product\/29520\/revisions"}],"predecessor-version":[{"id":35169,"href":"https:\/\/www.gkboje.ba\/en\/wp-json\/wp\/v2\/product\/29520\/revisions\/35169"}],"wp:featuredmedia":[{"embeddable":true,"href":"https:\/\/www.gkboje.ba\/en\/wp-json\/wp\/v2\/media\/29524"}],"wp:attachment":[{"href":"https:\/\/www.gkboje.ba\/en\/wp-json\/wp\/v2\/media?parent=29520"}],"wp:term":[{"taxonomy":"product_brand","embeddable":true,"href":"https:\/\/www.gkboje.ba\/en\/wp-json\/wp\/v2\/product_brand?post=29520"},{"taxonomy":"product_cat","embeddable":true,"href":"https:\/\/www.gkboje.ba\/en\/wp-json\/wp\/v2\/product_cat?post=29520"},{"taxonomy":"product_tag","embeddable":true,"href":"https:\/\/www.gkboje.ba\/en\/wp-json\/wp\/v2\/product_tag?post=29520"}],"curies":[{"name":"wp","href":"https:\/\/api.w.org\/{rel}","templated":true}]}}