{"id":28095,"date":"2025-03-19T22:14:07","date_gmt":"2025-03-19T21:14:07","guid":{"rendered":"https:\/\/www.gkboje.ba\/?post_type=product&#038;p=28095"},"modified":"2026-03-13T13:44:50","modified_gmt":"2026-03-13T12:44:50","slug":"scheppach-plug-razgrtac-podesavajuci-za-mtp750","status":"publish","type":"product","link":"https:\/\/www.gkboje.ba\/en\/proizvod\/scheppach-plug-razgrtac-podesavajuci-za-mtp750\/","title":{"rendered":"SCHEPPACH Plug razgrta\u010d &#8211; pode\u0161avaju\u0107i za MTP750"},"content":{"rendered":"<p data-start=\"56\" data-end=\"336\">Ovaj podesivi plug kompatibilan je s kultivatorom MTP750 i omogu\u0107ava jednostavno prilago\u0111avanje radnih parametara za efikasniju obradu tla. Zahvaljuju\u0107i robusnoj konstrukciji i kvalitetnim materijalima, osigurava pouzdanost i dug vijek trajanja, \u010dak i pri zahtjevnim zadacima.<\/p>\n<p data-start=\"338\" data-end=\"627\">Dizajniran je tako da se lako montira i demontira bez potrebe za dodatnim alatom, \u0161to omogu\u0107ava brzu prilagodbu razli\u010ditim vrstama zemlji\u0161ta i radnim uvjetima. Njegova funkcionalnost poma\u017ee u optimizaciji performansi kultivatora, \u010dine\u0107i ga jo\u0161 efikasnijim u vrtlarstvu i poljoprivredi.<\/p>\n<p data-start=\"629\" data-end=\"794\" data-is-last-node=\"\" data-is-only-node=\"\">Bilo da pripremate tlo za sjetvu, odr\u017eavate postoje\u0107e nasade ili pobolj\u0161avate strukturu zemlji\u0161ta, ovaj plug \u0107e vam zna\u010dajno olak\u0161ati posao i pove\u0107ati produktivnost.<\/p>\n<p><strong style=\"color: #1b1919\">Dodatne informacije:<\/strong><\/p>\n<p><span style=\"text-decoration: underline\"><em><a href=\"https:\/\/olx.ba\/artikal\/67135939\">Ovaj artikal mo\u017eete pogledati i na na\u0161em OLX profilu, klikom na ovaj tekst.<\/a><\/em><\/span><\/p>\n","protected":false},"excerpt":{"rendered":"<p>Ovaj podesivi plug kompatibilan je s kultivatorom MTP750 i omogu\u0107ava jednostavno prilago\u0111avanje radnih parametara za efikasniju obradu tla. Zahvaljuju\u0107i robusnoj<\/p>\n","protected":false},"featured_media":28097,"comment_status":"open","ping_status":"closed","template":"","meta":[],"product_brand":[],"product_cat":[925],"product_tag":[],"class_list":{"0":"post-28095","1":"product","2":"type-product","3":"status-publish","4":"has-post-thumbnail","6":"product_cat-freze-kopacice","8":"first","9":"instock","10":"shipping-taxable","11":"purchasable","12":"product-type-simple"},"wooqr_code":"","_links":{"self":[{"href":"https:\/\/www.gkboje.ba\/en\/wp-json\/wp\/v2\/product\/28095","targetHints":{"allow":["GET"]}}],"collection":[{"href":"https:\/\/www.gkboje.ba\/en\/wp-json\/wp\/v2\/product"}],"about":[{"href":"https:\/\/www.gkboje.ba\/en\/wp-json\/wp\/v2\/types\/product"}],"replies":[{"embeddable":true,"href":"https:\/\/www.gkboje.ba\/en\/wp-json\/wp\/v2\/comments?post=28095"}],"version-history":[{"count":3,"href":"https:\/\/www.gkboje.ba\/en\/wp-json\/wp\/v2\/product\/28095\/revisions"}],"predecessor-version":[{"id":28101,"href":"https:\/\/www.gkboje.ba\/en\/wp-json\/wp\/v2\/product\/28095\/revisions\/28101"}],"wp:featuredmedia":[{"embeddable":true,"href":"https:\/\/www.gkboje.ba\/en\/wp-json\/wp\/v2\/media\/28097"}],"wp:attachment":[{"href":"https:\/\/www.gkboje.ba\/en\/wp-json\/wp\/v2\/media?parent=28095"}],"wp:term":[{"taxonomy":"product_brand","embeddable":true,"href":"https:\/\/www.gkboje.ba\/en\/wp-json\/wp\/v2\/product_brand?post=28095"},{"taxonomy":"product_cat","embeddable":true,"href":"https:\/\/www.gkboje.ba\/en\/wp-json\/wp\/v2\/product_cat?post=28095"},{"taxonomy":"product_tag","embeddable":true,"href":"https:\/\/www.gkboje.ba\/en\/wp-json\/wp\/v2\/product_tag?post=28095"}],"curies":[{"name":"wp","href":"https:\/\/api.w.org\/{rel}","templated":true}]}}