{"id":27313,"date":"2025-03-15T10:53:05","date_gmt":"2025-03-15T09:53:05","guid":{"rendered":"https:\/\/www.gkboje.ba\/?post_type=product&#038;p=27313"},"modified":"2026-03-18T00:57:52","modified_gmt":"2026-03-17T23:57:52","slug":"scheppach-stalak-za-cjepac-za-drva-hl760l","status":"publish","type":"product","link":"https:\/\/www.gkboje.ba\/en\/proizvod\/scheppach-stalak-za-cjepac-za-drva-hl760l\/","title":{"rendered":"SCHEPPACH Stalak za cjepa\u010d za drva HL760L"},"content":{"rendered":"<p>Stalak za cjepa\u010d za drva HL760L<\/p>\n<h5><strong>Dodatne informacije:<\/strong><\/h5>\n<p><span style=\"text-decoration: underline\"><em><a href=\"https:\/\/olx.ba\/artikal\/67043997\">Ovaj artikal mo\u017eete pogledati i na na\u0161em OLX profilu, klikom na ovaj tekst.<\/a><\/em><\/span><\/p>\n","protected":false},"excerpt":{"rendered":"<p>Stalak za cjepa\u010d za drva HL760L Dodatne informacije: Ovaj artikal mo\u017eete pogledati i na na\u0161em OLX profilu, klikom na ovaj<\/p>\n","protected":false},"featured_media":27318,"comment_status":"open","ping_status":"closed","template":"","meta":[],"product_brand":[],"product_cat":[923],"product_tag":[],"class_list":{"0":"post-27313","1":"product","2":"type-product","3":"status-publish","4":"has-post-thumbnail","6":"product_cat-cjepaci","8":"first","9":"outofstock","10":"shipping-taxable","11":"purchasable","12":"product-type-simple"},"wooqr_code":"","_links":{"self":[{"href":"https:\/\/www.gkboje.ba\/en\/wp-json\/wp\/v2\/product\/27313","targetHints":{"allow":["GET"]}}],"collection":[{"href":"https:\/\/www.gkboje.ba\/en\/wp-json\/wp\/v2\/product"}],"about":[{"href":"https:\/\/www.gkboje.ba\/en\/wp-json\/wp\/v2\/types\/product"}],"replies":[{"embeddable":true,"href":"https:\/\/www.gkboje.ba\/en\/wp-json\/wp\/v2\/comments?post=27313"}],"version-history":[{"count":1,"href":"https:\/\/www.gkboje.ba\/en\/wp-json\/wp\/v2\/product\/27313\/revisions"}],"predecessor-version":[{"id":27320,"href":"https:\/\/www.gkboje.ba\/en\/wp-json\/wp\/v2\/product\/27313\/revisions\/27320"}],"wp:featuredmedia":[{"embeddable":true,"href":"https:\/\/www.gkboje.ba\/en\/wp-json\/wp\/v2\/media\/27318"}],"wp:attachment":[{"href":"https:\/\/www.gkboje.ba\/en\/wp-json\/wp\/v2\/media?parent=27313"}],"wp:term":[{"taxonomy":"product_brand","embeddable":true,"href":"https:\/\/www.gkboje.ba\/en\/wp-json\/wp\/v2\/product_brand?post=27313"},{"taxonomy":"product_cat","embeddable":true,"href":"https:\/\/www.gkboje.ba\/en\/wp-json\/wp\/v2\/product_cat?post=27313"},{"taxonomy":"product_tag","embeddable":true,"href":"https:\/\/www.gkboje.ba\/en\/wp-json\/wp\/v2\/product_tag?post=27313"}],"curies":[{"name":"wp","href":"https:\/\/api.w.org\/{rel}","templated":true}]}}