{"id":26652,"date":"2025-04-09T00:05:14","date_gmt":"2025-04-08T22:05:14","guid":{"rendered":"https:\/\/www.gkboje.ba\/?post_type=product&#038;p=26652"},"modified":"2026-01-06T07:38:55","modified_gmt":"2026-01-06T06:38:55","slug":"bosch-sprej-za-njegu-vrtnih-alata","status":"publish","type":"product","link":"https:\/\/www.gkboje.ba\/en\/proizvod\/bosch-sprej-za-njegu-vrtnih-alata\/","title":{"rendered":"BOSCH Sprej za njegu vrtnih alata"},"content":{"rendered":"<p class=\"BenefitsAndFeatures_benefitsAndFeaturesTitle__H_0V6\">Dugoro\u010dna njega vrtnih alata<\/p>\n<ul class=\"BenefitsAndFeatures_benefitsAndFeatures__ZWSUY\">\n<li>Poma\u017ee pri odr\u017eavanju jednako visokih performansi kroz dulje vremensko razdoblje<\/li>\n<li>\u010cisti i njeguje vrtne alate kako bi osigurao njihov optimalan rad<\/li>\n<\/ul>\n","protected":false},"excerpt":{"rendered":"<p>Dugoro\u010dna njega vrtnih alata Poma\u017ee pri odr\u017eavanju jednako visokih performansi kroz dulje vremensko razdoblje \u010cisti i njeguje vrtne alate kako<\/p>\n","protected":false},"featured_media":26662,"comment_status":"open","ping_status":"closed","template":"","meta":[],"product_brand":[],"product_cat":[1150],"product_tag":[1317],"class_list":{"0":"post-26652","1":"product","2":"type-product","3":"status-publish","4":"has-post-thumbnail","6":"product_cat-ostali-vrtni-alati-i-masine","7":"product_tag-bosch-diy-garden","9":"first","10":"instock","11":"sale","12":"shipping-taxable","13":"purchasable","14":"product-type-simple"},"wooqr_code":"","_links":{"self":[{"href":"https:\/\/www.gkboje.ba\/en\/wp-json\/wp\/v2\/product\/26652","targetHints":{"allow":["GET"]}}],"collection":[{"href":"https:\/\/www.gkboje.ba\/en\/wp-json\/wp\/v2\/product"}],"about":[{"href":"https:\/\/www.gkboje.ba\/en\/wp-json\/wp\/v2\/types\/product"}],"replies":[{"embeddable":true,"href":"https:\/\/www.gkboje.ba\/en\/wp-json\/wp\/v2\/comments?post=26652"}],"version-history":[{"count":1,"href":"https:\/\/www.gkboje.ba\/en\/wp-json\/wp\/v2\/product\/26652\/revisions"}],"predecessor-version":[{"id":26666,"href":"https:\/\/www.gkboje.ba\/en\/wp-json\/wp\/v2\/product\/26652\/revisions\/26666"}],"wp:featuredmedia":[{"embeddable":true,"href":"https:\/\/www.gkboje.ba\/en\/wp-json\/wp\/v2\/media\/26662"}],"wp:attachment":[{"href":"https:\/\/www.gkboje.ba\/en\/wp-json\/wp\/v2\/media?parent=26652"}],"wp:term":[{"taxonomy":"product_brand","embeddable":true,"href":"https:\/\/www.gkboje.ba\/en\/wp-json\/wp\/v2\/product_brand?post=26652"},{"taxonomy":"product_cat","embeddable":true,"href":"https:\/\/www.gkboje.ba\/en\/wp-json\/wp\/v2\/product_cat?post=26652"},{"taxonomy":"product_tag","embeddable":true,"href":"https:\/\/www.gkboje.ba\/en\/wp-json\/wp\/v2\/product_tag?post=26652"}],"curies":[{"name":"wp","href":"https:\/\/api.w.org\/{rel}","templated":true}]}}