{"id":26587,"date":"2025-04-09T00:04:17","date_gmt":"2025-04-08T22:04:17","guid":{"rendered":"https:\/\/www.gkboje.ba\/?post_type=product&#038;p=26587"},"modified":"2026-03-22T20:42:14","modified_gmt":"2026-03-22T19:42:14","slug":"bosch-visokotlacni-perac-vap-universalaquatak-135-home-garden","status":"publish","type":"product","link":"https:\/\/www.gkboje.ba\/en\/proizvod\/bosch-visokotlacni-perac-vap-universalaquatak-135-home-garden\/","title":{"rendered":"BOSCH Visokotla\u010dni pera\u010d &#8211; VAP UniversalAquatak 135 &#8211; 135 bar \/ 1900 W | Home &amp; Garden"},"content":{"rendered":"<p data-start=\"96\" data-end=\"717\"><strong>Bosch UniversalAquatak 135<\/strong> nudi sna\u017eno i fleksibilno visokotla\u010dno \u010di\u0161\u0107enje za razli\u010dite primjene, uklju\u010duju\u0107i pranje automobila, terasa, fasada, prilaza i vrtnog namje\u0161taja. Mlaznica 3-u-1 omogu\u0107ava prilagodbu mlaza prema potrebi \u2013 lepezasti, rotacijski i to\u010dkasti mlaz osiguravaju optimalne rezultate u svim uvjetima. Visokotla\u010dna mlaznica za deterd\u017eent od 450 ml omogu\u0107ava brzo i jednostavno nano\u0161enje sapunice, dok produ\u017ena ru\u010dka i veliki kota\u010di olak\u0161avaju transport i skladi\u0161tenje. Tihi rad motora smanjuje buku, a spremi\u0161te za pribor \u010dini kori\u0161tenje prakti\u010dnim i organiziranim.<\/p>\n<h5 data-start=\"719\" data-end=\"746\"><strong data-start=\"723\" data-end=\"744\">Klju\u010dne zna\u010dajke:<\/strong><\/h5>\n<ul data-start=\"748\" data-end=\"1435\">\n<li data-start=\"748\" data-end=\"849\"><strong data-start=\"750\" data-end=\"796\">Sna\u017ean motor od 1.900 W i tlak od 135 bara<\/strong> \u2013 Pru\u017ea visokou\u010dinkovito \u010di\u0161\u0107enje raznih povr\u0161ina.<\/li>\n<li data-start=\"850\" data-end=\"952\"><strong data-start=\"852\" data-end=\"875\">Mlaznica Trio 3-u-1<\/strong> \u2013 Lepezasti, rotacijski i to\u010dkasti mlaz za prilagodbu razli\u010ditim zadacima.<\/li>\n<li data-start=\"953\" data-end=\"1062\"><strong data-start=\"955\" data-end=\"1003\">Visokotla\u010dna mlaznica za deterd\u017eent (450 ml)<\/strong> \u2013 Omogu\u0107ava brzo nano\u0161enje sapunice za temeljito pranje.<\/li>\n<li data-start=\"1063\" data-end=\"1147\"><strong data-start=\"1065\" data-end=\"1099\">Produ\u017ena ru\u010dka i veliki kota\u010di<\/strong> \u2013 Pru\u017eaju ve\u0107u mobilnost i lako skladi\u0161tenje.<\/li>\n<li data-start=\"1148\" data-end=\"1229\"><strong data-start=\"1150\" data-end=\"1186\">Tihi motor s niskom razinom buke<\/strong> \u2013 Omogu\u0107ava ugodnije kori\u0161tenje ure\u0111aja.<\/li>\n<li data-start=\"1230\" data-end=\"1333\"><strong data-start=\"1232\" data-end=\"1290\">Spojnice na pritisak i integrirano spremi\u0161te za pribor<\/strong> \u2013 Osiguravaju brzu i prakti\u010dnu upotrebu.<\/li>\n<li data-start=\"1334\" data-end=\"1435\"><strong data-start=\"1336\" data-end=\"1372\">Duljina crijeva 7 m i kabela 5 m<\/strong> \u2013 Omogu\u0107ava fleksibilan rad bez \u010destog premje\u0161tanja ure\u0111aja.<\/li>\n<\/ul>\n<h5 data-start=\"1437\" data-end=\"1470\"><strong data-start=\"1441\" data-end=\"1468\">Tehni\u010dke specifikacije:<\/strong><\/h5>\n<ul data-start=\"1472\" data-end=\"2046\">\n<li data-start=\"1472\" data-end=\"1501\"><strong data-start=\"1474\" data-end=\"1491\">Snaga motora:<\/strong> 1.900 W<\/li>\n<li data-start=\"1502\" data-end=\"1534\"><strong data-start=\"1504\" data-end=\"1524\">Maksimalni tlak:<\/strong> 135 bar<\/li>\n<li data-start=\"1535\" data-end=\"1574\"><strong data-start=\"1537\" data-end=\"1564\">Maksimalni protok vode:<\/strong> 7.5 l\/min<\/li>\n<li data-start=\"1575\" data-end=\"1622\"><strong data-start=\"1577\" data-end=\"1614\">Dovodna temperatura vode (maks.):<\/strong> 40 \u00b0C<\/li>\n<li data-start=\"1623\" data-end=\"1671\"><strong data-start=\"1625\" data-end=\"1663\">Mogu\u0107nost samostalnog dovoda vode:<\/strong> 0.5 m<\/li>\n<li data-start=\"1672\" data-end=\"1744\"><strong data-start=\"1674\" data-end=\"1697\">Sustav deterd\u017eenta:<\/strong> Visokotla\u010dna mlaznica za deterd\u017eent (450 ml)<\/li>\n<li data-start=\"1745\" data-end=\"1786\"><strong data-start=\"1747\" data-end=\"1761\">Tip crpke:<\/strong> 3 cilindra, puni metal<\/li>\n<li data-start=\"1787\" data-end=\"1813\"><strong data-start=\"1789\" data-end=\"1804\">Tip motora:<\/strong> Serija<\/li>\n<li data-start=\"1814\" data-end=\"1841\"><strong data-start=\"1816\" data-end=\"1835\">Duljina kabela:<\/strong> 5 m<\/li>\n<li data-start=\"1842\" data-end=\"1876\"><strong data-start=\"1844\" data-end=\"1864\">Duljina crijeva:<\/strong> 7 m (PVC)<\/li>\n<li data-start=\"1877\" data-end=\"1905\"><strong data-start=\"1879\" data-end=\"1896\">Visina ru\u010dke:<\/strong> 0.87 m<\/li>\n<li data-start=\"1906\" data-end=\"1951\"><strong data-start=\"1908\" data-end=\"1940\">Bubanj za namatanje crijeva:<\/strong> Manualno<\/li>\n<li data-start=\"1952\" data-end=\"2009\"><strong data-start=\"1954\" data-end=\"1988\">Dimenzije ure\u0111aja (D x \u0160 x V):<\/strong> 446 x 375 x 363 mm<\/li>\n<li data-start=\"2010\" data-end=\"2046\"><strong data-start=\"2012\" data-end=\"2037\">Te\u017eina (bez pribora):<\/strong> 7.9 kg<\/li>\n<\/ul>\n<h5 data-start=\"2048\" data-end=\"2067\"><strong data-start=\"2052\" data-end=\"2065\">Primjene:<\/strong><\/h5>\n<ul data-start=\"2069\" data-end=\"2300\">\n<li data-start=\"2069\" data-end=\"2118\">Pranje automobila, bicikala i motocikala.<\/li>\n<li data-start=\"2119\" data-end=\"2171\">\u010ci\u0161\u0107enje terasa, dvori\u0161ta, prilaza i fasada.<\/li>\n<li data-start=\"2172\" data-end=\"2226\">Odr\u017eavanje vrtnog namje\u0161taja, ograda i bazena.<\/li>\n<li data-start=\"2227\" data-end=\"2300\">Uklanjanje tvrdokorne prljav\u0161tine s kamenih i betonskih povr\u0161ina.<\/li>\n<\/ul>\n<h5 data-start=\"2302\" data-end=\"2354\"><strong data-start=\"2306\" data-end=\"2352\">Za\u0161to odabrati Bosch UniversalAquatak 135?<\/strong><\/h5>\n<ul data-start=\"2356\" data-end=\"2775\">\n<li data-start=\"2356\" data-end=\"2450\"><strong data-start=\"2358\" data-end=\"2389\">Visoka snaga i u\u010dinkovitost<\/strong> \u2013 Idealan za brzo i u\u010dinkovito \u010di\u0161\u0107enje vanjskih povr\u0161ina.<\/li>\n<li data-start=\"2451\" data-end=\"2531\"><strong data-start=\"2453\" data-end=\"2481\">Svestrana mlaznica 3-u-1<\/strong> \u2013 Prilago\u0111ava se razli\u010ditim potrebama \u010di\u0161\u0107enja.<\/li>\n<li data-start=\"2532\" data-end=\"2621\"><strong data-start=\"2534\" data-end=\"2569\">Kompaktna i lagana konstrukcija<\/strong> \u2013 Omogu\u0107ava jednostavno skladi\u0161tenje i transport.<\/li>\n<li data-start=\"2622\" data-end=\"2692\"><strong data-start=\"2624\" data-end=\"2659\">Integrirano spremi\u0161te za pribor<\/strong> \u2013 Olak\u0161ava organizaciju i rad.<\/li>\n<li data-start=\"2693\" data-end=\"2775\"><strong data-start=\"2695\" data-end=\"2728\">Pogodan za razli\u010dite primjene<\/strong> \u2013 Od \u010di\u0161\u0107enja vozila do odr\u017eavanja oku\u0107nice.<\/li>\n<\/ul>\n<h5 data-start=\"2777\" data-end=\"2803\"><strong data-start=\"2781\" data-end=\"2801\">Obujam isporuke:<\/strong><\/h5>\n<ul data-start=\"2805\" data-end=\"2953\">\n<li data-start=\"2805\" data-end=\"2839\">Bosch visokotla\u010dni pi\u0161tolj<\/li>\n<li data-start=\"2840\" data-end=\"2867\">Mlaznica<\/li>\n<li data-start=\"2840\" data-end=\"2867\">Mlaznica 3-u-1<\/li>\n<li data-start=\"2868\" data-end=\"2900\">7 m visokotla\u010dno crijevo<\/li>\n<li data-start=\"2901\" data-end=\"2953\">Visokotla\u010dna mlaznica za deterd\u017eent (450 ml)<\/li>\n<\/ul>\n<h5><strong>Dodatne informacije:<\/strong><\/h5>\n<p><span style=\"text-decoration: underline\"><a href=\"https:\/\/www.bosch-diy.com\/hr\/hr\/p\/universalaquatak-135-06008a7c00\">Sve dodatne informacije su dostupne na Bosch web stranici, klikom na ovaj tekst.<\/a><\/span><\/p>\n<p><em>Bosch \u0161ifra artikla: 0 600 8A7 C00<\/em><\/p>\n","protected":false},"excerpt":{"rendered":"<p>Bosch UniversalAquatak 135 nudi sna\u017eno i fleksibilno visokotla\u010dno \u010di\u0161\u0107enje za razli\u010dite primjene, uklju\u010duju\u0107i pranje automobila, terasa, fasada, prilaza i vrtnog<\/p>\n","protected":false},"featured_media":42147,"comment_status":"open","ping_status":"closed","template":"","meta":[],"product_brand":[],"product_cat":[918],"product_tag":[1487,1317,1474,1490,1482],"class_list":{"0":"post-26587","1":"product","2":"type-product","3":"status-publish","4":"has-post-thumbnail","6":"product_cat-visokotlacni-peraci-vap","7":"product_tag-akcija-visokotlacnih-peraca","8":"product_tag-bosch-diy-garden","9":"product_tag-bosch-peraci","10":"product_tag-bosch-visokotlacni-peraci","11":"product_tag-izdvojene-ponude-vap","13":"first","14":"instock","15":"sale","16":"shipping-taxable","17":"purchasable","18":"product-type-simple"},"wooqr_code":"","_links":{"self":[{"href":"https:\/\/www.gkboje.ba\/en\/wp-json\/wp\/v2\/product\/26587","targetHints":{"allow":["GET"]}}],"collection":[{"href":"https:\/\/www.gkboje.ba\/en\/wp-json\/wp\/v2\/product"}],"about":[{"href":"https:\/\/www.gkboje.ba\/en\/wp-json\/wp\/v2\/types\/product"}],"replies":[{"embeddable":true,"href":"https:\/\/www.gkboje.ba\/en\/wp-json\/wp\/v2\/comments?post=26587"}],"version-history":[{"count":9,"href":"https:\/\/www.gkboje.ba\/en\/wp-json\/wp\/v2\/product\/26587\/revisions"}],"predecessor-version":[{"id":42174,"href":"https:\/\/www.gkboje.ba\/en\/wp-json\/wp\/v2\/product\/26587\/revisions\/42174"}],"wp:featuredmedia":[{"embeddable":true,"href":"https:\/\/www.gkboje.ba\/en\/wp-json\/wp\/v2\/media\/42147"}],"wp:attachment":[{"href":"https:\/\/www.gkboje.ba\/en\/wp-json\/wp\/v2\/media?parent=26587"}],"wp:term":[{"taxonomy":"product_brand","embeddable":true,"href":"https:\/\/www.gkboje.ba\/en\/wp-json\/wp\/v2\/product_brand?post=26587"},{"taxonomy":"product_cat","embeddable":true,"href":"https:\/\/www.gkboje.ba\/en\/wp-json\/wp\/v2\/product_cat?post=26587"},{"taxonomy":"product_tag","embeddable":true,"href":"https:\/\/www.gkboje.ba\/en\/wp-json\/wp\/v2\/product_tag?post=26587"}],"curies":[{"name":"wp","href":"https:\/\/api.w.org\/{rel}","templated":true}]}}