{"id":26552,"date":"2025-04-09T00:03:48","date_gmt":"2025-04-08T22:03:48","guid":{"rendered":"https:\/\/www.gkboje.ba\/?post_type=product&#038;p=26552"},"modified":"2026-03-14T00:11:10","modified_gmt":"2026-03-13T23:11:10","slug":"bosch-aku-teleskopska-lancana-pila-testera-baterija-i-punjac-universalchainpole-18-home-garden","status":"publish","type":"product","link":"https:\/\/www.gkboje.ba\/en\/proizvod\/bosch-aku-teleskopska-lancana-pila-testera-baterija-i-punjac-universalchainpole-18-home-garden\/","title":{"rendered":"BOSCH Aku teleskopska lan\u010dana pila &#8211; testera + baterija i punja\u010d UniversalChainPole 18 | Home &amp; Garden"},"content":{"rendered":"<p data-start=\"108\" data-end=\"654\"><strong>Bosch UniversalChainPole 18<\/strong> omogu\u0107ava sigurno i jednostavno orezivanje grana s tla, bez potrebe za ljestvama. Teleskopska ru\u010dka i zakretna glava od 120\u00b0 pru\u017eaju pristup te\u0161ko dostupnim granama, dok lagani i ergonomski dizajn smanjuje naprezanje ruku i ramena. Automatsko podmazivanje lanca i indikator razine ulja osiguravaju nesmetan rad i dugotrajne performanse. Sna\u017ena 18V POWER FOR ALL baterija omogu\u0107ava do 55 rezova po punjenju, dok \u0161titnik vrha i \u0161iljati odbojnik jam\u010de preciznu kontrolu i sigurnost pri radu.<\/p>\n<h5 data-start=\"656\" data-end=\"683\"><strong data-start=\"660\" data-end=\"681\">Klju\u010dne zna\u010dajke:<\/strong><\/h5>\n<ul data-start=\"685\" data-end=\"1444\">\n<li data-start=\"685\" data-end=\"769\"><strong data-start=\"687\" data-end=\"723\">Teleskopska ru\u010dka (210 \u2013 260 cm)<\/strong> \u2013 Omogu\u0107ava sigurno orezivanje grana s tla.<\/li>\n<li data-start=\"770\" data-end=\"875\"><strong data-start=\"772\" data-end=\"797\">Zakretna glava (120\u00b0)<\/strong> \u2013 Pru\u017ea bolju vidljivost i preciznost rezanja u te\u0161ko dostupnim podru\u010djima.<\/li>\n<li data-start=\"876\" data-end=\"956\"><strong data-start=\"878\" data-end=\"901\">Sna\u017ena 18V baterija<\/strong> \u2013 Omogu\u0107ava do 55 rezova promjera 75 mm po punjenju.<\/li>\n<li data-start=\"957\" data-end=\"1039\"><strong data-start=\"959\" data-end=\"992\">Automatsko podmazivanje lanca<\/strong> \u2013 Osigurava nesmetan rad i smanjuje habanje.<\/li>\n<li data-start=\"1040\" data-end=\"1137\"><strong data-start=\"1042\" data-end=\"1077\">\u0160titnik vrha i \u0161iljati odbojnik<\/strong> \u2013 Pru\u017eaju bolju kontrolu prilikom rezanja i podrezivanja.<\/li>\n<li data-start=\"1138\" data-end=\"1238\"><strong data-start=\"1140\" data-end=\"1197\">Lagana i ergonomska konstrukcija (3.6 kg s baterijom)<\/strong> \u2013 Smanjuje zamor pri du\u017eem kori\u0161tenju.<\/li>\n<li data-start=\"1239\" data-end=\"1343\"><strong data-start=\"1241\" data-end=\"1274\">Tehnologija Syneon Technology<\/strong> \u2013 Optimizira snagu i trajanje baterije za maksimalnu u\u010dinkovitost.<\/li>\n<li data-start=\"1344\" data-end=\"1444\"><strong data-start=\"1346\" data-end=\"1393\">Kompatibilnost s 18V POWER FOR ALL sistemom<\/strong> \u2013 Jedna baterija za vi\u0161e alata razli\u010ditih marki.<\/li>\n<\/ul>\n<h5 data-start=\"1446\" data-end=\"1479\"><strong data-start=\"1450\" data-end=\"1477\">Tehni\u010dke specifikacije:<\/strong><\/h5>\n<ul data-start=\"1481\" data-end=\"2161\">\n<li data-start=\"1481\" data-end=\"1511\"><strong data-start=\"1483\" data-end=\"1502\">Napon baterije:<\/strong> 18.0 V<\/li>\n<li data-start=\"1512\" data-end=\"1571\"><strong data-start=\"1514\" data-end=\"1542\">Kompatibilnost baterije:<\/strong> 18V POWER FOR ALL ALLIANCE<\/li>\n<li data-start=\"1572\" data-end=\"1609\"><strong data-start=\"1574\" data-end=\"1599\">Preporu\u010dena baterija:<\/strong> \u22652.5 Ah<\/li>\n<li data-start=\"1610\" data-end=\"1676\"><strong data-start=\"1612\" data-end=\"1642\">Vrijeme punjenja baterije:<\/strong> 1.40 h (80% punjenja za 65 min)<\/li>\n<li data-start=\"1677\" data-end=\"1740\"><strong data-start=\"1679\" data-end=\"1701\">Kapacitet rezanja:<\/strong> 55 rezova promjera 75 mm po punjenju<\/li>\n<li data-start=\"1741\" data-end=\"1768\"><strong data-start=\"1743\" data-end=\"1760\">Duljina ma\u010da:<\/strong> 20 cm<\/li>\n<li data-start=\"1769\" data-end=\"1796\"><strong data-start=\"1771\" data-end=\"1788\">Brzina lanca:<\/strong> 4 m\/s<\/li>\n<li data-start=\"1797\" data-end=\"1838\"><strong data-start=\"1799\" data-end=\"1829\">Debljina pogonskih karika:<\/strong> 1.1 mm<\/li>\n<li data-start=\"1839\" data-end=\"1860\"><strong data-start=\"1841\" data-end=\"1851\">Lanac:<\/strong> Oregon<\/li>\n<li data-start=\"1861\" data-end=\"1901\"><strong data-start=\"1863\" data-end=\"1886\">Pode\u0161avanje visine:<\/strong> 210 \u2013 260 cm<\/li>\n<li data-start=\"1902\" data-end=\"1930\"><strong data-start=\"1904\" data-end=\"1923\">Zakretna glava:<\/strong> 120\u00b0<\/li>\n<li data-start=\"1931\" data-end=\"1966\"><strong data-start=\"1933\" data-end=\"1961\">Automatsko podmazivanje:<\/strong> Da<\/li>\n<li data-start=\"1967\" data-end=\"2009\"><strong data-start=\"1969\" data-end=\"2001\">Kapacitet spremnika za ulje:<\/strong> 60 ml<\/li>\n<li data-start=\"2010\" data-end=\"2066\"><strong data-start=\"2012\" data-end=\"2044\">Dimenzije alata (D x \u0160 x V):<\/strong> 2100 x 125 x 170 mm<\/li>\n<li data-start=\"2067\" data-end=\"2108\"><strong data-start=\"2069\" data-end=\"2099\">Te\u017eina (s lancem i ma\u010dem):<\/strong> 3.3 kg<\/li>\n<li data-start=\"2109\" data-end=\"2161\"><strong data-start=\"2111\" data-end=\"2152\">Te\u017eina (s lancem, ma\u010dem i baterijom):<\/strong> 3.6 kg<\/li>\n<\/ul>\n<h5 data-start=\"2163\" data-end=\"2182\"><strong data-start=\"2167\" data-end=\"2180\">Primjene:<\/strong><\/h5>\n<ul data-start=\"2184\" data-end=\"2354\">\n<li data-start=\"2184\" data-end=\"2242\">Orezivanje visokih grana bez potrebe za ljestvama.<\/li>\n<li data-start=\"2243\" data-end=\"2302\">Precizno podrezivanje i oblikovanje stabala u vrtu.<\/li>\n<li data-start=\"2303\" data-end=\"2354\">Sigurno uklanjanje suhih i o\u0161te\u0107enih grana.<\/li>\n<\/ul>\n<h5 data-start=\"2356\" data-end=\"2409\"><strong data-start=\"2360\" data-end=\"2407\">Za\u0161to odabrati Bosch UniversalChainPole 18?<\/strong><\/h5>\n<ul data-start=\"2411\" data-end=\"2883\">\n<li data-start=\"2411\" data-end=\"2529\"><strong data-start=\"2413\" data-end=\"2461\">Jednostavno orezivanje te\u0161ko dostupnih grana<\/strong> \u2013 Produ\u017eiva teleskopska ru\u010dka omogu\u0107ava sigurno kori\u0161tenje s tla.<\/li>\n<li data-start=\"2530\" data-end=\"2601\"><strong data-start=\"2532\" data-end=\"2568\">Lagani dizajn i ergonomska ru\u010dka<\/strong> \u2013 Smanjuje umor ruku i ramena.<\/li>\n<li data-start=\"2602\" data-end=\"2704\"><strong data-start=\"2604\" data-end=\"2648\">Automatsko podmazivanje i indikator ulja<\/strong> \u2013 Odr\u017eava lanac u optimalnom stanju bez prekida rada.<\/li>\n<li data-start=\"2705\" data-end=\"2791\"><strong data-start=\"2707\" data-end=\"2735\">Be\u017ei\u010dna sloboda kretanja<\/strong> \u2013 18V baterija omogu\u0107ava rad bez ograni\u010denja kablova.<\/li>\n<li data-start=\"2792\" data-end=\"2883\"><strong data-start=\"2794\" data-end=\"2817\">Dugotrajna baterija<\/strong> \u2013 Do <strong data-start=\"2823\" data-end=\"2848\">55 rezova po punjenju<\/strong>, idealno za odr\u017eavanje oku\u0107nice.<\/li>\n<\/ul>\n<h5 data-start=\"2082\" data-end=\"2132\"><strong data-start=\"2086\" data-end=\"2130\">Napomena:<\/strong><\/h5>\n<ul data-start=\"2134\" data-end=\"2612\">\n<li><b>Uz pilu dolazi baterija od 2.5 Ah i punja\u010d.<\/b><\/li>\n<\/ul>\n<h5><strong>Dodatne informacije:<\/strong><\/h5>\n<p><span style=\"text-decoration: underline\"><a href=\"https:\/\/www.bosch-diy.com\/hr\/hr\/p\/universalchainpole-18-06008b3100\">Sve dodatne informacije su dostupne na Bosch web stranici, klikom na ovaj tekst.<\/a><\/span><\/p>\n<p><em>Bosch \u0161ifra artikla: 0 600 8B3 100<\/em><\/p>\n<p><span style=\"text-decoration: underline\"><em><a href=\"https:\/\/olx.ba\/artikal\/67576738\">Ovaj artikal mo\u017eete pogledati i na na\u0161em OLX profilu, klikom na ovaj tekst.<\/a><\/em><\/span><\/p>\n","protected":false},"excerpt":{"rendered":"<p>Bosch UniversalChainPole 18 omogu\u0107ava sigurno i jednostavno orezivanje grana s tla, bez potrebe za ljestvama. Teleskopska ru\u010dka i zakretna glava<\/p>\n","protected":false},"featured_media":26553,"comment_status":"open","ping_status":"closed","template":"","meta":[],"product_brand":[],"product_cat":[924],"product_tag":[1317,1422,1486],"class_list":{"0":"post-26552","1":"product","2":"type-product","3":"status-publish","4":"has-post-thumbnail","6":"product_cat-motorne-testere","7":"product_tag-bosch-diy-garden","8":"product_tag-cjepaci-motorke-pile","9":"product_tag-izdvojeni-artikli-vrtni-alati-i-masine","11":"first","12":"instock","13":"sale","14":"shipping-taxable","15":"purchasable","16":"product-type-simple"},"wooqr_code":"","_links":{"self":[{"href":"https:\/\/www.gkboje.ba\/en\/wp-json\/wp\/v2\/product\/26552","targetHints":{"allow":["GET"]}}],"collection":[{"href":"https:\/\/www.gkboje.ba\/en\/wp-json\/wp\/v2\/product"}],"about":[{"href":"https:\/\/www.gkboje.ba\/en\/wp-json\/wp\/v2\/types\/product"}],"replies":[{"embeddable":true,"href":"https:\/\/www.gkboje.ba\/en\/wp-json\/wp\/v2\/comments?post=26552"}],"version-history":[{"count":7,"href":"https:\/\/www.gkboje.ba\/en\/wp-json\/wp\/v2\/product\/26552\/revisions"}],"predecessor-version":[{"id":33760,"href":"https:\/\/www.gkboje.ba\/en\/wp-json\/wp\/v2\/product\/26552\/revisions\/33760"}],"wp:featuredmedia":[{"embeddable":true,"href":"https:\/\/www.gkboje.ba\/en\/wp-json\/wp\/v2\/media\/26553"}],"wp:attachment":[{"href":"https:\/\/www.gkboje.ba\/en\/wp-json\/wp\/v2\/media?parent=26552"}],"wp:term":[{"taxonomy":"product_brand","embeddable":true,"href":"https:\/\/www.gkboje.ba\/en\/wp-json\/wp\/v2\/product_brand?post=26552"},{"taxonomy":"product_cat","embeddable":true,"href":"https:\/\/www.gkboje.ba\/en\/wp-json\/wp\/v2\/product_cat?post=26552"},{"taxonomy":"product_tag","embeddable":true,"href":"https:\/\/www.gkboje.ba\/en\/wp-json\/wp\/v2\/product_tag?post=26552"}],"curies":[{"name":"wp","href":"https:\/\/api.w.org\/{rel}","templated":true}]}}