{"id":26481,"date":"2025-04-09T00:03:12","date_gmt":"2025-04-08T22:03:12","guid":{"rendered":"https:\/\/www.gkboje.ba\/?post_type=product&#038;p=26481"},"modified":"2026-01-06T07:38:52","modified_gmt":"2026-01-06T06:38:52","slug":"bosch-aku-puhac-lisca-baterija-i-punjac-advancedleafblower-36v-750-home-garden","status":"publish","type":"product","link":"https:\/\/www.gkboje.ba\/en\/proizvod\/bosch-aku-puhac-lisca-baterija-i-punjac-advancedleafblower-36v-750-home-garden\/","title":{"rendered":"BOSCH Aku puha\u010d li\u0161\u0107a + baterija i punja\u010d AdvancedLeafBlower 36V-750 | Home &amp; Garden"},"content":{"rendered":"<p data-start=\"99\" data-end=\"775\"><strong>Bosch AdvancedLeafBlower 36V-750<\/strong> je sna\u017eni akumulatorski puha\u010d li\u0161\u0107a, dizajniran za u\u010dinkovito uklanjanje mokrog li\u0161\u0107a, trave i tvrdokorne prljav\u0161tine s tvrdih i neravnih povr\u0161ina. Zahvaljuju\u0107i motoru bez \u010detkica, ovaj alat pru\u017ea veliku snagu, du\u017ei vijek trajanja i maksimalnu energetsku efikasnost. Promjenjiva kontrola brzine omogu\u0107ava prilagodbu snage prema potrebama, dok aksijalni lepezasti mlaz osigurava sna\u017ean protok zraka za brzo \u010di\u0161\u0107enje velikih povr\u0161ina. Tehnologija Syneon optimizira rad baterije za maksimalnu snagu ili dulji radni vijek, a be\u017ei\u010dni rad na 36V POWER FOR ALL bateriji omogu\u0107ava slobodu kretanja.<\/p>\n<h5 data-start=\"777\" data-end=\"804\"><strong data-start=\"781\" data-end=\"802\">Klju\u010dne zna\u010dajke:<\/strong><\/h5>\n<ul data-start=\"806\" data-end=\"1386\">\n<li data-start=\"806\" data-end=\"906\"><strong data-start=\"808\" data-end=\"829\">Motor bez \u010detkica<\/strong> \u2013 Osigurava ve\u0107u u\u010dinkovitost, dulji vijek trajanja i sna\u017ean protok zraka.<\/li>\n<li data-start=\"907\" data-end=\"1010\"><strong data-start=\"909\" data-end=\"957\">Promjenjiva kontrola brzine (100 \u2013 200 km\/h)<\/strong> \u2013 Prilago\u0111ava snagu prema vrsti otpada i povr\u0161ini.<\/li>\n<li data-start=\"1011\" data-end=\"1110\"><strong data-start=\"1013\" data-end=\"1041\">Aksijalni lepezasti mlaz<\/strong> \u2013 Omogu\u0107ava brzo uklanjanje tvrdokorne prljav\u0161tine i mokrog li\u0161\u0107a.<\/li>\n<li data-start=\"1111\" data-end=\"1195\"><strong data-start=\"1113\" data-end=\"1148\">Ergonomski i uravnote\u017een dizajn<\/strong> \u2013 Smanjuje zamor ruku i zglobova tokom rada.<\/li>\n<li data-start=\"1196\" data-end=\"1293\"><strong data-start=\"1198\" data-end=\"1249\">Be\u017ei\u010dna mobilnost s 36V POWER FOR ALL baterijom<\/strong> \u2013 Sloboda kretanja bez kablova.<\/li>\n<li data-start=\"1294\" data-end=\"1386\"><strong data-start=\"1296\" data-end=\"1318\">Tehnologija Syneon<\/strong> \u2013 Optimizira snagu i trajanje baterije za maksimalne performanse.<\/li>\n<\/ul>\n<h5 data-start=\"1388\" data-end=\"1421\"><strong data-start=\"1392\" data-end=\"1419\">Tehni\u010dke specifikacije:<\/strong><\/h5>\n<ul data-start=\"1423\" data-end=\"1710\">\n<li data-start=\"1423\" data-end=\"1453\"><strong data-start=\"1425\" data-end=\"1444\">Napon baterije:<\/strong> 36.0 V<\/li>\n<li data-start=\"1454\" data-end=\"1504\"><strong data-start=\"1456\" data-end=\"1484\">Kompatibilnost baterije:<\/strong> 36V POWER FOR ALL<\/li>\n<li data-start=\"1505\" data-end=\"1542\"><strong data-start=\"1507\" data-end=\"1532\">Preporu\u010dena baterija:<\/strong> \u22652.0 Ah<\/li>\n<li data-start=\"1543\" data-end=\"1579\"><strong data-start=\"1545\" data-end=\"1562\">Brzina zraka:<\/strong> 100 \u2013 200 km\/h<\/li>\n<li data-start=\"1580\" data-end=\"1635\"><strong data-start=\"1582\" data-end=\"1614\">Dimenzije alata (D x \u0160 x V):<\/strong> 851 x 201 x 290 mm<\/li>\n<li data-start=\"1673\" data-end=\"1710\"><strong data-start=\"1675\" data-end=\"1701\">Te\u017eina (bez baterije):<\/strong> 2.9 kg<\/li>\n<\/ul>\n<h5 data-start=\"1712\" data-end=\"1731\"><strong data-start=\"1716\" data-end=\"1729\">Primjene:<\/strong><\/h5>\n<ul data-start=\"1733\" data-end=\"1990\">\n<li data-start=\"1733\" data-end=\"1834\">Uklanjanje mokrog i suhog li\u0161\u0107a, trave i tvrdokorne prljav\u0161tine s tvrdih i neravnih povr\u0161ina.<\/li>\n<li data-start=\"1835\" data-end=\"1902\">Odr\u017eavanje dvori\u0161ta, terasa, prilaza i oku\u0107nica bez napora.<\/li>\n<li data-start=\"1903\" data-end=\"1990\">Brzo \u010di\u0161\u0107enje velikih vanjskih povr\u0161ina uz optimalnu snagu i trajanje baterije.<\/li>\n<\/ul>\n<h5 data-start=\"1992\" data-end=\"2050\"><strong data-start=\"1996\" data-end=\"2048\">Za\u0161to odabrati Bosch AdvancedLeafBlower 36V-750?<\/strong><\/h5>\n<ul data-start=\"2052\" data-end=\"2534\">\n<li data-start=\"2052\" data-end=\"2141\"><strong data-start=\"2054\" data-end=\"2076\">Sna\u017ean i u\u010dinkovit<\/strong> \u2013 Motor bez \u010detkica osigurava dugotrajne i sna\u017ene performanse.<\/li>\n<li data-start=\"2142\" data-end=\"2252\"><strong data-start=\"2144\" data-end=\"2167\">Prilagodljiva snaga<\/strong> \u2013 Promjenjiva kontrola brzine omogu\u0107ava optimalan omjer snage i trajanja baterije.<\/li>\n<li data-start=\"2253\" data-end=\"2334\"><strong data-start=\"2255\" data-end=\"2274\">Be\u017ei\u010dna sloboda<\/strong> \u2013 Radi na 36V bateriju bez ograni\u010denja kablova i emisija.<\/li>\n<li data-start=\"2335\" data-end=\"2422\"><strong data-start=\"2337\" data-end=\"2358\">Ergonomski dizajn<\/strong> \u2013 Uravnote\u017eena te\u017eina i udobna ru\u010dka smanjuju napor pri radu.<\/li>\n<li data-start=\"2423\" data-end=\"2534\"><strong data-start=\"2425\" data-end=\"2455\">Fleksibilan i prilagodljiv<\/strong> \u2013 Idealno rje\u0161enje za male i velike povr\u0161ine uz tihu i ekolo\u0161ku tehnologiju.<\/li>\n<\/ul>\n<h5 data-start=\"2082\" data-end=\"2132\"><strong data-start=\"2086\" data-end=\"2130\">Napomena:<\/strong><\/h5>\n<ul data-start=\"2134\" data-end=\"2612\">\n<li><b>Uz puha\u010d dolazi baterija od 2.0 Ah i punja\u010d.<\/b><\/li>\n<\/ul>\n<h5><strong>Dodatne informacije:<\/strong><\/h5>\n<p><span style=\"text-decoration: underline\"><a href=\"https:\/\/www.bosch-diy.com\/hr\/hr\/p\/advancedleafblower-36v-750-06008c6000\">Sve dodatne informacije su dostupne na Bosch web stranici, klikom na ovaj tekst.<\/a><\/span><\/p>\n<p><em>Bosch \u0161ifra artikla: 0 600 8C6 000<\/em><\/p>\n<p><span style=\"text-decoration: underline\"><em><a href=\"https:\/\/olx.ba\/artikal\/67576536\">Ovaj artikal mo\u017eete pogledati i na na\u0161em OLX profilu, klikom na ovaj tekst.<\/a><\/em><\/span><\/p>\n","protected":false},"excerpt":{"rendered":"<p>Bosch AdvancedLeafBlower 36V-750 je sna\u017eni akumulatorski puha\u010d li\u0161\u0107a, dizajniran za u\u010dinkovito uklanjanje mokrog li\u0161\u0107a, trave i tvrdokorne prljav\u0161tine s tvrdih<\/p>\n","protected":false},"featured_media":26482,"comment_status":"open","ping_status":"closed","template":"","meta":[],"product_brand":[],"product_cat":[922],"product_tag":[1317],"class_list":{"0":"post-26481","1":"product","2":"type-product","3":"status-publish","4":"has-post-thumbnail","6":"product_cat-usisivaci-puhaci-lisca","7":"product_tag-bosch-diy-garden","9":"first","10":"instock","11":"sale","12":"shipping-taxable","13":"purchasable","14":"product-type-simple"},"wooqr_code":"","_links":{"self":[{"href":"https:\/\/www.gkboje.ba\/en\/wp-json\/wp\/v2\/product\/26481","targetHints":{"allow":["GET"]}}],"collection":[{"href":"https:\/\/www.gkboje.ba\/en\/wp-json\/wp\/v2\/product"}],"about":[{"href":"https:\/\/www.gkboje.ba\/en\/wp-json\/wp\/v2\/types\/product"}],"replies":[{"embeddable":true,"href":"https:\/\/www.gkboje.ba\/en\/wp-json\/wp\/v2\/comments?post=26481"}],"version-history":[{"count":7,"href":"https:\/\/www.gkboje.ba\/en\/wp-json\/wp\/v2\/product\/26481\/revisions"}],"predecessor-version":[{"id":34206,"href":"https:\/\/www.gkboje.ba\/en\/wp-json\/wp\/v2\/product\/26481\/revisions\/34206"}],"wp:featuredmedia":[{"embeddable":true,"href":"https:\/\/www.gkboje.ba\/en\/wp-json\/wp\/v2\/media\/26482"}],"wp:attachment":[{"href":"https:\/\/www.gkboje.ba\/en\/wp-json\/wp\/v2\/media?parent=26481"}],"wp:term":[{"taxonomy":"product_brand","embeddable":true,"href":"https:\/\/www.gkboje.ba\/en\/wp-json\/wp\/v2\/product_brand?post=26481"},{"taxonomy":"product_cat","embeddable":true,"href":"https:\/\/www.gkboje.ba\/en\/wp-json\/wp\/v2\/product_cat?post=26481"},{"taxonomy":"product_tag","embeddable":true,"href":"https:\/\/www.gkboje.ba\/en\/wp-json\/wp\/v2\/product_tag?post=26481"}],"curies":[{"name":"wp","href":"https:\/\/api.w.org\/{rel}","templated":true}]}}