{"id":26431,"date":"2025-04-09T00:08:35","date_gmt":"2025-04-08T22:08:35","guid":{"rendered":"https:\/\/www.gkboje.ba\/?post_type=product&#038;p=26431"},"modified":"2026-03-14T00:10:41","modified_gmt":"2026-03-13T23:10:41","slug":"bosch-elektricni-usisivac-puhac-lisca-universalgardentidy-3000-home-garden","status":"publish","type":"product","link":"https:\/\/www.gkboje.ba\/en\/proizvod\/bosch-elektricni-usisivac-puhac-lisca-universalgardentidy-3000-home-garden\/","title":{"rendered":"BOSCH Elektri\u010dni usisiva\u010d &#8211; puha\u010d li\u0161\u0107a UniversalGardenTidy 3000 | Home &amp; Garden"},"content":{"rendered":"<p data-start=\"85\" data-end=\"583\"><strong>Bosch UniversalGardenTidy 3000<\/strong> je vi\u0161enamjenski vrtni alat koji omogu\u0107ava puhanje, usisavanje i usitnjavanje li\u0161\u0107a, \u010dime olak\u0161ava odr\u017eavanje oku\u0107nice. Zahvaljuju\u0107i ProSilence tehnologiji, razina buke je smanjena do 75% na samo 99 dB(A), omogu\u0107avaju\u0107i ti\u0161i rad bez ometanja okoline. Promjenjiva brzina zraka od 165 do 285 km\/h osigurava prilago\u0111avanje razli\u010ditim vrstama otpada, dok sna\u017ean metalni ventilator pobolj\u0161ava performanse i produ\u017eava vijek trajanja alata.<\/p>\n<h5 data-start=\"585\" data-end=\"612\"><strong data-start=\"589\" data-end=\"610\">Klju\u010dne zna\u010dajke:<\/strong><\/h5>\n<ul data-start=\"614\" data-end=\"1416\">\n<li data-start=\"614\" data-end=\"701\"><strong data-start=\"616\" data-end=\"640\">3-u-1 funkcionalnost<\/strong> \u2013 Puhanje, usisavanje i usitnjavanje li\u0161\u0107a u jednom alatu.<\/li>\n<li data-start=\"702\" data-end=\"784\"><strong data-start=\"704\" data-end=\"730\">ProSilence tehnologija<\/strong> \u2013 Smanjuje buku do <strong data-start=\"750\" data-end=\"757\">75%<\/strong>, omogu\u0107avaju\u0107i ti\u0161i rad.<\/li>\n<li data-start=\"785\" data-end=\"865\"><strong data-start=\"787\" data-end=\"822\">Snaga motora od 1.600 \u2013 3.000 W<\/strong> \u2013 Omogu\u0107ava visoke performanse \u010di\u0161\u0107enja.<\/li>\n<li data-start=\"866\" data-end=\"971\"><strong data-start=\"868\" data-end=\"923\">Promjenjiva brzina strujanja zraka (165 \u2013 285 km\/h)<\/strong> \u2013 Precizna kontrola prilago\u0111ena vrsti otpada.<\/li>\n<li data-start=\"972\" data-end=\"1045\"><strong data-start=\"974\" data-end=\"1008\">Veliki protok zraka (576 m\u00b3\/h)<\/strong> \u2013 Brzo i u\u010dinkovito \u010di\u0161\u0107enje vrta.<\/li>\n<li data-start=\"1046\" data-end=\"1128\"><strong data-start=\"1048\" data-end=\"1075\">Omjer usitnjavanja 12:1<\/strong> \u2013 Smanjuje koli\u010dinu li\u0161\u0107a, olak\u0161avaju\u0107i odlaganje.<\/li>\n<li data-start=\"1129\" data-end=\"1228\"><strong data-start=\"1131\" data-end=\"1174\">50-litarska vre\u0107a za sakupljanje otpada<\/strong> \u2013 Vodoodbojni materijal smanjuje nakupljanje vlage.<\/li>\n<li data-start=\"1229\" data-end=\"1322\"><strong data-start=\"1231\" data-end=\"1281\">Brzo prebacivanje izme\u0111u na\u010dina rada bez alata<\/strong> \u2013 Maksimalna prakti\u010dnost u kori\u0161tenju.<\/li>\n<li data-start=\"1323\" data-end=\"1416\"><strong data-start=\"1325\" data-end=\"1346\">Ergonomski dizajn<\/strong> \u2013 Lagana konstrukcija i udobne ru\u010dke omogu\u0107avaju lako manevriranje.<\/li>\n<\/ul>\n<h5 data-start=\"1418\" data-end=\"1451\"><strong data-start=\"1422\" data-end=\"1449\">Tehni\u010dke specifikacije:<\/strong><\/h5>\n<ul data-start=\"1453\" data-end=\"1769\">\n<li data-start=\"1453\" data-end=\"1490\"><strong data-start=\"1455\" data-end=\"1472\">Snaga motora:<\/strong> 1.600 \u2013 3.000 W<\/li>\n<li data-start=\"1491\" data-end=\"1527\"><strong data-start=\"1493\" data-end=\"1510\">Brzina zraka:<\/strong> 165 \u2013 285 km\/h<\/li>\n<li data-start=\"1528\" data-end=\"1558\"><strong data-start=\"1530\" data-end=\"1547\">Protok zraka:<\/strong> 576 m\u00b3\/h<\/li>\n<li data-start=\"1559\" data-end=\"1596\"><strong data-start=\"1561\" data-end=\"1589\">Vre\u0107a za prihvat otpada:<\/strong> 50 l<\/li>\n<li data-start=\"1597\" data-end=\"1632\"><strong data-start=\"1599\" data-end=\"1625\">Omjer smanjenja li\u0161\u0107a:<\/strong> 12:1<\/li>\n<li data-start=\"1633\" data-end=\"1689\"><strong data-start=\"1635\" data-end=\"1667\">Dimenzije alata (D x \u0160 x V):<\/strong> 670 x 230 x 1150 mm<\/li>\n<li data-start=\"1690\" data-end=\"1729\"><strong data-start=\"1692\" data-end=\"1720\">Te\u017eina (vrtni usisava\u010d):<\/strong> 4.7 kg<\/li>\n<li data-start=\"1730\" data-end=\"1769\"><strong data-start=\"1732\" data-end=\"1760\">Te\u017eina (puha\u010d za li\u0161\u0107e):<\/strong> 3.4 kg<\/li>\n<\/ul>\n<h5 data-start=\"1771\" data-end=\"1790\"><strong data-start=\"1775\" data-end=\"1788\">Primjene:<\/strong><\/h5>\n<ul data-start=\"1792\" data-end=\"1988\">\n<li data-start=\"1792\" data-end=\"1858\">Uklanjanje suhog i mokrog li\u0161\u0107a s travnjaka, staza i oku\u0107nica.<\/li>\n<li data-start=\"1859\" data-end=\"1914\">Usisavanje i usitnjavanje li\u0161\u0107a za lak\u0161e odlaganje.<\/li>\n<li data-start=\"1915\" data-end=\"1988\">Odr\u017eavanje dvori\u0161ta, terasa i oku\u0107nica \u010distima tijekom cijele godine.<\/li>\n<\/ul>\n<h5 data-start=\"1990\" data-end=\"2046\"><strong data-start=\"1994\" data-end=\"2044\">Za\u0161to odabrati Bosch UniversalGardenTidy 3000?<\/strong><\/h5>\n<ul data-start=\"2048\" data-end=\"2476\">\n<li data-start=\"2048\" data-end=\"2124\"><strong data-start=\"2050\" data-end=\"2098\">Ti\u0161i rad zahvaljuju\u0107i ProSilence tehnologiji<\/strong> \u2013 smanjuje buku za 75%.<\/li>\n<li data-start=\"2125\" data-end=\"2218\"><strong data-start=\"2127\" data-end=\"2153\">Vi\u0161enamjenska upotreba<\/strong> \u2013 brzo prebacivanje izme\u0111u puhanja, usisavanja i usitnjavanja.<\/li>\n<li data-start=\"2219\" data-end=\"2301\"><strong data-start=\"2221\" data-end=\"2259\">Sna\u017ean motor i velika usisna snaga<\/strong> \u2013 osiguravaju efikasno \u010di\u0161\u0107enje vrtova.<\/li>\n<li data-start=\"2302\" data-end=\"2386\"><strong data-start=\"2304\" data-end=\"2342\">Velika vre\u0107a za sakupljanje otpada<\/strong> \u2013 smanjuje potrebu za \u010destim pra\u017enjenjem.<\/li>\n<li data-start=\"2387\" data-end=\"2476\"><strong data-start=\"2389\" data-end=\"2432\">Ergonomski dizajn i lagana konstrukcija<\/strong> \u2013 omogu\u0107avaju udoban i manje naporan rad.<\/li>\n<\/ul>\n<h5><strong>Dodatne informacije:<\/strong><\/h5>\n<p><span style=\"text-decoration: underline\"><a href=\"https:\/\/www.bosch-diy.com\/hr\/hr\/p\/universalgardentidy-3000-06008b1001\">Sve dodatne informacije su dostupne na Bosch web stranici, klikom na ovaj tekst.<\/a><\/span><\/p>\n<p><em>Bosch \u0161ifra artikla: 0 600 8B1 001<\/em><\/p>\n<p><span style=\"text-decoration: underline\"><em><a href=\"https:\/\/olx.ba\/artikal\/67577289\">Ovaj artikal mo\u017eete pogledati i na na\u0161em OLX profilu, klikom na ovaj tekst.<\/a><\/em><\/span><\/p>\n","protected":false},"excerpt":{"rendered":"<p>Bosch UniversalGardenTidy 3000 je vi\u0161enamjenski vrtni alat koji omogu\u0107ava puhanje, usisavanje i usitnjavanje li\u0161\u0107a, \u010dime olak\u0161ava odr\u017eavanje oku\u0107nice. Zahvaljuju\u0107i ProSilence<\/p>\n","protected":false},"featured_media":26432,"comment_status":"open","ping_status":"closed","template":"","meta":[],"product_brand":[],"product_cat":[1307,922],"product_tag":[1317,1486],"class_list":{"0":"post-26431","1":"product","2":"type-product","3":"status-publish","4":"has-post-thumbnail","6":"product_cat-izdvojeni-vrtni-alati","7":"product_cat-usisivaci-puhaci-lisca","8":"product_tag-bosch-diy-garden","9":"product_tag-izdvojeni-artikli-vrtni-alati-i-masine","11":"first","12":"instock","13":"sale","14":"shipping-taxable","15":"purchasable","16":"product-type-simple"},"wooqr_code":"","_links":{"self":[{"href":"https:\/\/www.gkboje.ba\/en\/wp-json\/wp\/v2\/product\/26431","targetHints":{"allow":["GET"]}}],"collection":[{"href":"https:\/\/www.gkboje.ba\/en\/wp-json\/wp\/v2\/product"}],"about":[{"href":"https:\/\/www.gkboje.ba\/en\/wp-json\/wp\/v2\/types\/product"}],"replies":[{"embeddable":true,"href":"https:\/\/www.gkboje.ba\/en\/wp-json\/wp\/v2\/comments?post=26431"}],"version-history":[{"count":7,"href":"https:\/\/www.gkboje.ba\/en\/wp-json\/wp\/v2\/product\/26431\/revisions"}],"predecessor-version":[{"id":30735,"href":"https:\/\/www.gkboje.ba\/en\/wp-json\/wp\/v2\/product\/26431\/revisions\/30735"}],"wp:featuredmedia":[{"embeddable":true,"href":"https:\/\/www.gkboje.ba\/en\/wp-json\/wp\/v2\/media\/26432"}],"wp:attachment":[{"href":"https:\/\/www.gkboje.ba\/en\/wp-json\/wp\/v2\/media?parent=26431"}],"wp:term":[{"taxonomy":"product_brand","embeddable":true,"href":"https:\/\/www.gkboje.ba\/en\/wp-json\/wp\/v2\/product_brand?post=26431"},{"taxonomy":"product_cat","embeddable":true,"href":"https:\/\/www.gkboje.ba\/en\/wp-json\/wp\/v2\/product_cat?post=26431"},{"taxonomy":"product_tag","embeddable":true,"href":"https:\/\/www.gkboje.ba\/en\/wp-json\/wp\/v2\/product_tag?post=26431"}],"curies":[{"name":"wp","href":"https:\/\/api.w.org\/{rel}","templated":true}]}}