{"id":26233,"date":"2025-04-09T00:04:27","date_gmt":"2025-04-08T22:04:27","guid":{"rendered":"https:\/\/www.gkboje.ba\/?post_type=product&#038;p=26233"},"modified":"2026-03-13T23:54:19","modified_gmt":"2026-03-13T22:54:19","slug":"bosch-elektricni-trimer-za-travu-art-30-home-garden","status":"publish","type":"product","link":"https:\/\/www.gkboje.ba\/en\/proizvod\/bosch-elektricni-trimer-za-travu-art-30-home-garden\/","title":{"rendered":"BOSCH Elektri\u010dni trimer za travu ART 30 | Home &amp; Garden"},"content":{"rendered":"<p data-start=\"89\" data-end=\"502\"><strong>Bosch ART 30<\/strong> je elektri\u010dni \u0161i\u0161a\u010d travnjaka dizajniran za brzo i efikasno \u0161i\u0161anje i obrezivanje rubova. Zahvaljuju\u0107i sna\u017enom motoru od 480 W, poluautomatskom sistemu namatanja niti i mogu\u0107nosti pode\u0161avanja visine, ovaj alat omogu\u0107ava jednostavan rad bez prekida. Zakretna glava omogu\u0107ava brzo prebacivanje izme\u0111u \u0161i\u0161anja i obrezivanja, dok dodatna ru\u010dka pobolj\u0161ava udobnost i smanjuje napor pri du\u017eem kori\u0161tenju.<\/p>\n<h5 data-start=\"504\" data-end=\"531\"><strong data-start=\"508\" data-end=\"529\">Klju\u010dne zna\u010dajke:<\/strong><\/h5>\n<ul data-start=\"533\" data-end=\"1125\">\n<li data-start=\"533\" data-end=\"617\"><strong data-start=\"535\" data-end=\"560\">Sna\u017ean motor od 480 W<\/strong> \u2013 Osigurava brzu i preciznu obradu travnjaka i rubova.<\/li>\n<li data-start=\"618\" data-end=\"731\"><strong data-start=\"620\" data-end=\"660\">Poluautomatski sistem namatanja niti<\/strong> \u2013 Uklanja potrebu za ru\u010dnim pode\u0161avanjem i osigurava neprekidan rad.<\/li>\n<li data-start=\"732\" data-end=\"858\"><strong data-start=\"734\" data-end=\"795\">Zakretna glava za brzo prebacivanje na obrezivanje rubova<\/strong> \u2013 Omogu\u0107ava precizno \u0161i\u0161anje du\u017e staza, zidova i cvjetnjaka.<\/li>\n<li data-start=\"859\" data-end=\"955\"><strong data-start=\"861\" data-end=\"894\">Podesiva visina (80 \u2013 115 cm)<\/strong> \u2013 Jednostavno prilago\u0111avanje visine za udobnije rukovanje.<\/li>\n<li data-start=\"956\" data-end=\"1046\"><strong data-start=\"958\" data-end=\"975\">Dodatna ru\u010dka<\/strong> \u2013 Omogu\u0107ava bolju kontrolu i smanjuje naprezanje donjeg dijela le\u0111a.<\/li>\n<li data-start=\"1047\" data-end=\"1125\"><strong data-start=\"1049\" data-end=\"1077\">Promjer rezanja od 30 cm<\/strong> \u2013 Idealno za efikasno \u0161i\u0161anje ve\u0107ih povr\u0161ina.<\/li>\n<\/ul>\n<h5 data-start=\"1127\" data-end=\"1160\"><strong data-start=\"1131\" data-end=\"1158\">Tehni\u010dke specifikacije:<\/strong><\/h5>\n<ul data-start=\"1162\" data-end=\"1451\">\n<li data-start=\"1162\" data-end=\"1189\"><strong data-start=\"1164\" data-end=\"1181\">Snaga motora:<\/strong> 480 W<\/li>\n<li data-start=\"1190\" data-end=\"1236\"><strong data-start=\"1192\" data-end=\"1219\">Sustav za rezanje niti:<\/strong> Poluautomatsko<\/li>\n<li data-start=\"1237\" data-end=\"1267\"><strong data-start=\"1239\" data-end=\"1259\">Promjer rezanja:<\/strong> 30 cm<\/li>\n<li data-start=\"1268\" data-end=\"1307\"><strong data-start=\"1270\" data-end=\"1293\">Pode\u0161avanje visine:<\/strong> 80 \u2013 115 cm<\/li>\n<li data-start=\"1308\" data-end=\"1343\"><strong data-start=\"1310\" data-end=\"1329\">Brzina rezanja:<\/strong> 9.500 min\u207b\u00b9<\/li>\n<li data-start=\"1344\" data-end=\"1372\"><strong data-start=\"1346\" data-end=\"1357\">Svitak:<\/strong> 1.6 mm x 6 m<\/li>\n<li data-start=\"1373\" data-end=\"1428\"><strong data-start=\"1375\" data-end=\"1407\">Dimenzije alata (D x \u0160 x V):<\/strong> 826 x 273 x 154 mm<\/li>\n<li data-start=\"1429\" data-end=\"1451\"><strong data-start=\"1431\" data-end=\"1442\">Te\u017eina:<\/strong> 2.8 kg<\/li>\n<\/ul>\n<h5 data-start=\"1453\" data-end=\"1472\"><strong data-start=\"1457\" data-end=\"1470\">Primjene:<\/strong><\/h5>\n<ul data-start=\"1474\" data-end=\"1620\">\n<li data-start=\"1474\" data-end=\"1509\">\u0160i\u0161anje i odr\u017eavanje travnjaka.<\/li>\n<li data-start=\"1510\" data-end=\"1563\">Obrezivanje rubova uz staze, cvjetnjake i zidove.<\/li>\n<li data-start=\"1564\" data-end=\"1620\">Efikasno uklanjanje korova i obraslih dijelova vrta.<\/li>\n<\/ul>\n<h5 data-start=\"1622\" data-end=\"1660\"><strong data-start=\"1626\" data-end=\"1658\">Za\u0161to odabrati Bosch ART 30?<\/strong><\/h5>\n<ul data-start=\"1662\" data-end=\"2069\">\n<li data-start=\"1662\" data-end=\"1754\"><strong data-start=\"1664\" data-end=\"1694\">Visoka snaga i preciznost:<\/strong> Motor od 480 W osigurava uredne rezultate i brzo \u0161i\u0161anje.<\/li>\n<li data-start=\"1755\" data-end=\"1851\"><strong data-start=\"1757\" data-end=\"1784\">Prakti\u010dnost i udobnost:<\/strong> Lagan dizajn, sekundarna ru\u010dka i podesiva visina smanjuju zamor.<\/li>\n<li data-start=\"1852\" data-end=\"1965\"><strong data-start=\"1854\" data-end=\"1885\">Neprekidan rad bez prekida:<\/strong> Poluautomatsko namatanje niti omogu\u0107ava kontinuirano \u0161i\u0161anje bez pode\u0161avanja.<\/li>\n<li data-start=\"1966\" data-end=\"2069\"><strong data-start=\"1968\" data-end=\"1993\">Fleksibilnost u radu:<\/strong> Brzo prebacivanje izme\u0111u \u0161i\u0161anja i obrezivanja rubova pritiskom na dugme.<\/li>\n<\/ul>\n<h5><strong>Dodatne informacije:<\/strong><\/h5>\n<p><span style=\"text-decoration: underline\"><a href=\"https:\/\/www.bosch-diy.com\/hr\/hr\/p\/art-30-06008a5400\">Sve dodatne informacije su dostupne na Bosch web stranici, klikom na ovaj tekst.<\/a><\/span><\/p>\n<p><em>Bosch \u0161ifra artikla: 0 600 8A5 400<\/em><\/p>\n<p><span style=\"text-decoration: underline\"><em><a href=\"https:\/\/olx.ba\/artikal\/67576963\">Ovaj artikal mo\u017eete pogledati i na na\u0161em OLX profilu, klikom na ovaj tekst.<\/a><\/em><\/span><\/p>\n","protected":false},"excerpt":{"rendered":"<p>Bosch ART 30 je elektri\u010dni \u0161i\u0161a\u010d travnjaka dizajniran za brzo i efikasno \u0161i\u0161anje i obrezivanje rubova. Zahvaljuju\u0107i sna\u017enom motoru od<\/p>\n","protected":false},"featured_media":26235,"comment_status":"open","ping_status":"closed","template":"","meta":[],"product_brand":[],"product_cat":[920],"product_tag":[1317,1483],"class_list":{"0":"post-26233","1":"product","2":"type-product","3":"status-publish","4":"has-post-thumbnail","6":"product_cat-trimeri-za-travu","7":"product_tag-bosch-diy-garden","8":"product_tag-izdvojene-ponude-trimeri","10":"first","11":"instock","12":"sale","13":"shipping-taxable","14":"purchasable","15":"product-type-simple"},"wooqr_code":"","_links":{"self":[{"href":"https:\/\/www.gkboje.ba\/en\/wp-json\/wp\/v2\/product\/26233","targetHints":{"allow":["GET"]}}],"collection":[{"href":"https:\/\/www.gkboje.ba\/en\/wp-json\/wp\/v2\/product"}],"about":[{"href":"https:\/\/www.gkboje.ba\/en\/wp-json\/wp\/v2\/types\/product"}],"replies":[{"embeddable":true,"href":"https:\/\/www.gkboje.ba\/en\/wp-json\/wp\/v2\/comments?post=26233"}],"version-history":[{"count":7,"href":"https:\/\/www.gkboje.ba\/en\/wp-json\/wp\/v2\/product\/26233\/revisions"}],"predecessor-version":[{"id":31015,"href":"https:\/\/www.gkboje.ba\/en\/wp-json\/wp\/v2\/product\/26233\/revisions\/31015"}],"wp:featuredmedia":[{"embeddable":true,"href":"https:\/\/www.gkboje.ba\/en\/wp-json\/wp\/v2\/media\/26235"}],"wp:attachment":[{"href":"https:\/\/www.gkboje.ba\/en\/wp-json\/wp\/v2\/media?parent=26233"}],"wp:term":[{"taxonomy":"product_brand","embeddable":true,"href":"https:\/\/www.gkboje.ba\/en\/wp-json\/wp\/v2\/product_brand?post=26233"},{"taxonomy":"product_cat","embeddable":true,"href":"https:\/\/www.gkboje.ba\/en\/wp-json\/wp\/v2\/product_cat?post=26233"},{"taxonomy":"product_tag","embeddable":true,"href":"https:\/\/www.gkboje.ba\/en\/wp-json\/wp\/v2\/product_tag?post=26233"}],"curies":[{"name":"wp","href":"https:\/\/api.w.org\/{rel}","templated":true}]}}