{"id":25910,"date":"2025-01-17T15:55:56","date_gmt":"2025-01-17T14:55:56","guid":{"rendered":"https:\/\/www.gkboje.ba\/?post_type=product&#038;p=25910"},"modified":"2025-01-23T15:48:03","modified_gmt":"2025-01-23T14:48:03","slug":"villager-predgrupa-za-kompresor-vat-mf-9","status":"publish","type":"product","link":"https:\/\/www.gkboje.ba\/en\/proizvod\/villager-predgrupa-za-kompresor-vat-mf-9\/","title":{"rendered":"VILLAGER Predgrupa za kompresor VAT MF 9"},"content":{"rendered":"<p>Predgrupa za kompresor VAT MF 9 dizajnirana je za regulaciju pritiska i filtraciju zraka, pru\u017eaju\u0107i optimalne performanse za pneumatske alate. S maksimalnim pritiskom od 10 bar i univerzalnim priklju\u010dkom od 1\/4\u201d, kompatibilna je s raznim pneumatskim sistemima, osiguravaju\u0107i dugotrajnost i efikasan rad.<\/p>\n<h5><strong>Karakteristike:<\/strong><\/h5>\n<ul>\n<li><strong>Priklju\u010dak:<\/strong> 1\/4\u201d<\/li>\n<li><strong>Maksimalni pritisak:<\/strong> 10 bar<\/li>\n<\/ul>\n<h5><strong>Dodatne informacije:<\/strong><\/h5>\n<p><em>EAN: 8606012801356<\/em><\/p>\n<p><em>SKU: 720230<\/em><\/p>\n<p><span style=\"text-decoration: underline\"><em><a href=\"https:\/\/olx.ba\/artikal\/66075146\">Ovaj artikal mo\u017eete pogledati i na na\u0161em OLX profilu, klikom na ovaj tekst.<\/a><\/em><\/span><\/p>\n","protected":false},"excerpt":{"rendered":"<p>Predgrupa za kompresor VAT MF 9 dizajnirana je za regulaciju pritiska i filtraciju zraka, pru\u017eaju\u0107i optimalne performanse za pneumatske alate.<\/p>\n","protected":false},"featured_media":25915,"comment_status":"open","ping_status":"closed","template":"","meta":[],"product_brand":[],"product_cat":[884],"product_tag":[],"class_list":{"0":"post-25910","1":"product","2":"type-product","3":"status-publish","4":"has-post-thumbnail","6":"product_cat-pripremne-grupe","8":"first","9":"instock","10":"shipping-taxable","11":"purchasable","12":"product-type-simple"},"wooqr_code":"","_links":{"self":[{"href":"https:\/\/www.gkboje.ba\/en\/wp-json\/wp\/v2\/product\/25910","targetHints":{"allow":["GET"]}}],"collection":[{"href":"https:\/\/www.gkboje.ba\/en\/wp-json\/wp\/v2\/product"}],"about":[{"href":"https:\/\/www.gkboje.ba\/en\/wp-json\/wp\/v2\/types\/product"}],"replies":[{"embeddable":true,"href":"https:\/\/www.gkboje.ba\/en\/wp-json\/wp\/v2\/comments?post=25910"}],"version-history":[{"count":2,"href":"https:\/\/www.gkboje.ba\/en\/wp-json\/wp\/v2\/product\/25910\/revisions"}],"predecessor-version":[{"id":26045,"href":"https:\/\/www.gkboje.ba\/en\/wp-json\/wp\/v2\/product\/25910\/revisions\/26045"}],"wp:featuredmedia":[{"embeddable":true,"href":"https:\/\/www.gkboje.ba\/en\/wp-json\/wp\/v2\/media\/25915"}],"wp:attachment":[{"href":"https:\/\/www.gkboje.ba\/en\/wp-json\/wp\/v2\/media?parent=25910"}],"wp:term":[{"taxonomy":"product_brand","embeddable":true,"href":"https:\/\/www.gkboje.ba\/en\/wp-json\/wp\/v2\/product_brand?post=25910"},{"taxonomy":"product_cat","embeddable":true,"href":"https:\/\/www.gkboje.ba\/en\/wp-json\/wp\/v2\/product_cat?post=25910"},{"taxonomy":"product_tag","embeddable":true,"href":"https:\/\/www.gkboje.ba\/en\/wp-json\/wp\/v2\/product_tag?post=25910"}],"curies":[{"name":"wp","href":"https:\/\/api.w.org\/{rel}","templated":true}]}}