{"id":25899,"date":"2025-01-17T13:54:34","date_gmt":"2025-01-17T12:54:34","guid":{"rendered":"https:\/\/www.gkboje.ba\/?post_type=product&#038;p=25899"},"modified":"2025-01-17T13:54:34","modified_gmt":"2025-01-17T12:54:34","slug":"villager-potapajuca-pumpa-za-cistu-vodu-vsp-6500-m","status":"publish","type":"product","link":"https:\/\/www.gkboje.ba\/en\/proizvod\/villager-potapajuca-pumpa-za-cistu-vodu-vsp-6500-m\/","title":{"rendered":"VILLAGER Potapaju\u0107a pumpa za \u010distu vodu VSP 6500 M"},"content":{"rendered":"<p>Potapaju\u0107a pumpa Villager VSP 6500 M pru\u017ea sna\u017ene performanse i izdr\u017eljivost zahvaljuju\u0107i ku\u0107i\u0161tu od nehr\u0111aju\u0107eg \u010delika i vi\u0161estrukom radnom kolu. S maksimalnom visinom vodenog stupca od 30 m i protokom od 6.5 m\u00b3\/h, idealna je za transport vode na ve\u0107im udaljenostima. Pogodna je za \u010distu vodu i rad u te\u0161kim uvjetima.<\/p>\n<h5><strong>Karakteristike:<\/strong><\/h5>\n<ul>\n<li><strong>Tip motora:<\/strong> Elektro-motor<\/li>\n<li><strong>Radni napon:<\/strong> 230 V ~ 50 Hz<\/li>\n<li><strong>Priklju\u010dna snaga:<\/strong> 800 W<\/li>\n<li><strong>Promjer izlaza (\u00d8):<\/strong> 1\u201d (25 mm)<\/li>\n<li><strong>Maksimalna dubina povla\u010denja:<\/strong> 7 m<\/li>\n<li><strong>Maksimalna visina vodenog stupca:<\/strong> 30 m<\/li>\n<li><strong>Maksimalni protok vode:<\/strong> 6.5 m\u00b3\/h<\/li>\n<li><strong>Maksimalna temperatura vode:<\/strong> 35\u00b0C<\/li>\n<li><strong>Masa:<\/strong> 15 kg<\/li>\n<li><strong>Linija proizvoda:<\/strong> Orange edition<\/li>\n<\/ul>\n<h5><strong>Oprema:<\/strong><\/h5>\n<ul>\n<li>Ku\u0107i\u0161te od nehr\u0111aju\u0107eg \u010delika<\/li>\n<li>Vi\u0161estruko radno kolo<\/li>\n<\/ul>\n<h5><strong>Dodatne informacije:<\/strong><\/h5>\n<p><em>EAN: 8605032610740<\/em><\/p>\n<p><em>SKU: 726923<\/em><\/p>\n<p><span style=\"text-decoration: underline\"><em><a href=\"https:\/\/olx.ba\/artikal\/65605849\">Ovaj artikal mo\u017eete pogledati i na na\u0161em OLX profilu, klikom na ovaj tekst.<\/a><\/em><\/span><\/p>\n","protected":false},"excerpt":{"rendered":"<p>Potapaju\u0107a pumpa Villager VSP 6500 M pru\u017ea sna\u017ene performanse i izdr\u017eljivost zahvaljuju\u0107i ku\u0107i\u0161tu od nehr\u0111aju\u0107eg \u010delika i vi\u0161estrukom radnom kolu.<\/p>\n","protected":false},"featured_media":25901,"comment_status":"open","ping_status":"closed","template":"","meta":[],"product_brand":[],"product_cat":[21],"product_tag":[],"class_list":{"0":"post-25899","1":"product","2":"type-product","3":"status-publish","4":"has-post-thumbnail","6":"product_cat-nekategorisano","8":"first","9":"instock","10":"shipping-taxable","11":"purchasable","12":"product-type-simple"},"wooqr_code":"","_links":{"self":[{"href":"https:\/\/www.gkboje.ba\/en\/wp-json\/wp\/v2\/product\/25899","targetHints":{"allow":["GET"]}}],"collection":[{"href":"https:\/\/www.gkboje.ba\/en\/wp-json\/wp\/v2\/product"}],"about":[{"href":"https:\/\/www.gkboje.ba\/en\/wp-json\/wp\/v2\/types\/product"}],"replies":[{"embeddable":true,"href":"https:\/\/www.gkboje.ba\/en\/wp-json\/wp\/v2\/comments?post=25899"}],"version-history":[{"count":2,"href":"https:\/\/www.gkboje.ba\/en\/wp-json\/wp\/v2\/product\/25899\/revisions"}],"predecessor-version":[{"id":26044,"href":"https:\/\/www.gkboje.ba\/en\/wp-json\/wp\/v2\/product\/25899\/revisions\/26044"}],"wp:featuredmedia":[{"embeddable":true,"href":"https:\/\/www.gkboje.ba\/en\/wp-json\/wp\/v2\/media\/25901"}],"wp:attachment":[{"href":"https:\/\/www.gkboje.ba\/en\/wp-json\/wp\/v2\/media?parent=25899"}],"wp:term":[{"taxonomy":"product_brand","embeddable":true,"href":"https:\/\/www.gkboje.ba\/en\/wp-json\/wp\/v2\/product_brand?post=25899"},{"taxonomy":"product_cat","embeddable":true,"href":"https:\/\/www.gkboje.ba\/en\/wp-json\/wp\/v2\/product_cat?post=25899"},{"taxonomy":"product_tag","embeddable":true,"href":"https:\/\/www.gkboje.ba\/en\/wp-json\/wp\/v2\/product_tag?post=25899"}],"curies":[{"name":"wp","href":"https:\/\/api.w.org\/{rel}","templated":true}]}}