{"id":25892,"date":"2025-01-17T13:04:15","date_gmt":"2025-01-17T12:04:15","guid":{"rendered":"https:\/\/www.gkboje.ba\/?post_type=product&#038;p=25892"},"modified":"2025-01-23T15:41:56","modified_gmt":"2025-01-23T14:41:56","slug":"villager-potapajuca-pumpa-za-cistu-vodu-vsp-6000-c","status":"publish","type":"product","link":"https:\/\/www.gkboje.ba\/en\/proizvod\/villager-potapajuca-pumpa-za-cistu-vodu-vsp-6000-c\/","title":{"rendered":"VILLAGER Potapaju\u0107a pumpa za \u010distu vodu VSP 6000 C"},"content":{"rendered":"<p>Potapaju\u0107a pumpa Villager VSP 6000 C kompaktna je i efikasna pumpa pogodna za hidromelioraciju, idealna za prebacivanje \u010diste ili blago zaga\u0111ene vode. S protokom od 6.000 litara na sat i dubinom povla\u010denja do 7 m, nudi pouzdane performanse za razne zadatke. Pumpe za \u010distu vodu mogu usisavati \u010destice promjera do 5 mm, a plasti\u010dno ku\u0107i\u0161te osigurava izdr\u017eljivost i dug vijek trajanja.<\/p>\n<h5><strong>Karakteristike:<\/strong><\/h5>\n<ul>\n<li><strong>Tip motora:<\/strong> Elektro-motor<\/li>\n<li><strong>Radni napon:<\/strong> 230 V ~ 50 Hz<\/li>\n<li><strong>Priklju\u010dna snaga:<\/strong> 250 W<\/li>\n<li><strong>Promjer izlaza (\u00d8):<\/strong> 1\u201d (25 mm)<\/li>\n<li><strong>Maksimalna dubina povla\u010denja:<\/strong> 7 m<\/li>\n<li><strong>Maksimalna visina vodenog stupca:<\/strong> 6 m<\/li>\n<li><strong>Maksimalni protok vode:<\/strong> 6 m\u00b3\/h<\/li>\n<li><strong>Maksimalna temperatura vode:<\/strong> 35\u00b0C<\/li>\n<li><strong>Masa:<\/strong> 5 kg<\/li>\n<li><strong>Linija proizvoda:<\/strong> Orange edition<\/li>\n<\/ul>\n<h5><strong>Dodatne informacije:<\/strong><\/h5>\n<p><em>EAN: 8606012807891<\/em><\/p>\n<p><em>SKU: 720526<\/em><\/p>\n<p><span style=\"text-decoration: underline\"><em><a href=\"https:\/\/olx.ba\/artikal\/66074865\">Ovaj artikal mo\u017eete pogledati i na na\u0161em OLX profilu, klikom na ovaj tekst.<\/a><\/em><\/span><\/p>\n","protected":false},"excerpt":{"rendered":"<p>Potapaju\u0107a pumpa Villager VSP 6000 C kompaktna je i efikasna pumpa pogodna za hidromelioraciju, idealna za prebacivanje \u010diste ili blago<\/p>\n","protected":false},"featured_media":25887,"comment_status":"open","ping_status":"closed","template":"","meta":[],"product_brand":[],"product_cat":[21],"product_tag":[],"class_list":{"0":"post-25892","1":"product","2":"type-product","3":"status-publish","4":"has-post-thumbnail","6":"product_cat-nekategorisano","8":"first","9":"instock","10":"shipping-taxable","11":"purchasable","12":"product-type-simple"},"wooqr_code":"","_links":{"self":[{"href":"https:\/\/www.gkboje.ba\/en\/wp-json\/wp\/v2\/product\/25892","targetHints":{"allow":["GET"]}}],"collection":[{"href":"https:\/\/www.gkboje.ba\/en\/wp-json\/wp\/v2\/product"}],"about":[{"href":"https:\/\/www.gkboje.ba\/en\/wp-json\/wp\/v2\/types\/product"}],"replies":[{"embeddable":true,"href":"https:\/\/www.gkboje.ba\/en\/wp-json\/wp\/v2\/comments?post=25892"}],"version-history":[{"count":4,"href":"https:\/\/www.gkboje.ba\/en\/wp-json\/wp\/v2\/product\/25892\/revisions"}],"predecessor-version":[{"id":26043,"href":"https:\/\/www.gkboje.ba\/en\/wp-json\/wp\/v2\/product\/25892\/revisions\/26043"}],"wp:featuredmedia":[{"embeddable":true,"href":"https:\/\/www.gkboje.ba\/en\/wp-json\/wp\/v2\/media\/25887"}],"wp:attachment":[{"href":"https:\/\/www.gkboje.ba\/en\/wp-json\/wp\/v2\/media?parent=25892"}],"wp:term":[{"taxonomy":"product_brand","embeddable":true,"href":"https:\/\/www.gkboje.ba\/en\/wp-json\/wp\/v2\/product_brand?post=25892"},{"taxonomy":"product_cat","embeddable":true,"href":"https:\/\/www.gkboje.ba\/en\/wp-json\/wp\/v2\/product_cat?post=25892"},{"taxonomy":"product_tag","embeddable":true,"href":"https:\/\/www.gkboje.ba\/en\/wp-json\/wp\/v2\/product_tag?post=25892"}],"curies":[{"name":"wp","href":"https:\/\/api.w.org\/{rel}","templated":true}]}}