{"id":25886,"date":"2025-01-17T12:48:03","date_gmt":"2025-01-17T11:48:03","guid":{"rendered":"https:\/\/www.gkboje.ba\/?post_type=product&#038;p=25886"},"modified":"2025-01-23T15:39:43","modified_gmt":"2025-01-23T14:39:43","slug":"villager-potapajuca-pumpa-za-prljavu-vodu-vsp-13000","status":"publish","type":"product","link":"https:\/\/www.gkboje.ba\/en\/proizvod\/villager-potapajuca-pumpa-za-prljavu-vodu-vsp-13000\/","title":{"rendered":"VILLAGER Potapaju\u0107a pumpa za prljavu vodu VSP 13000"},"content":{"rendered":"<p>Potapaju\u0107a pumpa Villager VSP 13000 idealna je za hidromelioraciju, uklju\u010duju\u0107i prebacivanje \u010diste ili zaga\u0111ene vode. S kapacitetom protoka od 13.000 litara na sat i maksimalnom dubinom povla\u010denja od 8 m, pru\u017ea efikasnost u raznim situacijama. \u010cvrsto plasti\u010dno ku\u0107i\u0161te osigurava trajnost, dok je pumpa pogodna za \u010destice promjera do 15 mm u prljavoj vodi.<\/p>\n<h5><strong>Karakteristike:<\/strong><\/h5>\n<ul>\n<li><strong>Tip motora:<\/strong> Elektro-motor<\/li>\n<li><strong>Radni napon:<\/strong> 230 V ~ 50 Hz<\/li>\n<li><strong>Priklju\u010dna snaga:<\/strong> 750 W<\/li>\n<li><strong>Promjer izlaza (\u00d8):<\/strong> 1\u201d (25 mm)<\/li>\n<li><strong>Maksimalna dubina povla\u010denja:<\/strong> 8 m<\/li>\n<li><strong>Maksimalna visina vodenog stupca:<\/strong> 8 m<\/li>\n<li><strong>Maksimalni protok vode:<\/strong> 13 m\u00b3\/h<\/li>\n<li><strong>Maksimalna temperatura vode:<\/strong> 35\u00b0C<\/li>\n<li><strong>Tip ku\u0107i\u0161ta pumpe:<\/strong> Plasti\u010dno<\/li>\n<li><strong>Masa:<\/strong> 5.6 kg<\/li>\n<li><strong>Linija proizvoda:<\/strong> Orange edition<\/li>\n<\/ul>\n<h5><strong>Dodatne informacije:<\/strong><\/h5>\n<p><em>EAN: 8606012805392<\/em><\/p>\n<p><em>SKU: 700525<\/em><\/p>\n<p><span style=\"text-decoration: underline\"><em><a href=\"https:\/\/olx.ba\/artikal\/66074712\">Ovaj artikal mo\u017eete pogledati i na na\u0161em OLX profilu, klikom na ovaj tekst.<\/a><\/em><\/span><\/p>\n","protected":false},"excerpt":{"rendered":"<p>Potapaju\u0107a pumpa Villager VSP 13000 idealna je za hidromelioraciju, uklju\u010duju\u0107i prebacivanje \u010diste ili zaga\u0111ene vode. S kapacitetom protoka od 13.000<\/p>\n","protected":false},"featured_media":25887,"comment_status":"open","ping_status":"closed","template":"","meta":[],"product_brand":[],"product_cat":[21],"product_tag":[],"class_list":{"0":"post-25886","1":"product","2":"type-product","3":"status-publish","4":"has-post-thumbnail","6":"product_cat-nekategorisano","8":"first","9":"instock","10":"shipping-taxable","11":"purchasable","12":"product-type-simple"},"wooqr_code":"","_links":{"self":[{"href":"https:\/\/www.gkboje.ba\/en\/wp-json\/wp\/v2\/product\/25886","targetHints":{"allow":["GET"]}}],"collection":[{"href":"https:\/\/www.gkboje.ba\/en\/wp-json\/wp\/v2\/product"}],"about":[{"href":"https:\/\/www.gkboje.ba\/en\/wp-json\/wp\/v2\/types\/product"}],"replies":[{"embeddable":true,"href":"https:\/\/www.gkboje.ba\/en\/wp-json\/wp\/v2\/comments?post=25886"}],"version-history":[{"count":3,"href":"https:\/\/www.gkboje.ba\/en\/wp-json\/wp\/v2\/product\/25886\/revisions"}],"predecessor-version":[{"id":26055,"href":"https:\/\/www.gkboje.ba\/en\/wp-json\/wp\/v2\/product\/25886\/revisions\/26055"}],"wp:featuredmedia":[{"embeddable":true,"href":"https:\/\/www.gkboje.ba\/en\/wp-json\/wp\/v2\/media\/25887"}],"wp:attachment":[{"href":"https:\/\/www.gkboje.ba\/en\/wp-json\/wp\/v2\/media?parent=25886"}],"wp:term":[{"taxonomy":"product_brand","embeddable":true,"href":"https:\/\/www.gkboje.ba\/en\/wp-json\/wp\/v2\/product_brand?post=25886"},{"taxonomy":"product_cat","embeddable":true,"href":"https:\/\/www.gkboje.ba\/en\/wp-json\/wp\/v2\/product_cat?post=25886"},{"taxonomy":"product_tag","embeddable":true,"href":"https:\/\/www.gkboje.ba\/en\/wp-json\/wp\/v2\/product_tag?post=25886"}],"curies":[{"name":"wp","href":"https:\/\/api.w.org\/{rel}","templated":true}]}}