{"id":25866,"date":"2025-01-17T07:17:45","date_gmt":"2025-01-17T06:17:45","guid":{"rendered":"https:\/\/www.gkboje.ba\/?post_type=product&#038;p=25866"},"modified":"2025-01-23T15:29:04","modified_gmt":"2025-01-23T14:29:04","slug":"villager-mjesac-za-boju-lijepak-i-malter-vem-1605","status":"publish","type":"product","link":"https:\/\/www.gkboje.ba\/en\/proizvod\/villager-mjesac-za-boju-lijepak-i-malter-vem-1605\/","title":{"rendered":"VILLAGER Mje\u0161a\u010d za boju \u2013 lijepak i malter VEM 1605"},"content":{"rendered":"<p>Mje\u0161a\u010d za boju VEM 1605 je sna\u017ean alat idealan za mije\u0161anje boja, ljepila i sli\u010dnih materijala. Regulator brzine omogu\u0107ava prilago\u0111avanje razli\u010ditim materijalima, dok lagana konstrukcija olak\u0161ava rukovanje.<\/p>\n<h5><strong>Karakteristike:<\/strong><\/h5>\n<ul>\n<li><strong>Tip elektromotora:<\/strong> Kolektorski elektromotor<\/li>\n<li><strong>Napon:<\/strong> 230 V ~ 50 Hz<\/li>\n<li><strong>Priklju\u010dna snaga:<\/strong> 1600 W<\/li>\n<li><strong>Broj obrtaja u praznom hodu:<\/strong> 180 &#8211; 460 rpm \/ 300 &#8211; 750 rpm<\/li>\n<li><strong>Navoj vratila:<\/strong> M 14<\/li>\n<li><strong>Pre\u010dnik mje\u0161a\u010da:<\/strong> 140 mm<\/li>\n<li><strong>Masa:<\/strong> 5.8 kg<\/li>\n<\/ul>\n<h5><strong>Oprema:<\/strong><\/h5>\n<ul>\n<li>Regulator brzine<\/li>\n<li>Nastavak mje\u0161a\u010da<\/li>\n<\/ul>\n<h5><strong>Dodatne informacije:<\/strong><\/h5>\n<p><em>EAN: 8605032612171<\/em><\/p>\n<p><em>SKU: 719657<\/em><\/p>\n<p><span style=\"text-decoration: underline\"><em><a href=\"https:\/\/olx.ba\/artikal\/66074286\">Ovaj artikal mo\u017eete pogledati i na na\u0161em OLX profilu, klikom na ovaj tekst.<\/a><\/em><\/span><\/p>\n","protected":false},"excerpt":{"rendered":"<p>Mje\u0161a\u010d za boju VEM 1605 je sna\u017ean alat idealan za mije\u0161anje boja, ljepila i sli\u010dnih materijala. Regulator brzine omogu\u0107ava prilago\u0111avanje<\/p>\n","protected":false},"featured_media":25867,"comment_status":"open","ping_status":"closed","template":"","meta":[],"product_brand":[],"product_cat":[704],"product_tag":[],"class_list":{"0":"post-25866","1":"product","2":"type-product","3":"status-publish","4":"has-post-thumbnail","6":"product_cat-mjesaci-mikseri-za-boju-i-lijepak","8":"first","9":"instock","10":"shipping-taxable","11":"purchasable","12":"product-type-simple"},"wooqr_code":"","_links":{"self":[{"href":"https:\/\/www.gkboje.ba\/en\/wp-json\/wp\/v2\/product\/25866","targetHints":{"allow":["GET"]}}],"collection":[{"href":"https:\/\/www.gkboje.ba\/en\/wp-json\/wp\/v2\/product"}],"about":[{"href":"https:\/\/www.gkboje.ba\/en\/wp-json\/wp\/v2\/types\/product"}],"replies":[{"embeddable":true,"href":"https:\/\/www.gkboje.ba\/en\/wp-json\/wp\/v2\/comments?post=25866"}],"version-history":[{"count":3,"href":"https:\/\/www.gkboje.ba\/en\/wp-json\/wp\/v2\/product\/25866\/revisions"}],"predecessor-version":[{"id":26039,"href":"https:\/\/www.gkboje.ba\/en\/wp-json\/wp\/v2\/product\/25866\/revisions\/26039"}],"wp:featuredmedia":[{"embeddable":true,"href":"https:\/\/www.gkboje.ba\/en\/wp-json\/wp\/v2\/media\/25867"}],"wp:attachment":[{"href":"https:\/\/www.gkboje.ba\/en\/wp-json\/wp\/v2\/media?parent=25866"}],"wp:term":[{"taxonomy":"product_brand","embeddable":true,"href":"https:\/\/www.gkboje.ba\/en\/wp-json\/wp\/v2\/product_brand?post=25866"},{"taxonomy":"product_cat","embeddable":true,"href":"https:\/\/www.gkboje.ba\/en\/wp-json\/wp\/v2\/product_cat?post=25866"},{"taxonomy":"product_tag","embeddable":true,"href":"https:\/\/www.gkboje.ba\/en\/wp-json\/wp\/v2\/product_tag?post=25866"}],"curies":[{"name":"wp","href":"https:\/\/api.w.org\/{rel}","templated":true}]}}