{"id":25854,"date":"2025-01-16T16:13:51","date_gmt":"2025-01-16T15:13:51","guid":{"rendered":"https:\/\/www.gkboje.ba\/?post_type=product&#038;p=25854"},"modified":"2026-01-03T12:10:14","modified_gmt":"2026-01-03T11:10:14","slug":"villager-mjesac-za-boju-vem-1620","status":"publish","type":"product","link":"https:\/\/www.gkboje.ba\/en\/proizvod\/villager-mjesac-za-boju-vem-1620\/","title":{"rendered":"VILLAGER Mje\u0161a\u010d za boju VEM 1620"},"content":{"rendered":"<p>Mje\u0161a\u010d VEM 1620 sa snagom od 1600 W omogu\u0107ava lako i efikasno mije\u0161anje boja, ljepila i ostalih materijala. Dvije brzine rada i regulator brzine omogu\u0107avaju prilago\u0111avanje raznim vrstama materijala. S pre\u010dnikom mje\u0161a\u010da od 120 mm i funkcijom Easy Start, alat osigurava siguran po\u010detak mije\u0161anja.<\/p>\n<h5><strong>Karakteristike:<\/strong><\/h5>\n<ul>\n<li><strong>Tip elektromotora:<\/strong> Kolektorski elektromotor<\/li>\n<li><strong>Napon:<\/strong> 230 V ~ 50 Hz<\/li>\n<li><strong>Priklju\u010dna snaga:<\/strong> 1600 W<\/li>\n<li><strong>Broj obrtaja u praznom hodu:<\/strong> 200 &#8211; 480 rpm \/ 250 &#8211; 680 rpm<\/li>\n<li><strong>Navoj vratila:<\/strong> Hex<\/li>\n<li><strong>Pre\u010dnik mje\u0161a\u010da:<\/strong> 2 \u00d7 120 mm<\/li>\n<li><strong>Masa:<\/strong> 6.75 kg<\/li>\n<\/ul>\n<h5><strong>Oprema:<\/strong><\/h5>\n<ul>\n<li>Regulator brzine<\/li>\n<li>Nastavak mje\u0161a\u010da<\/li>\n<li>Easy Start<\/li>\n<\/ul>\n<h5><strong>Dodatne informacije:<\/strong><\/h5>\n<p><em>EAN: 8605032611068<\/em><\/p>\n<p><em>SKU: 720208<\/em><\/p>\n<p><span style=\"text-decoration: underline\"><em><a href=\"https:\/\/olx.ba\/artikal\/66074229\">Ovaj artikal mo\u017eete pogledati i na na\u0161em OLX profilu, klikom na ovaj tekst.<\/a><\/em><\/span><\/p>\n","protected":false},"excerpt":{"rendered":"<p>Mje\u0161a\u010d VEM 1620 sa snagom od 1600 W omogu\u0107ava lako i efikasno mije\u0161anje boja, ljepila i ostalih materijala. Dvije brzine<\/p>\n","protected":false},"featured_media":25855,"comment_status":"open","ping_status":"closed","template":"","meta":[],"product_brand":[],"product_cat":[704],"product_tag":[],"class_list":{"0":"post-25854","1":"product","2":"type-product","3":"status-publish","4":"has-post-thumbnail","6":"product_cat-mjesaci-mikseri-za-boju-i-lijepak","8":"first","9":"instock","10":"sale","11":"shipping-taxable","12":"purchasable","13":"product-type-simple"},"wooqr_code":"","_links":{"self":[{"href":"https:\/\/www.gkboje.ba\/en\/wp-json\/wp\/v2\/product\/25854","targetHints":{"allow":["GET"]}}],"collection":[{"href":"https:\/\/www.gkboje.ba\/en\/wp-json\/wp\/v2\/product"}],"about":[{"href":"https:\/\/www.gkboje.ba\/en\/wp-json\/wp\/v2\/types\/product"}],"replies":[{"embeddable":true,"href":"https:\/\/www.gkboje.ba\/en\/wp-json\/wp\/v2\/comments?post=25854"}],"version-history":[{"count":2,"href":"https:\/\/www.gkboje.ba\/en\/wp-json\/wp\/v2\/product\/25854\/revisions"}],"predecessor-version":[{"id":26038,"href":"https:\/\/www.gkboje.ba\/en\/wp-json\/wp\/v2\/product\/25854\/revisions\/26038"}],"wp:featuredmedia":[{"embeddable":true,"href":"https:\/\/www.gkboje.ba\/en\/wp-json\/wp\/v2\/media\/25855"}],"wp:attachment":[{"href":"https:\/\/www.gkboje.ba\/en\/wp-json\/wp\/v2\/media?parent=25854"}],"wp:term":[{"taxonomy":"product_brand","embeddable":true,"href":"https:\/\/www.gkboje.ba\/en\/wp-json\/wp\/v2\/product_brand?post=25854"},{"taxonomy":"product_cat","embeddable":true,"href":"https:\/\/www.gkboje.ba\/en\/wp-json\/wp\/v2\/product_cat?post=25854"},{"taxonomy":"product_tag","embeddable":true,"href":"https:\/\/www.gkboje.ba\/en\/wp-json\/wp\/v2\/product_tag?post=25854"}],"curies":[{"name":"wp","href":"https:\/\/api.w.org\/{rel}","templated":true}]}}