{"id":25848,"date":"2025-01-16T15:22:36","date_gmt":"2025-01-16T14:22:36","guid":{"rendered":"https:\/\/www.gkboje.ba\/?post_type=product&#038;p=25848"},"modified":"2025-01-23T15:24:30","modified_gmt":"2025-01-23T14:24:30","slug":"villager-maska-za-zavarivanje-varenje-eclipse","status":"publish","type":"product","link":"https:\/\/www.gkboje.ba\/en\/proizvod\/villager-maska-za-zavarivanje-varenje-eclipse\/","title":{"rendered":"VILLAGER Maska za zavarivanje &#8211; varenje Eclipse"},"content":{"rendered":"<p>Maska za zavarivanje Eclipse pru\u017ea pouzdanu za\u0161titu tokom zavarivanja uz veliki vidljivi prostor od 110 mm \u00d7 90 mm. Jednostavan dizajn i \u010dvrsta konstrukcija osiguravaju dugotrajnu upotrebu.<\/p>\n<p><strong>Karakteristike:<\/strong><\/p>\n<ul>\n<li><strong>Vidljiv prostor:<\/strong> 110 mm \u00d7 90 mm<\/li>\n<li><strong>Stanje osvjetljenosti:<\/strong> DIN 11<\/li>\n<li><strong>Stanje zatamljenosti:<\/strong> DIN 11<\/li>\n<li><strong>Tip zatamnjivanja:<\/strong> Ru\u010dno<\/li>\n<\/ul>\n<h5><strong>Dodatne informacije:<\/strong><\/h5>\n<p><em>EAN: 8605032611242<\/em><\/p>\n<p><em>SKU: 720189<\/em><\/p>\n<p><span style=\"text-decoration: underline\"><em><a href=\"https:\/\/olx.ba\/artikal\/66074184\">Ovaj artikal mo\u017eete pogledati i na na\u0161em OLX profilu, klikom na ovaj tekst.<\/a><\/em><\/span><\/p>\n","protected":false},"excerpt":{"rendered":"<p>Maska za zavarivanje Eclipse pru\u017ea pouzdanu za\u0161titu tokom zavarivanja uz veliki vidljivi prostor od 110 mm \u00d7 90 mm. Jednostavan<\/p>\n","protected":false},"featured_media":25852,"comment_status":"open","ping_status":"closed","template":"","meta":[],"product_brand":[],"product_cat":[877],"product_tag":[],"class_list":{"0":"post-25848","1":"product","2":"type-product","3":"status-publish","4":"has-post-thumbnail","6":"product_cat-alat-i-oprema-za-zavarivanje","8":"first","9":"instock","10":"shipping-taxable","11":"purchasable","12":"product-type-simple"},"wooqr_code":"","_links":{"self":[{"href":"https:\/\/www.gkboje.ba\/en\/wp-json\/wp\/v2\/product\/25848","targetHints":{"allow":["GET"]}}],"collection":[{"href":"https:\/\/www.gkboje.ba\/en\/wp-json\/wp\/v2\/product"}],"about":[{"href":"https:\/\/www.gkboje.ba\/en\/wp-json\/wp\/v2\/types\/product"}],"replies":[{"embeddable":true,"href":"https:\/\/www.gkboje.ba\/en\/wp-json\/wp\/v2\/comments?post=25848"}],"version-history":[{"count":2,"href":"https:\/\/www.gkboje.ba\/en\/wp-json\/wp\/v2\/product\/25848\/revisions"}],"predecessor-version":[{"id":26037,"href":"https:\/\/www.gkboje.ba\/en\/wp-json\/wp\/v2\/product\/25848\/revisions\/26037"}],"wp:featuredmedia":[{"embeddable":true,"href":"https:\/\/www.gkboje.ba\/en\/wp-json\/wp\/v2\/media\/25852"}],"wp:attachment":[{"href":"https:\/\/www.gkboje.ba\/en\/wp-json\/wp\/v2\/media?parent=25848"}],"wp:term":[{"taxonomy":"product_brand","embeddable":true,"href":"https:\/\/www.gkboje.ba\/en\/wp-json\/wp\/v2\/product_brand?post=25848"},{"taxonomy":"product_cat","embeddable":true,"href":"https:\/\/www.gkboje.ba\/en\/wp-json\/wp\/v2\/product_cat?post=25848"},{"taxonomy":"product_tag","embeddable":true,"href":"https:\/\/www.gkboje.ba\/en\/wp-json\/wp\/v2\/product_tag?post=25848"}],"curies":[{"name":"wp","href":"https:\/\/api.w.org\/{rel}","templated":true}]}}