{"id":25842,"date":"2025-01-16T15:03:47","date_gmt":"2025-01-16T14:03:47","guid":{"rendered":"https:\/\/www.gkboje.ba\/?post_type=product&#038;p=25842"},"modified":"2025-01-23T15:21:38","modified_gmt":"2025-01-23T14:21:38","slug":"villager-punjac-za-akumulator-vcb-6-e-6-12-v","status":"publish","type":"product","link":"https:\/\/www.gkboje.ba\/en\/proizvod\/villager-punjac-za-akumulator-vcb-6-e-6-12-v\/","title":{"rendered":"VILLAGER Punja\u010d za akumulator VCB 6 E &#8211; 6 \/ 12 V"},"content":{"rendered":"<p>Punja\u010d za akumulatore VCB 6 E kompaktan je i pouzdan ure\u0111aj za punjenje akumulatora napona 6 V i 12 V. Sa kapacitetom punjenja od 20 Ah do 75 Ah, idealan je za ku\u0107nu i hobi upotrebu. Dva programa punjenja omogu\u0107avaju prilagodbu razli\u010ditim potrebama, dok lagana konstrukcija olak\u0161ava transport i rukovanje.<\/p>\n<h5><strong>Karakteristike:<\/strong><\/h5>\n<ul>\n<li><strong>Napon:<\/strong> 230 V ~ 50 Hz<\/li>\n<li><strong>Osigura\u010d:<\/strong> 10 A<\/li>\n<li><strong>Napon punjenja:<\/strong> 6 V \/ 12 V<\/li>\n<li><strong>Kapacitet punjenja:<\/strong> 20 Ah &#8211; 75 Ah<\/li>\n<li><strong>Optere\u0107enje:<\/strong> 75 W<\/li>\n<li><strong>Program punjenja:<\/strong> 2<\/li>\n<li><strong>Maksimalna struja punjenja:<\/strong> 5 A<\/li>\n<li><strong>Kontinualna struja punjenja:<\/strong> 5 A<\/li>\n<li><strong>Masa:<\/strong> 3.5 kg<\/li>\n<\/ul>\n<h5><strong>Prate\u0107a oprema:<\/strong><\/h5>\n<ul>\n<li>Rezervni osigura\u010d<\/li>\n<li>Klije\u0161ta za punjenje<\/li>\n<\/ul>\n<h5><strong>Dodatne informacije:<\/strong><\/h5>\n<p><em>EAN: 8606012800328<\/em><\/p>\n<p><em>SKU: 316942<\/em><\/p>\n<p><span style=\"text-decoration: underline\"><em><a href=\"https:\/\/olx.ba\/artikal\/66074139\">Ovaj artikal mo\u017eete pogledati i na na\u0161em OLX profilu, klikom na ovaj tekst.<\/a><\/em><\/span><\/p>\n","protected":false},"excerpt":{"rendered":"<p>Punja\u010d za akumulatore VCB 6 E kompaktan je i pouzdan ure\u0111aj za punjenje akumulatora napona 6 V i 12 V.<\/p>\n","protected":false},"featured_media":25843,"comment_status":"open","ping_status":"closed","template":"","meta":[],"product_brand":[],"product_cat":[21],"product_tag":[],"class_list":{"0":"post-25842","1":"product","2":"type-product","3":"status-publish","4":"has-post-thumbnail","6":"product_cat-nekategorisano","8":"first","9":"instock","10":"shipping-taxable","11":"purchasable","12":"product-type-simple"},"wooqr_code":"","_links":{"self":[{"href":"https:\/\/www.gkboje.ba\/en\/wp-json\/wp\/v2\/product\/25842","targetHints":{"allow":["GET"]}}],"collection":[{"href":"https:\/\/www.gkboje.ba\/en\/wp-json\/wp\/v2\/product"}],"about":[{"href":"https:\/\/www.gkboje.ba\/en\/wp-json\/wp\/v2\/types\/product"}],"replies":[{"embeddable":true,"href":"https:\/\/www.gkboje.ba\/en\/wp-json\/wp\/v2\/comments?post=25842"}],"version-history":[{"count":5,"href":"https:\/\/www.gkboje.ba\/en\/wp-json\/wp\/v2\/product\/25842\/revisions"}],"predecessor-version":[{"id":26036,"href":"https:\/\/www.gkboje.ba\/en\/wp-json\/wp\/v2\/product\/25842\/revisions\/26036"}],"wp:featuredmedia":[{"embeddable":true,"href":"https:\/\/www.gkboje.ba\/en\/wp-json\/wp\/v2\/media\/25843"}],"wp:attachment":[{"href":"https:\/\/www.gkboje.ba\/en\/wp-json\/wp\/v2\/media?parent=25842"}],"wp:term":[{"taxonomy":"product_brand","embeddable":true,"href":"https:\/\/www.gkboje.ba\/en\/wp-json\/wp\/v2\/product_brand?post=25842"},{"taxonomy":"product_cat","embeddable":true,"href":"https:\/\/www.gkboje.ba\/en\/wp-json\/wp\/v2\/product_cat?post=25842"},{"taxonomy":"product_tag","embeddable":true,"href":"https:\/\/www.gkboje.ba\/en\/wp-json\/wp\/v2\/product_tag?post=25842"}],"curies":[{"name":"wp","href":"https:\/\/api.w.org\/{rel}","templated":true}]}}