{"id":25838,"date":"2025-01-16T12:40:25","date_gmt":"2025-01-16T11:40:25","guid":{"rendered":"https:\/\/www.gkboje.ba\/?post_type=product&#038;p=25838"},"modified":"2025-12-30T12:37:40","modified_gmt":"2025-12-30T11:37:40","slug":"villager-punjac-i-stater-za-akumulator-vcsb-12-s-6-12-v","status":"publish","type":"product","link":"https:\/\/www.gkboje.ba\/en\/proizvod\/villager-punjac-i-stater-za-akumulator-vcsb-12-s-6-12-v\/","title":{"rendered":"VILLAGER Punja\u010d i starter za akumulator VCSB 12 S &#8211; 6 \/ 12 V"},"content":{"rendered":"<p>Punja\u010d i starter VCSB 12 S je vi\u0161enamjenski ure\u0111aj koji omogu\u0107ava punjenje akumulatora i pomo\u0107 pri startovanju vozila. S dva programa punjenja i mogu\u0107no\u0161\u0107u rada na naponu od 6 V i 12 V, pogodan je za \u0161irok raspon aplikacija. Maksimalna struja startovanja od 75 A osigurava pouzdan rad u situacijama hitne potrebe.<\/p>\n<h5><strong>Karakteristike:<\/strong><\/h5>\n<ul>\n<li><strong>Napon:<\/strong> 230 V ~ 50 Hz<\/li>\n<li><strong>Napon punjenja:<\/strong> 6 V \/ 12 V<\/li>\n<li><strong>Kapacitet punjenja:<\/strong> 20 &#8211; 120 Ah \/ 4 &#8211; 30 Ah<\/li>\n<li><strong>Tip ure\u0111aja:<\/strong> Punja\u010d \/ starter<\/li>\n<li><strong>Optere\u0107enje:<\/strong> 350 W<\/li>\n<li><strong>Program punjenja:<\/strong> 2<\/li>\n<li><strong>Maksimalna struja punjenja:<\/strong> 12 A<\/li>\n<li><strong>Kontinualna struja punjenja:<\/strong> 2 A<\/li>\n<li><strong>Maksimalna struja startovanja:<\/strong> 75 A<\/li>\n<li><strong>Napon startovanja:<\/strong> 12 V<\/li>\n<li><strong>Masa:<\/strong> 7.5 kg<\/li>\n<\/ul>\n<h5><strong>Oprema:<\/strong><\/h5>\n<ul>\n<li>Kle\u0161ta za punjenje i startovanje<\/li>\n<\/ul>\n<h5><strong>Dodatne informacije:<\/strong><\/h5>\n<p><em>EAN: 8605032611099<\/em><\/p>\n<p><em>SKU: 720207<\/em><\/p>\n<p><span style=\"text-decoration: underline\"><em><a href=\"https:\/\/olx.ba\/artikal\/66074006\">Ovaj artikal mo\u017eete pogledati i na na\u0161em OLX profilu, klikom na ovaj tekst.<\/a><\/em><\/span><\/p>\n","protected":false},"excerpt":{"rendered":"<p>Punja\u010d i starter VCSB 12 S je vi\u0161enamjenski ure\u0111aj koji omogu\u0107ava punjenje akumulatora i pomo\u0107 pri startovanju vozila. S dva<\/p>\n","protected":false},"featured_media":25839,"comment_status":"open","ping_status":"closed","template":"","meta":[],"product_brand":[],"product_cat":[21],"product_tag":[],"class_list":{"0":"post-25838","1":"product","2":"type-product","3":"status-publish","4":"has-post-thumbnail","6":"product_cat-nekategorisano","8":"first","9":"instock","10":"shipping-taxable","11":"purchasable","12":"product-type-simple"},"wooqr_code":"","_links":{"self":[{"href":"https:\/\/www.gkboje.ba\/en\/wp-json\/wp\/v2\/product\/25838","targetHints":{"allow":["GET"]}}],"collection":[{"href":"https:\/\/www.gkboje.ba\/en\/wp-json\/wp\/v2\/product"}],"about":[{"href":"https:\/\/www.gkboje.ba\/en\/wp-json\/wp\/v2\/types\/product"}],"replies":[{"embeddable":true,"href":"https:\/\/www.gkboje.ba\/en\/wp-json\/wp\/v2\/comments?post=25838"}],"version-history":[{"count":3,"href":"https:\/\/www.gkboje.ba\/en\/wp-json\/wp\/v2\/product\/25838\/revisions"}],"predecessor-version":[{"id":40400,"href":"https:\/\/www.gkboje.ba\/en\/wp-json\/wp\/v2\/product\/25838\/revisions\/40400"}],"wp:featuredmedia":[{"embeddable":true,"href":"https:\/\/www.gkboje.ba\/en\/wp-json\/wp\/v2\/media\/25839"}],"wp:attachment":[{"href":"https:\/\/www.gkboje.ba\/en\/wp-json\/wp\/v2\/media?parent=25838"}],"wp:term":[{"taxonomy":"product_brand","embeddable":true,"href":"https:\/\/www.gkboje.ba\/en\/wp-json\/wp\/v2\/product_brand?post=25838"},{"taxonomy":"product_cat","embeddable":true,"href":"https:\/\/www.gkboje.ba\/en\/wp-json\/wp\/v2\/product_cat?post=25838"},{"taxonomy":"product_tag","embeddable":true,"href":"https:\/\/www.gkboje.ba\/en\/wp-json\/wp\/v2\/product_tag?post=25838"}],"curies":[{"name":"wp","href":"https:\/\/api.w.org\/{rel}","templated":true}]}}