{"id":25832,"date":"2025-01-16T12:24:21","date_gmt":"2025-01-16T11:24:21","guid":{"rendered":"https:\/\/www.gkboje.ba\/?post_type=product&#038;p=25832"},"modified":"2025-01-24T09:08:02","modified_gmt":"2025-01-24T08:08:02","slug":"villager-punjac-za-akumulator-vcb-18-s","status":"publish","type":"product","link":"https:\/\/www.gkboje.ba\/en\/proizvod\/villager-punjac-za-akumulator-vcb-18-s\/","title":{"rendered":"VILLAGER Punja\u010d za akumulator VCB 18 S &#8211; 12 \/ 24 V"},"content":{"rendered":"<p>Punja\u010d za akumulatore VCB 18 S je idealan za punjenje akumulatora napona 12 V i 24 V s kapacitetom od 60 Ah do 150 Ah. S maksimalnom strujom punjenja od 14 A i dva programa punjenja, pru\u017ea efikasno i sigurno punjenje. \u010cvrsta konstrukcija i intuitivan dizajn omogu\u0107avaju jednostavno kori\u0161tenje za razne primjene.<\/p>\n<h5><strong>Karakteristike:<\/strong><\/h5>\n<ul>\n<li><strong>Napon:<\/strong> 230 V ~ 50 Hz<\/li>\n<li><strong>Osigura\u010d:<\/strong> 30 A<\/li>\n<li><strong>Napon punjenja:<\/strong> 12 V \/ 24 V<\/li>\n<li><strong>Kapacitet punjenja:<\/strong> 60 Ah &#8211; 150 Ah<\/li>\n<li><strong>Optere\u0107enje:<\/strong> 180 W \/ 310 W<\/li>\n<li><strong>Program punjenja:<\/strong> 2<\/li>\n<li><strong>Maksimalna struja punjenja:<\/strong> 14 A<\/li>\n<li><strong>Kontinualna struja punjenja:<\/strong> 10 A<\/li>\n<li><strong>Masa:<\/strong> 8.5 kg<\/li>\n<\/ul>\n<h5><strong>Prate\u0107a oprema:<\/strong><\/h5>\n<ul>\n<li>Rezervni osigura\u010d<\/li>\n<li>Klije\u0161ta za punjenje<\/li>\n<\/ul>\n<h5><strong>Dodatne informacije:<\/strong><\/h5>\n<p><em>EAN: 8606012800335<\/em><\/p>\n<p><em>SKU: 720257<\/em><\/p>\n<p><span style=\"text-decoration: underline\"><em><a href=\"https:\/\/olx.ba\/artikal\/66073686\">Ovaj artikal mo\u017eete pogledati i na na\u0161em OLX profilu, klikom na ovaj tekst.<\/a><\/em><\/span><\/p>\n","protected":false},"excerpt":{"rendered":"<p>Punja\u010d za akumulatore VCB 18 S je idealan za punjenje akumulatora napona 12 V i 24 V s kapacitetom od<\/p>\n","protected":false},"featured_media":25833,"comment_status":"open","ping_status":"closed","template":"","meta":[],"product_brand":[],"product_cat":[21],"product_tag":[],"class_list":{"0":"post-25832","1":"product","2":"type-product","3":"status-publish","4":"has-post-thumbnail","6":"product_cat-nekategorisano","8":"first","9":"instock","10":"shipping-taxable","11":"purchasable","12":"product-type-simple"},"wooqr_code":"","_links":{"self":[{"href":"https:\/\/www.gkboje.ba\/en\/wp-json\/wp\/v2\/product\/25832","targetHints":{"allow":["GET"]}}],"collection":[{"href":"https:\/\/www.gkboje.ba\/en\/wp-json\/wp\/v2\/product"}],"about":[{"href":"https:\/\/www.gkboje.ba\/en\/wp-json\/wp\/v2\/types\/product"}],"replies":[{"embeddable":true,"href":"https:\/\/www.gkboje.ba\/en\/wp-json\/wp\/v2\/comments?post=25832"}],"version-history":[{"count":5,"href":"https:\/\/www.gkboje.ba\/en\/wp-json\/wp\/v2\/product\/25832\/revisions"}],"predecessor-version":[{"id":26054,"href":"https:\/\/www.gkboje.ba\/en\/wp-json\/wp\/v2\/product\/25832\/revisions\/26054"}],"wp:featuredmedia":[{"embeddable":true,"href":"https:\/\/www.gkboje.ba\/en\/wp-json\/wp\/v2\/media\/25833"}],"wp:attachment":[{"href":"https:\/\/www.gkboje.ba\/en\/wp-json\/wp\/v2\/media?parent=25832"}],"wp:term":[{"taxonomy":"product_brand","embeddable":true,"href":"https:\/\/www.gkboje.ba\/en\/wp-json\/wp\/v2\/product_brand?post=25832"},{"taxonomy":"product_cat","embeddable":true,"href":"https:\/\/www.gkboje.ba\/en\/wp-json\/wp\/v2\/product_cat?post=25832"},{"taxonomy":"product_tag","embeddable":true,"href":"https:\/\/www.gkboje.ba\/en\/wp-json\/wp\/v2\/product_tag?post=25832"}],"curies":[{"name":"wp","href":"https:\/\/api.w.org\/{rel}","templated":true}]}}