{"id":25828,"date":"2025-01-16T09:20:29","date_gmt":"2025-01-16T08:20:29","guid":{"rendered":"https:\/\/www.gkboje.ba\/?post_type=product&#038;p=25828"},"modified":"2025-01-23T14:56:58","modified_gmt":"2025-01-23T13:56:58","slug":"villager-aparat-za-zavarivanje-varenje-vwm-200","status":"publish","type":"product","link":"https:\/\/www.gkboje.ba\/en\/proizvod\/villager-aparat-za-zavarivanje-varenje-vwm-200\/","title":{"rendered":"VILLAGER Aparat za zavarivanje &#8211; varenje VWM &#8211; 200"},"content":{"rendered":"<p>Aparat za elektrolu\u010dno zavarivanje VWM &#8211; 200 predstavlja sna\u017eno i pouzdano rje\u0161enje za profesionalne zavariva\u010dke zadatke. S mogu\u0107no\u0161\u0107u rada s elektrodama promjera do 4 mm i prilagodljivim intenzitetom struje do 200 A, idealan je za zahtjevne projekte.<\/p>\n<h5><strong>Karakteristike:<\/strong><\/h5>\n<ul>\n<li><strong>Napon:<\/strong> 230 V ~ 50 Hz<\/li>\n<li><strong>Priklju\u010dna snaga:<\/strong> 9 kW<\/li>\n<li><strong>Izlazni napon praznog hoda:<\/strong> 48 V<\/li>\n<li><strong>Radni ciklus (Amp &#8211; %):<\/strong> 200 &#8211; 10<\/li>\n<li><strong>Intenzitet struje:<\/strong> 60 A &#8211; 200 A<\/li>\n<li><strong>Tip zavarivanja:<\/strong> MMA<\/li>\n<li><strong>Promjer elektrode:<\/strong> 2 mm &#8211; 4 mm<\/li>\n<li><strong>Masa:<\/strong> 23 kg<\/li>\n<\/ul>\n<h5><strong>Prate\u0107a oprema:<\/strong><\/h5>\n<ul>\n<li>Nosa\u010d elektroda<\/li>\n<li>Kle\u0161ta za masu<\/li>\n<li>Za\u0161titna maska<\/li>\n<li>\u010celi\u010dna \u010detka<\/li>\n<\/ul>\n<h5><strong>Dodatne informacije:<\/strong><\/h5>\n<p><em>EAN: 8606104853591<\/em><\/p>\n<p><em>SKU: 722946<\/em><\/p>\n<p><span style=\"text-decoration: underline\"><em><a href=\"https:\/\/olx.ba\/artikal\/66073644\">Ovaj artikal mo\u017eete pogledati i na na\u0161em OLX profilu, klikom na ovaj tekst.<\/a><\/em><\/span><\/p>\n","protected":false},"excerpt":{"rendered":"<p>Aparat za elektrolu\u010dno zavarivanje VWM &#8211; 200 predstavlja sna\u017eno i pouzdano rje\u0161enje za profesionalne zavariva\u010dke zadatke. S mogu\u0107no\u0161\u0107u rada s<\/p>\n","protected":false},"featured_media":25829,"comment_status":"open","ping_status":"closed","template":"","meta":[],"product_brand":[],"product_cat":[878],"product_tag":[],"class_list":{"0":"post-25828","1":"product","2":"type-product","3":"status-publish","4":"has-post-thumbnail","6":"product_cat-aparati-za-zavarivanje","8":"first","9":"instock","10":"shipping-taxable","11":"purchasable","12":"product-type-simple"},"wooqr_code":"","_links":{"self":[{"href":"https:\/\/www.gkboje.ba\/en\/wp-json\/wp\/v2\/product\/25828","targetHints":{"allow":["GET"]}}],"collection":[{"href":"https:\/\/www.gkboje.ba\/en\/wp-json\/wp\/v2\/product"}],"about":[{"href":"https:\/\/www.gkboje.ba\/en\/wp-json\/wp\/v2\/types\/product"}],"replies":[{"embeddable":true,"href":"https:\/\/www.gkboje.ba\/en\/wp-json\/wp\/v2\/comments?post=25828"}],"version-history":[{"count":2,"href":"https:\/\/www.gkboje.ba\/en\/wp-json\/wp\/v2\/product\/25828\/revisions"}],"predecessor-version":[{"id":26032,"href":"https:\/\/www.gkboje.ba\/en\/wp-json\/wp\/v2\/product\/25828\/revisions\/26032"}],"wp:featuredmedia":[{"embeddable":true,"href":"https:\/\/www.gkboje.ba\/en\/wp-json\/wp\/v2\/media\/25829"}],"wp:attachment":[{"href":"https:\/\/www.gkboje.ba\/en\/wp-json\/wp\/v2\/media?parent=25828"}],"wp:term":[{"taxonomy":"product_brand","embeddable":true,"href":"https:\/\/www.gkboje.ba\/en\/wp-json\/wp\/v2\/product_brand?post=25828"},{"taxonomy":"product_cat","embeddable":true,"href":"https:\/\/www.gkboje.ba\/en\/wp-json\/wp\/v2\/product_cat?post=25828"},{"taxonomy":"product_tag","embeddable":true,"href":"https:\/\/www.gkboje.ba\/en\/wp-json\/wp\/v2\/product_tag?post=25828"}],"curies":[{"name":"wp","href":"https:\/\/api.w.org\/{rel}","templated":true}]}}