{"id":25819,"date":"2025-01-16T08:51:49","date_gmt":"2025-01-16T07:51:49","guid":{"rendered":"https:\/\/www.gkboje.ba\/?post_type=product&#038;p=25819"},"modified":"2025-01-23T14:54:08","modified_gmt":"2025-01-23T13:54:08","slug":"villager-aparat-za-zavarivanje-varenje-vwm-160","status":"publish","type":"product","link":"https:\/\/www.gkboje.ba\/en\/proizvod\/villager-aparat-za-zavarivanje-varenje-vwm-160\/","title":{"rendered":"VILLAGER Aparat za zavarivanje &#8211; varenje VWM &#8211; 160"},"content":{"rendered":"<p>Aparat za elektrolu\u010dno zavarivanje VWM &#8211; 160 pru\u017ea pouzdane performanse za \u0161irok spektar zavariva\u010dkih zadataka. Kompaktan dizajn i \u010dvrsta konstrukcija osiguravaju dugotrajnost i jednostavno rukovanje.<\/p>\n<h5><strong>Karakteristike:<\/strong><\/h5>\n<ul>\n<li><strong>Napon:<\/strong> 230 V ~ 50 Hz<\/li>\n<li><strong>Priklju\u010dna snaga:<\/strong> 6.4 kW<\/li>\n<li><strong>Izlazni napon praznog hoda:<\/strong> 48 V<\/li>\n<li><strong>Radni ciklus (Amp &#8211; %):<\/strong> 160 &#8211; 10<\/li>\n<li><strong>Intenzitet struje:<\/strong> 55 A &#8211; 160 A<\/li>\n<li><strong>Tip zavarivanja:<\/strong> MMA<\/li>\n<li><strong>Promjer elektrode:<\/strong> 2 mm &#8211; 3.25 mm<\/li>\n<li><strong>Masa:<\/strong> 18.5 kg<\/li>\n<\/ul>\n<h5><strong>Prate\u0107a oprema:<\/strong><\/h5>\n<ul>\n<li>Nosa\u010d elektroda<\/li>\n<li>Kle\u0161ta za masu<\/li>\n<li>Za\u0161titna maska<\/li>\n<li>\u010celi\u010dna \u010detka<\/li>\n<\/ul>\n<h5><strong>Dodatne informacije:<\/strong><\/h5>\n<p><em>EAN: 8606104853584<\/em><\/p>\n<p><em>SKU: 706255<\/em><\/p>\n<p><span style=\"text-decoration: underline\"><em><a href=\"https:\/\/olx.ba\/artikal\/66073597\">Ovaj artikal mo\u017eete pogledati i na na\u0161em OLX profilu, klikom na ovaj tekst.<\/a><\/em><\/span><\/p>\n","protected":false},"excerpt":{"rendered":"<p>Aparat za elektrolu\u010dno zavarivanje VWM &#8211; 160 pru\u017ea pouzdane performanse za \u0161irok spektar zavariva\u010dkih zadataka. Kompaktan dizajn i \u010dvrsta konstrukcija<\/p>\n","protected":false},"featured_media":25820,"comment_status":"open","ping_status":"closed","template":"","meta":[],"product_brand":[],"product_cat":[878],"product_tag":[],"class_list":{"0":"post-25819","1":"product","2":"type-product","3":"status-publish","4":"has-post-thumbnail","6":"product_cat-aparati-za-zavarivanje","8":"first","9":"instock","10":"shipping-taxable","11":"purchasable","12":"product-type-simple"},"wooqr_code":"","_links":{"self":[{"href":"https:\/\/www.gkboje.ba\/en\/wp-json\/wp\/v2\/product\/25819","targetHints":{"allow":["GET"]}}],"collection":[{"href":"https:\/\/www.gkboje.ba\/en\/wp-json\/wp\/v2\/product"}],"about":[{"href":"https:\/\/www.gkboje.ba\/en\/wp-json\/wp\/v2\/types\/product"}],"replies":[{"embeddable":true,"href":"https:\/\/www.gkboje.ba\/en\/wp-json\/wp\/v2\/comments?post=25819"}],"version-history":[{"count":4,"href":"https:\/\/www.gkboje.ba\/en\/wp-json\/wp\/v2\/product\/25819\/revisions"}],"predecessor-version":[{"id":26030,"href":"https:\/\/www.gkboje.ba\/en\/wp-json\/wp\/v2\/product\/25819\/revisions\/26030"}],"wp:featuredmedia":[{"embeddable":true,"href":"https:\/\/www.gkboje.ba\/en\/wp-json\/wp\/v2\/media\/25820"}],"wp:attachment":[{"href":"https:\/\/www.gkboje.ba\/en\/wp-json\/wp\/v2\/media?parent=25819"}],"wp:term":[{"taxonomy":"product_brand","embeddable":true,"href":"https:\/\/www.gkboje.ba\/en\/wp-json\/wp\/v2\/product_brand?post=25819"},{"taxonomy":"product_cat","embeddable":true,"href":"https:\/\/www.gkboje.ba\/en\/wp-json\/wp\/v2\/product_cat?post=25819"},{"taxonomy":"product_tag","embeddable":true,"href":"https:\/\/www.gkboje.ba\/en\/wp-json\/wp\/v2\/product_tag?post=25819"}],"curies":[{"name":"wp","href":"https:\/\/api.w.org\/{rel}","templated":true}]}}