{"id":25797,"date":"2025-01-14T15:03:04","date_gmt":"2025-01-14T14:03:04","guid":{"rendered":"https:\/\/www.gkboje.ba\/?post_type=product&#038;p=25797"},"modified":"2025-01-23T12:53:24","modified_gmt":"2025-01-23T11:53:24","slug":"villager-brusilica-zirafa-za-zidove-suhozid-vds-625","status":"publish","type":"product","link":"https:\/\/www.gkboje.ba\/en\/proizvod\/villager-brusilica-zirafa-za-zidove-suhozid-vds-625\/","title":{"rendered":"VILLAGER Brusilica \u2013 \u017eirafa za zidove \u2013 suhozid VDS 625"},"content":{"rendered":"<p>Brusilica za zid snage 600 W idealna je za efikasno i precizno bru\u0161enje zidova i plafona. Sa teleskopskom cijevi i du\u017einom koja se pode\u0161ava od 1100 do 1650 mm, pogodna je za rad na te\u0161ko dostupnim mjestima. Regulator brzine omogu\u0107ava prilago\u0111avanje obrtaja.<\/p>\n<h5><strong>Karakteristike:<\/strong><\/h5>\n<ul>\n<li><strong>Napon:<\/strong> 230 V ~ 50 Hz<\/li>\n<li><strong>Priklju\u010dna snaga:<\/strong> 600 W<\/li>\n<li><strong>Broj obrtaja u praznom hodu:<\/strong> 600 &#8211; 1500 rpm<\/li>\n<li><strong>Brusna traka:<\/strong> 225 mm<\/li>\n<li><strong>Du\u017eina:<\/strong> 1100 \/ 1650 mm<\/li>\n<li><strong>Masa:<\/strong> 3.2 kg<\/li>\n<\/ul>\n<h5><strong>Oprema:<\/strong><\/h5>\n<ul>\n<li>Teleskopska cijev<\/li>\n<li>Regulator brzine<\/li>\n<li>Adapter za usisiva\u010d<\/li>\n<\/ul>\n<h5><strong>Dodatne informacije:<\/strong><\/h5>\n<p><em>EAN: 8605032612188<\/em><\/p>\n<p><em>SKU: 718921<\/em><\/p>\n<p><span style=\"text-decoration: underline\"><em><a href=\"https:\/\/olx.ba\/artikal\/66071337\">Ovaj artikal mo\u017eete pogledati i na na\u0161em OLX profilu, klikom na ovaj tekst.<\/a><\/em><\/span><\/p>\n","protected":false},"excerpt":{"rendered":"<p>Brusilica za zid snage 600 W idealna je za efikasno i precizno bru\u0161enje zidova i plafona. Sa teleskopskom cijevi i<\/p>\n","protected":false},"featured_media":25799,"comment_status":"open","ping_status":"closed","template":"","meta":[],"product_brand":[],"product_cat":[692],"product_tag":[],"class_list":{"0":"post-25797","1":"product","2":"type-product","3":"status-publish","4":"has-post-thumbnail","6":"product_cat-brusilice-za-zidove-brusilice","8":"first","9":"instock","10":"shipping-taxable","11":"purchasable","12":"product-type-simple"},"wooqr_code":"","_links":{"self":[{"href":"https:\/\/www.gkboje.ba\/en\/wp-json\/wp\/v2\/product\/25797","targetHints":{"allow":["GET"]}}],"collection":[{"href":"https:\/\/www.gkboje.ba\/en\/wp-json\/wp\/v2\/product"}],"about":[{"href":"https:\/\/www.gkboje.ba\/en\/wp-json\/wp\/v2\/types\/product"}],"replies":[{"embeddable":true,"href":"https:\/\/www.gkboje.ba\/en\/wp-json\/wp\/v2\/comments?post=25797"}],"version-history":[{"count":3,"href":"https:\/\/www.gkboje.ba\/en\/wp-json\/wp\/v2\/product\/25797\/revisions"}],"predecessor-version":[{"id":25803,"href":"https:\/\/www.gkboje.ba\/en\/wp-json\/wp\/v2\/product\/25797\/revisions\/25803"}],"wp:featuredmedia":[{"embeddable":true,"href":"https:\/\/www.gkboje.ba\/en\/wp-json\/wp\/v2\/media\/25799"}],"wp:attachment":[{"href":"https:\/\/www.gkboje.ba\/en\/wp-json\/wp\/v2\/media?parent=25797"}],"wp:term":[{"taxonomy":"product_brand","embeddable":true,"href":"https:\/\/www.gkboje.ba\/en\/wp-json\/wp\/v2\/product_brand?post=25797"},{"taxonomy":"product_cat","embeddable":true,"href":"https:\/\/www.gkboje.ba\/en\/wp-json\/wp\/v2\/product_cat?post=25797"},{"taxonomy":"product_tag","embeddable":true,"href":"https:\/\/www.gkboje.ba\/en\/wp-json\/wp\/v2\/product_tag?post=25797"}],"curies":[{"name":"wp","href":"https:\/\/api.w.org\/{rel}","templated":true}]}}