{"id":25792,"date":"2025-01-14T14:50:24","date_gmt":"2025-01-14T13:50:24","guid":{"rendered":"https:\/\/www.gkboje.ba\/?post_type=product&#038;p=25792"},"modified":"2025-01-23T12:39:00","modified_gmt":"2025-01-23T11:39:00","slug":"villager-masina-za-sjecenje-metala-pila-maja-vln-1308-2000-w","status":"publish","type":"product","link":"https:\/\/www.gkboje.ba\/en\/proizvod\/villager-masina-za-sjecenje-metala-pila-maja-vln-1308-2000-w\/","title":{"rendered":"VILLAGER Ma\u0161ina za sje\u010denje metala &#8211; pila maja VLN 1308 &#8211; 2000 W"},"content":{"rendered":"<div class=\"flex max-w-full flex-col flex-grow\">\n<div class=\"min-h-8 text-message flex w-full flex-col items-end gap-2 whitespace-normal break-words text-start [.text-message+&amp;]:mt-5\" dir=\"auto\" data-message-author-role=\"assistant\" data-message-id=\"03ffa238-5ad4-4358-aac8-a63f22b1ccde\" data-message-model-slug=\"gpt-4o\">\n<div class=\"flex w-full flex-col gap-1 empty:hidden first:pt-[3px]\">\n<div class=\"markdown prose w-full break-words dark:prose-invert dark\">\n<p>Ma\u0161ina za sje\u010denje metala snage 2000 W savr\u0161ena je za precizno rezanje razli\u010ditih materijala. Sa promjerom lista pile od 355 mm i kapacitetom rezanja do 130 mm, idealna je za profesionalne i zahtjevne zadatke. Blokira\u010d vretena i mogu\u0107nost pode\u0161avanja kuta rezanja osiguravaju lako rukovanje i fleksibilnost pri radu.<\/p>\n<h5><strong>Karakteristike:<\/strong><\/h5>\n<ul>\n<li><strong>Tip elektromotora:<\/strong> Kolektorski elektromotor<\/li>\n<li><strong>Napon:<\/strong> 230 V ~ 50 Hz<\/li>\n<li><strong>Priklju\u010dna snaga:<\/strong> 2000 W<\/li>\n<li><strong>Broj obrtaja u praznom hodu:<\/strong> 3800 rpm<\/li>\n<li><strong>Kapacitet rezanja (0\u00b0 \/ 90\u00b0):<\/strong> 130 mm \u00d7 130 mm<\/li>\n<li><strong>Kapacitet rezanja (0\u00b0 \/ 45\u00b0):<\/strong> 115 mm \u00d7 90 mm<\/li>\n<li><strong>Promjer lista pile:<\/strong> 355 mm \/ 25.4 mm<\/li>\n<li><strong>Masa:<\/strong> 20.2 kg<\/li>\n<\/ul>\n<h5><strong>Funkcije:<\/strong><\/h5>\n<ul>\n<li>Pode\u0161avanje kuta rezanja<\/li>\n<li>Blokira\u010d vretena<\/li>\n<\/ul>\n<h5><strong>Dodatne informacije:<\/strong><\/h5>\n<p><em>EAN: 8605032603018<\/em><\/p>\n<p><em>SKU: 720191<\/em><\/p>\n<p><span style=\"text-decoration: underline\"><em><a href=\"https:\/\/olx.ba\/artikal\/66071193\">Ovaj artikal mo\u017eete pogledati i na na\u0161em OLX profilu, klikom na ovaj tekst.<\/a><\/em><\/span><\/p>\n<\/div>\n<\/div>\n<\/div>\n<\/div>\n","protected":false},"excerpt":{"rendered":"<p>Ma\u0161ina za sje\u010denje metala snage 2000 W savr\u0161ena je za precizno rezanje razli\u010ditih materijala. Sa promjerom lista pile od 355<\/p>\n","protected":false},"featured_media":25793,"comment_status":"open","ping_status":"closed","template":"","meta":[],"product_brand":[],"product_cat":[1126],"product_tag":[],"class_list":{"0":"post-25792","1":"product","2":"type-product","3":"status-publish","4":"has-post-thumbnail","6":"product_cat-pile-testere-za-metal","8":"first","9":"instock","10":"shipping-taxable","11":"purchasable","12":"product-type-simple"},"wooqr_code":"","_links":{"self":[{"href":"https:\/\/www.gkboje.ba\/en\/wp-json\/wp\/v2\/product\/25792","targetHints":{"allow":["GET"]}}],"collection":[{"href":"https:\/\/www.gkboje.ba\/en\/wp-json\/wp\/v2\/product"}],"about":[{"href":"https:\/\/www.gkboje.ba\/en\/wp-json\/wp\/v2\/types\/product"}],"replies":[{"embeddable":true,"href":"https:\/\/www.gkboje.ba\/en\/wp-json\/wp\/v2\/comments?post=25792"}],"version-history":[{"count":4,"href":"https:\/\/www.gkboje.ba\/en\/wp-json\/wp\/v2\/product\/25792\/revisions"}],"predecessor-version":[{"id":26025,"href":"https:\/\/www.gkboje.ba\/en\/wp-json\/wp\/v2\/product\/25792\/revisions\/26025"}],"wp:featuredmedia":[{"embeddable":true,"href":"https:\/\/www.gkboje.ba\/en\/wp-json\/wp\/v2\/media\/25793"}],"wp:attachment":[{"href":"https:\/\/www.gkboje.ba\/en\/wp-json\/wp\/v2\/media?parent=25792"}],"wp:term":[{"taxonomy":"product_brand","embeddable":true,"href":"https:\/\/www.gkboje.ba\/en\/wp-json\/wp\/v2\/product_brand?post=25792"},{"taxonomy":"product_cat","embeddable":true,"href":"https:\/\/www.gkboje.ba\/en\/wp-json\/wp\/v2\/product_cat?post=25792"},{"taxonomy":"product_tag","embeddable":true,"href":"https:\/\/www.gkboje.ba\/en\/wp-json\/wp\/v2\/product_tag?post=25792"}],"curies":[{"name":"wp","href":"https:\/\/api.w.org\/{rel}","templated":true}]}}