{"id":25782,"date":"2025-01-14T12:23:49","date_gmt":"2025-01-14T11:23:49","guid":{"rendered":"https:\/\/www.gkboje.ba\/?post_type=product&#038;p=25782"},"modified":"2026-01-03T12:09:23","modified_gmt":"2026-01-03T11:09:23","slug":"villager-dijagonalna-preklopna-pila-za-razrezivanje-vms-2000-255-s-2000-w","status":"publish","type":"product","link":"https:\/\/www.gkboje.ba\/en\/proizvod\/villager-dijagonalna-preklopna-pila-za-razrezivanje-vms-2000-255-s-2000-w\/","title":{"rendered":"VILLAGER Dijagonalna preklopna pila za razrezivanje VMS 2000-255 S &#8211; 2000 W"},"content":{"rendered":"<p>Dijagonalna pila za razrezivanje VMS 2000-255 S opremljena je motorom snage 2000 W i brzinom od 5000 obrtaja u minuti. Idealna je za obradu drveta, plastike i sli\u010dnih materijala, pode\u0161avanje nagiba i kuta rezanja pru\u017ea svestranost za razli\u010dite projekte.<\/p>\n<h5><strong>Karakteristike:<\/strong><\/h5>\n<ul>\n<li><strong>Tip elektromotora:<\/strong> Kolektorski elektromotor<\/li>\n<li><strong>Napon:<\/strong> 230 V ~ 50 Hz<\/li>\n<li><strong>Priklju\u010dna snaga:<\/strong> 2000 W<\/li>\n<li><strong>Broj obrtaja u praznom hodu:<\/strong> 5000 rpm<\/li>\n<li><strong>Kapacitet rezanja (0\u00b0 \/ 90\u00b0):<\/strong> 75 mm \u00d7 305 mm<\/li>\n<li><strong>Kapacitet rezanja (0\u00b0 \/ 45\u00b0):<\/strong> 75 mm \u00d7 210 mm<\/li>\n<li><strong>Kapacitet rezanja (45\u00b0 \/ 90\u00b0):<\/strong> 40 mm \u00d7 305 mm<\/li>\n<li><strong>Kapacitet rezanja (45\u00b0 \/ 45\u00b0):<\/strong> 40 mm \u00d7 210 mm<\/li>\n<li><strong>Promjer lista pile:<\/strong> 255 mm \/ 30 mm<\/li>\n<li><strong>Masa:<\/strong> 14 kg<\/li>\n<\/ul>\n<h5><strong>Oprema:<\/strong><\/h5>\n<ul>\n<li>Laser za precizno rezanje<\/li>\n<li>Pode\u0161avanje nagiba rezanja<\/li>\n<li>Pode\u0161avanje kuta rezanja<\/li>\n<\/ul>\n<h5><strong>Dodatne informacije:<\/strong><\/h5>\n<p><em>EAN: 8605032615592<\/em><\/p>\n<p><em>SKU: 721921<\/em><\/p>\n<p><span style=\"text-decoration: underline\"><em><a href=\"https:\/\/olx.ba\/artikal\/66069683\">Ovaj artikal mo\u017eete pogledati i na na\u0161em OLX profilu, klikom na ovaj tekst.<\/a><\/em><\/span><\/p>\n","protected":false},"excerpt":{"rendered":"<p>Dijagonalna pila za razrezivanje VMS 2000-255 S opremljena je motorom snage 2000 W i brzinom od 5000 obrtaja u minuti.<\/p>\n","protected":false},"featured_media":25783,"comment_status":"open","ping_status":"closed","template":"","meta":[],"product_brand":[],"product_cat":[1126],"product_tag":[],"class_list":{"0":"post-25782","1":"product","2":"type-product","3":"status-publish","4":"has-post-thumbnail","6":"product_cat-pile-testere-za-metal","8":"first","9":"instock","10":"sale","11":"shipping-taxable","12":"purchasable","13":"product-type-simple"},"wooqr_code":"","_links":{"self":[{"href":"https:\/\/www.gkboje.ba\/en\/wp-json\/wp\/v2\/product\/25782","targetHints":{"allow":["GET"]}}],"collection":[{"href":"https:\/\/www.gkboje.ba\/en\/wp-json\/wp\/v2\/product"}],"about":[{"href":"https:\/\/www.gkboje.ba\/en\/wp-json\/wp\/v2\/types\/product"}],"replies":[{"embeddable":true,"href":"https:\/\/www.gkboje.ba\/en\/wp-json\/wp\/v2\/comments?post=25782"}],"version-history":[{"count":4,"href":"https:\/\/www.gkboje.ba\/en\/wp-json\/wp\/v2\/product\/25782\/revisions"}],"predecessor-version":[{"id":26023,"href":"https:\/\/www.gkboje.ba\/en\/wp-json\/wp\/v2\/product\/25782\/revisions\/26023"}],"wp:featuredmedia":[{"embeddable":true,"href":"https:\/\/www.gkboje.ba\/en\/wp-json\/wp\/v2\/media\/25783"}],"wp:attachment":[{"href":"https:\/\/www.gkboje.ba\/en\/wp-json\/wp\/v2\/media?parent=25782"}],"wp:term":[{"taxonomy":"product_brand","embeddable":true,"href":"https:\/\/www.gkboje.ba\/en\/wp-json\/wp\/v2\/product_brand?post=25782"},{"taxonomy":"product_cat","embeddable":true,"href":"https:\/\/www.gkboje.ba\/en\/wp-json\/wp\/v2\/product_cat?post=25782"},{"taxonomy":"product_tag","embeddable":true,"href":"https:\/\/www.gkboje.ba\/en\/wp-json\/wp\/v2\/product_tag?post=25782"}],"curies":[{"name":"wp","href":"https:\/\/api.w.org\/{rel}","templated":true}]}}