{"id":25776,"date":"2025-01-14T12:04:06","date_gmt":"2025-01-14T11:04:06","guid":{"rendered":"https:\/\/www.gkboje.ba\/?post_type=product&#038;p=25776"},"modified":"2025-01-23T11:13:02","modified_gmt":"2025-01-23T10:13:02","slug":"villager-elektricna-blanja-rende-vln-1076-750-w","status":"publish","type":"product","link":"https:\/\/www.gkboje.ba\/en\/proizvod\/villager-elektricna-blanja-rende-vln-1076-750-w\/","title":{"rendered":"VILLAGER Elektri\u010dna blanja &#8211; rende VLN 1076 &#8211; 750 W"},"content":{"rendered":"<p>Elektri\u010dna strugaljka-blanja VLN 1076 pru\u017ea precizne i ravnomjerne rezultate zahvaljuju\u0107i snazi od 750 W. S radnim zahvatom od 82 mm i dubinom reza do 18 mm, pogodna je za obradu raznih drvenih povr\u0161ina. Kompaktna i lagana, idealna je za ku\u0107ne i profesionalne zadatke.<\/p>\n<h5><strong>Karakteristike:<\/strong><\/h5>\n<ul>\n<li><strong>Tip elektromotora:<\/strong> Kolektorski elektromotor<\/li>\n<li><strong>Radni napon:<\/strong> 230 V ~ 50 Hz<\/li>\n<li><strong>Ulazna snaga:<\/strong> 750 W<\/li>\n<li><strong>Broj obrtaja u praznom hodu:<\/strong> 17000 rpm<\/li>\n<li><strong>\u0160irina radnog zahvata:<\/strong> 82 mm<\/li>\n<li><strong>Dubina reza:<\/strong> 18 mm<\/li>\n<li><strong>Pode\u0161avanje koraka:<\/strong> 3 mm<\/li>\n<li><strong>Masa:<\/strong> 2.25 kg<\/li>\n<\/ul>\n<h5><strong>Oprema:<\/strong><\/h5>\n<ul>\n<li>Sakuplja\u010d pra\u0161ine<\/li>\n<li>Klju\u010d za monta\u017eu rezila<\/li>\n<li>Paralelna vodilica<\/li>\n<li>Grani\u010dnik dubine<\/li>\n<\/ul>\n<h5><strong>Dodatne informacije:<\/strong><\/h5>\n<p><em>EAN: 8605032617572<\/em><\/p>\n<p><em>SKU: 725750<\/em><\/p>\n<p><span style=\"text-decoration: underline\"><em><a href=\"https:\/\/olx.ba\/artikal\/66069637\">Ovaj artikal mo\u017eete pogledati i na na\u0161em OLX profilu, klikom na ovaj tekst.<\/a><\/em><\/span><\/p>\n","protected":false},"excerpt":{"rendered":"<p>Elektri\u010dna strugaljka-blanja VLN 1076 pru\u017ea precizne i ravnomjerne rezultate zahvaljuju\u0107i snazi od 750 W. S radnim zahvatom od 82 mm<\/p>\n","protected":false},"featured_media":25778,"comment_status":"open","ping_status":"closed","template":"","meta":[],"product_brand":[],"product_cat":[698],"product_tag":[],"class_list":{"0":"post-25776","1":"product","2":"type-product","3":"status-publish","4":"has-post-thumbnail","6":"product_cat-blanje-hoblerice","8":"first","9":"instock","10":"shipping-taxable","11":"purchasable","12":"product-type-simple"},"wooqr_code":"","_links":{"self":[{"href":"https:\/\/www.gkboje.ba\/en\/wp-json\/wp\/v2\/product\/25776","targetHints":{"allow":["GET"]}}],"collection":[{"href":"https:\/\/www.gkboje.ba\/en\/wp-json\/wp\/v2\/product"}],"about":[{"href":"https:\/\/www.gkboje.ba\/en\/wp-json\/wp\/v2\/types\/product"}],"replies":[{"embeddable":true,"href":"https:\/\/www.gkboje.ba\/en\/wp-json\/wp\/v2\/comments?post=25776"}],"version-history":[{"count":2,"href":"https:\/\/www.gkboje.ba\/en\/wp-json\/wp\/v2\/product\/25776\/revisions"}],"predecessor-version":[{"id":26021,"href":"https:\/\/www.gkboje.ba\/en\/wp-json\/wp\/v2\/product\/25776\/revisions\/26021"}],"wp:featuredmedia":[{"embeddable":true,"href":"https:\/\/www.gkboje.ba\/en\/wp-json\/wp\/v2\/media\/25778"}],"wp:attachment":[{"href":"https:\/\/www.gkboje.ba\/en\/wp-json\/wp\/v2\/media?parent=25776"}],"wp:term":[{"taxonomy":"product_brand","embeddable":true,"href":"https:\/\/www.gkboje.ba\/en\/wp-json\/wp\/v2\/product_brand?post=25776"},{"taxonomy":"product_cat","embeddable":true,"href":"https:\/\/www.gkboje.ba\/en\/wp-json\/wp\/v2\/product_cat?post=25776"},{"taxonomy":"product_tag","embeddable":true,"href":"https:\/\/www.gkboje.ba\/en\/wp-json\/wp\/v2\/product_tag?post=25776"}],"curies":[{"name":"wp","href":"https:\/\/api.w.org\/{rel}","templated":true}]}}