{"id":25772,"date":"2025-01-14T11:52:43","date_gmt":"2025-01-14T10:52:43","guid":{"rendered":"https:\/\/www.gkboje.ba\/?post_type=product&#038;p=25772"},"modified":"2025-12-22T08:07:33","modified_gmt":"2025-12-22T07:07:33","slug":"villager-rucna-kruzna-pila-cirkular-sa-laserom-vln-185-1500-w","status":"publish","type":"product","link":"https:\/\/www.gkboje.ba\/en\/proizvod\/villager-rucna-kruzna-pila-cirkular-sa-laserom-vln-185-1500-w\/","title":{"rendered":"VILLAGER Ru\u010dna kru\u017ena pila &#8211; cirkular sa laserom VLN 185 &#8211; 1500 W"},"content":{"rendered":"<p>Elektri\u010dna ru\u010dna kru\u017ena pila VLN 185 pru\u017ea izuzetnu snagu i preciznost zahvaljuju\u0107i svom motoru snage 1500 W i laserskom vodi\u0107u za rezanje. Sa maksimalnom dubinom reza od 65 mm pri 90\u00b0 i 43 mm pri 45\u00b0, pogodna je za zahtjevne zadatke na drvenim materijalima. Robustan dizajn i dodatna oprema osiguravaju lak\u0161u i sigurniju upotrebu.<\/p>\n<h5><strong>Karakteristike:<\/strong><\/h5>\n<ul>\n<li><strong>Tip elektromotora:<\/strong> Kolektorski elektromotor<\/li>\n<li><strong>Radni napon:<\/strong> 230 V ~ 50 Hz<\/li>\n<li><strong>Ulazna snaga:<\/strong> 1500 W<\/li>\n<li><strong>Broj obrtaja u praznom hodu:<\/strong> 5800 rpm<\/li>\n<li><strong>Vanjski promjer diska:<\/strong> 185 mm<\/li>\n<li><strong>Unutra\u0161nji promjer diska:<\/strong> 16 mm<\/li>\n<li><strong>Dubina reza:<\/strong> 65 mm (90\u00b0) \/ 43 mm (45\u00b0)<\/li>\n<li><strong>Masa:<\/strong> 5.3 kg<\/li>\n<\/ul>\n<h5><strong>Oprema:<\/strong><\/h5>\n<ul>\n<li>Laser<\/li>\n<li>Cirkular za drvo<\/li>\n<li>Klju\u010d za montiranje cirkulara<\/li>\n<li>Paralelna vodilica<\/li>\n<\/ul>\n<h5><strong>Dodatne informacije:<\/strong><\/h5>\n<p><em>EAN: 8605032610092<\/em><\/p>\n<p><em>SKU: 720202<\/em><\/p>\n<p><span style=\"text-decoration: underline\"><em><a href=\"https:\/\/olx.ba\/artikal\/66069533\">Ovaj artikal mo\u017eete pogledati i na na\u0161em OLX profilu, klikom na ovaj tekst.<\/a><\/em><\/span><\/p>\n","protected":false},"excerpt":{"rendered":"<p>Elektri\u010dna ru\u010dna kru\u017ena pila VLN 185 pru\u017ea izuzetnu snagu i preciznost zahvaljuju\u0107i svom motoru snage 1500 W i laserskom vodi\u0107u<\/p>\n","protected":false},"featured_media":25773,"comment_status":"open","ping_status":"closed","template":"","meta":[],"product_brand":[],"product_cat":[1124],"product_tag":[],"class_list":{"0":"post-25772","1":"product","2":"type-product","3":"status-publish","4":"has-post-thumbnail","6":"product_cat-rucne-kruzne-pile-cirkulari","8":"first","9":"outofstock","10":"shipping-taxable","11":"purchasable","12":"product-type-simple"},"wooqr_code":"","_links":{"self":[{"href":"https:\/\/www.gkboje.ba\/en\/wp-json\/wp\/v2\/product\/25772","targetHints":{"allow":["GET"]}}],"collection":[{"href":"https:\/\/www.gkboje.ba\/en\/wp-json\/wp\/v2\/product"}],"about":[{"href":"https:\/\/www.gkboje.ba\/en\/wp-json\/wp\/v2\/types\/product"}],"replies":[{"embeddable":true,"href":"https:\/\/www.gkboje.ba\/en\/wp-json\/wp\/v2\/comments?post=25772"}],"version-history":[{"count":3,"href":"https:\/\/www.gkboje.ba\/en\/wp-json\/wp\/v2\/product\/25772\/revisions"}],"predecessor-version":[{"id":26020,"href":"https:\/\/www.gkboje.ba\/en\/wp-json\/wp\/v2\/product\/25772\/revisions\/26020"}],"wp:featuredmedia":[{"embeddable":true,"href":"https:\/\/www.gkboje.ba\/en\/wp-json\/wp\/v2\/media\/25773"}],"wp:attachment":[{"href":"https:\/\/www.gkboje.ba\/en\/wp-json\/wp\/v2\/media?parent=25772"}],"wp:term":[{"taxonomy":"product_brand","embeddable":true,"href":"https:\/\/www.gkboje.ba\/en\/wp-json\/wp\/v2\/product_brand?post=25772"},{"taxonomy":"product_cat","embeddable":true,"href":"https:\/\/www.gkboje.ba\/en\/wp-json\/wp\/v2\/product_cat?post=25772"},{"taxonomy":"product_tag","embeddable":true,"href":"https:\/\/www.gkboje.ba\/en\/wp-json\/wp\/v2\/product_tag?post=25772"}],"curies":[{"name":"wp","href":"https:\/\/api.w.org\/{rel}","templated":true}]}}