{"id":25766,"date":"2025-01-14T10:49:32","date_gmt":"2025-01-14T09:49:32","guid":{"rendered":"https:\/\/www.gkboje.ba\/?post_type=product&#038;p=25766"},"modified":"2025-01-23T11:03:17","modified_gmt":"2025-01-23T10:03:17","slug":"villager-rucna-kruzna-pila-cirkular-vln-165-1200-w","status":"publish","type":"product","link":"https:\/\/www.gkboje.ba\/en\/proizvod\/villager-rucna-kruzna-pila-cirkular-vln-165-1200-w\/","title":{"rendered":"VILLAGER Ru\u010dna kru\u017ena pila &#8211; cirkular VLN 165 &#8211; 1200 W"},"content":{"rendered":"<p>Elektri\u010dna ru\u010dna kru\u017ena pila od 1200 W dizajnirana je za precizne i efikasne rezove u razli\u010ditim projektima. S maksimalnom dubinom reza od 55 mm pri 90\u00b0 i 36 mm pri 45\u00b0, idealna je za rad na drvenim materijalima. Lagana konstrukcija i sna\u017ean motor osiguravaju lako rukovanje i dugotrajan rad.<\/p>\n<h5><strong>Karakteristike:<\/strong><\/h5>\n<ul>\n<li><strong>Tip elektromotora:<\/strong> Kolektorski elektromotor<\/li>\n<li><strong>Radni napon:<\/strong> 230 V ~ 50 Hz<\/li>\n<li><strong>Ulazna snaga:<\/strong> 1200 W<\/li>\n<li><strong>Broj obrtaja u praznom hodu:<\/strong> 5500 rpm<\/li>\n<li><strong>Tip pile:<\/strong> Ru\u010dna kru\u017ena<\/li>\n<li><strong>Vanjski promjer diska:<\/strong> 165 mm<\/li>\n<li><strong>Unutra\u0161nji promjer diska:<\/strong> 16 mm<\/li>\n<li><strong>Dubina reza:<\/strong> 55 mm (90\u00b0) \/ 36 mm (45\u00b0)<\/li>\n<li><strong>Masa:<\/strong> 3.56 kg<\/li>\n<\/ul>\n<h5><strong>Prate\u0107a oprema:<\/strong><\/h5>\n<ul>\n<li>Cirkular za drvo<\/li>\n<li>Klju\u010d za montiranje cirkulara<\/li>\n<li>Paralelna vodilica<\/li>\n<\/ul>\n<h5><strong>Dodatne informacije:<\/strong><\/h5>\n<p><em>EAN: 8605032609799<\/em><\/p>\n<p><em>SKU: 719144<\/em><\/p>\n<p><span style=\"text-decoration: underline\"><em><a href=\"https:\/\/olx.ba\/artikal\/66069493\">Ovaj artikal mo\u017eete pogledati i na na\u0161em OLX profilu, klikom na ovaj tekst.<\/a><\/em><\/span><\/p>\n","protected":false},"excerpt":{"rendered":"<p>Elektri\u010dna ru\u010dna kru\u017ena pila od 1200 W dizajnirana je za precizne i efikasne rezove u razli\u010ditim projektima. S maksimalnom dubinom<\/p>\n","protected":false},"featured_media":25767,"comment_status":"open","ping_status":"closed","template":"","meta":[],"product_brand":[],"product_cat":[1124],"product_tag":[],"class_list":{"0":"post-25766","1":"product","2":"type-product","3":"status-publish","4":"has-post-thumbnail","6":"product_cat-rucne-kruzne-pile-cirkulari","8":"first","9":"instock","10":"shipping-taxable","11":"purchasable","12":"product-type-simple"},"wooqr_code":"","_links":{"self":[{"href":"https:\/\/www.gkboje.ba\/en\/wp-json\/wp\/v2\/product\/25766","targetHints":{"allow":["GET"]}}],"collection":[{"href":"https:\/\/www.gkboje.ba\/en\/wp-json\/wp\/v2\/product"}],"about":[{"href":"https:\/\/www.gkboje.ba\/en\/wp-json\/wp\/v2\/types\/product"}],"replies":[{"embeddable":true,"href":"https:\/\/www.gkboje.ba\/en\/wp-json\/wp\/v2\/comments?post=25766"}],"version-history":[{"count":4,"href":"https:\/\/www.gkboje.ba\/en\/wp-json\/wp\/v2\/product\/25766\/revisions"}],"predecessor-version":[{"id":26053,"href":"https:\/\/www.gkboje.ba\/en\/wp-json\/wp\/v2\/product\/25766\/revisions\/26053"}],"wp:featuredmedia":[{"embeddable":true,"href":"https:\/\/www.gkboje.ba\/en\/wp-json\/wp\/v2\/media\/25767"}],"wp:attachment":[{"href":"https:\/\/www.gkboje.ba\/en\/wp-json\/wp\/v2\/media?parent=25766"}],"wp:term":[{"taxonomy":"product_brand","embeddable":true,"href":"https:\/\/www.gkboje.ba\/en\/wp-json\/wp\/v2\/product_brand?post=25766"},{"taxonomy":"product_cat","embeddable":true,"href":"https:\/\/www.gkboje.ba\/en\/wp-json\/wp\/v2\/product_cat?post=25766"},{"taxonomy":"product_tag","embeddable":true,"href":"https:\/\/www.gkboje.ba\/en\/wp-json\/wp\/v2\/product_tag?post=25766"}],"curies":[{"name":"wp","href":"https:\/\/api.w.org\/{rel}","templated":true}]}}