{"id":25762,"date":"2025-01-14T09:14:05","date_gmt":"2025-01-14T08:14:05","guid":{"rendered":"https:\/\/www.gkboje.ba\/?post_type=product&#038;p=25762"},"modified":"2025-01-23T09:09:38","modified_gmt":"2025-01-23T08:09:38","slug":"villager-elektricna-lancana-pila-motorka-vet-2035-v","status":"publish","type":"product","link":"https:\/\/www.gkboje.ba\/en\/proizvod\/villager-elektricna-lancana-pila-motorka-vet-2035-v\/","title":{"rendered":"VILLAGER Elektri\u010dna lan\u010dana pila &#8211; testera &#8211; motorka VET 2035 V"},"content":{"rendered":"<p>Elektri\u010dna testera snage 2000 W dizajnirana je za efikasno rezanje drveta. Prozirni spremnik za ulje omogu\u0107ava lak\u0161e pra\u0107enje nivoa ulja, dok elektri\u010dna ko\u010dnica pove\u0107ava sigurnost tokom rada.<\/p>\n<h5><strong>Karakteristike:<\/strong><\/h5>\n<ul>\n<li><strong>Motor:<\/strong> Elektri\u010dni<\/li>\n<li><strong>Tip motora:<\/strong> Kolektorski elektromotor<\/li>\n<li><strong>Napon:<\/strong> 230 V ~ 50 Hz<\/li>\n<li><strong>Priklju\u010dna snaga:<\/strong> 2000 W<\/li>\n<li><strong>Korak lanca:<\/strong> Villager 3\/8, 1.3 mm<\/li>\n<li><strong>Du\u017eina vodilice:<\/strong> 350 mm<\/li>\n<li><strong>Model vodilice:<\/strong> Villager 35 cm 3\/8 1.3 mm<\/li>\n<li><strong>Broj lan\u010danih zuba:<\/strong> 26<\/li>\n<li><strong>Brzina lanca:<\/strong> 13.1 m\/s<\/li>\n<li><strong>Zapremina rezervoara za ulje:<\/strong> 220 ml<\/li>\n<li><strong>Masa:<\/strong> 5 kg<\/li>\n<\/ul>\n<h5><strong>Funkcije:<\/strong><\/h5>\n<ul>\n<li>Elektri\u010dna ko\u010dnica<\/li>\n<li>Prozirni spremnik za ulje<\/li>\n<\/ul>\n<h5><strong>Preporuka:<\/strong><\/h5>\n<p>Koristite Villager ulje za podmazivanje lanca kako biste osigurali dugotrajnost i optimalne performanse.<\/p>\n<h5><strong>Dodatne informacije:<\/strong><\/h5>\n<p><em>EAN: 8605032620763<\/em><\/p>\n<p><em>SKU: 726746<\/em><\/p>\n<p><span style=\"text-decoration: underline\"><em><a href=\"https:\/\/olx.ba\/artikal\/66067465\">Ovaj artikal mo\u017eete pogledati i na na\u0161em OLX profilu, klikom na ovaj tekst.<\/a><\/em><\/span><\/p>\n","protected":false},"excerpt":{"rendered":"<p>Elektri\u010dna testera snage 2000 W dizajnirana je za efikasno rezanje drveta. Prozirni spremnik za ulje omogu\u0107ava lak\u0161e pra\u0107enje nivoa ulja,<\/p>\n","protected":false},"featured_media":25763,"comment_status":"open","ping_status":"closed","template":"","meta":[],"product_brand":[],"product_cat":[924],"product_tag":[],"class_list":{"0":"post-25762","1":"product","2":"type-product","3":"status-publish","4":"has-post-thumbnail","6":"product_cat-motorne-testere","8":"first","9":"instock","10":"shipping-taxable","11":"purchasable","12":"product-type-simple"},"wooqr_code":"","_links":{"self":[{"href":"https:\/\/www.gkboje.ba\/en\/wp-json\/wp\/v2\/product\/25762","targetHints":{"allow":["GET"]}}],"collection":[{"href":"https:\/\/www.gkboje.ba\/en\/wp-json\/wp\/v2\/product"}],"about":[{"href":"https:\/\/www.gkboje.ba\/en\/wp-json\/wp\/v2\/types\/product"}],"replies":[{"embeddable":true,"href":"https:\/\/www.gkboje.ba\/en\/wp-json\/wp\/v2\/comments?post=25762"}],"version-history":[{"count":4,"href":"https:\/\/www.gkboje.ba\/en\/wp-json\/wp\/v2\/product\/25762\/revisions"}],"predecessor-version":[{"id":30394,"href":"https:\/\/www.gkboje.ba\/en\/wp-json\/wp\/v2\/product\/25762\/revisions\/30394"}],"wp:featuredmedia":[{"embeddable":true,"href":"https:\/\/www.gkboje.ba\/en\/wp-json\/wp\/v2\/media\/25763"}],"wp:attachment":[{"href":"https:\/\/www.gkboje.ba\/en\/wp-json\/wp\/v2\/media?parent=25762"}],"wp:term":[{"taxonomy":"product_brand","embeddable":true,"href":"https:\/\/www.gkboje.ba\/en\/wp-json\/wp\/v2\/product_brand?post=25762"},{"taxonomy":"product_cat","embeddable":true,"href":"https:\/\/www.gkboje.ba\/en\/wp-json\/wp\/v2\/product_cat?post=25762"},{"taxonomy":"product_tag","embeddable":true,"href":"https:\/\/www.gkboje.ba\/en\/wp-json\/wp\/v2\/product_tag?post=25762"}],"curies":[{"name":"wp","href":"https:\/\/api.w.org\/{rel}","templated":true}]}}