{"id":25754,"date":"2025-01-13T15:07:11","date_gmt":"2025-01-13T14:07:11","guid":{"rendered":"https:\/\/www.gkboje.ba\/?post_type=product&#038;p=25754"},"modified":"2025-01-23T09:06:23","modified_gmt":"2025-01-23T08:06:23","slug":"villager-elektricna-lancana-pila-motorka-vet-2440","status":"publish","type":"product","link":"https:\/\/www.gkboje.ba\/en\/proizvod\/villager-elektricna-lancana-pila-motorka-vet-2440\/","title":{"rendered":"VILLAGER Elektri\u010dna lan\u010dana pila &#8211; testera &#8211; motorka VET 2440"},"content":{"rendered":"<p>Elektri\u010dna pila od 2400 W iz Orange edition linije nudi pouzdanost i visok nivo performansi za zahtjevne zadatke rezanja. Sa du\u017einom vodilice od 400 mm i brzinom lanca od 14 m\/s, idealna je za efikasno rezanje. Prozirni spremnik za ulje omogu\u0107ava jednostavno pra\u0107enje nivoa ulja.<\/p>\n<h5><strong>Karakteristike:<\/strong><\/h5>\n<ul>\n<li><strong>Motor:<\/strong> Elektri\u010dni<\/li>\n<li><strong>Tip motora:<\/strong> Kolektorski elektromotor<\/li>\n<li><strong>Napon:<\/strong> 230 V ~ 50 Hz<\/li>\n<li><strong>Priklju\u010dna snaga:<\/strong> 2400 W<\/li>\n<li><strong>Korak lanca:<\/strong> Oregon 3\/8, 1.3 mm<\/li>\n<li><strong>Du\u017eina vodilice:<\/strong> 400 mm<\/li>\n<li><strong>Model vodilice:<\/strong> Oregon 40 cm 3\/8 1.3 mm<\/li>\n<li><strong>Broj lan\u010danih zuba:<\/strong> 28.5<\/li>\n<li><strong>Brzina lanca:<\/strong> 14 m\/s<\/li>\n<li><strong>Zapremina rezervoara za ulje:<\/strong> 110 ml<\/li>\n<li><strong>Masa:<\/strong> 5.2 kg<\/li>\n<li><strong>Linija proizvoda:<\/strong> Orange edition<\/li>\n<\/ul>\n<h5><strong>Funkcije:<\/strong><\/h5>\n<ul>\n<li>Elektri\u010dna ko\u010dnica<\/li>\n<li>Prozirni spremnik za ulje<\/li>\n<\/ul>\n<h5><strong>Preporuka:<\/strong><\/h5>\n<p>Koristite Villager ulje za podmazivanje lanca za optimalan rad i dugotrajnost.<\/p>\n<h5><strong>Dodatne informacije:<\/strong><\/h5>\n<p><em>EAN: 8605032620756<\/em><\/p>\n<p><em>SKU: 725745<\/em><\/p>\n<p><span style=\"text-decoration: underline\"><em><a href=\"https:\/\/olx.ba\/artikal\/66067405\">Ovaj artikal mo\u017eete pogledati i na na\u0161em OLX profilu, klikom na ovaj tekst.<\/a><\/em><\/span><\/p>\n","protected":false},"excerpt":{"rendered":"<p>Elektri\u010dna pila od 2400 W iz Orange edition linije nudi pouzdanost i visok nivo performansi za zahtjevne zadatke rezanja. Sa<\/p>\n","protected":false},"featured_media":25757,"comment_status":"open","ping_status":"closed","template":"","meta":[],"product_brand":[],"product_cat":[924],"product_tag":[],"class_list":{"0":"post-25754","1":"product","2":"type-product","3":"status-publish","4":"has-post-thumbnail","6":"product_cat-motorne-testere","8":"first","9":"instock","10":"shipping-taxable","11":"purchasable","12":"product-type-simple"},"wooqr_code":"","_links":{"self":[{"href":"https:\/\/www.gkboje.ba\/en\/wp-json\/wp\/v2\/product\/25754","targetHints":{"allow":["GET"]}}],"collection":[{"href":"https:\/\/www.gkboje.ba\/en\/wp-json\/wp\/v2\/product"}],"about":[{"href":"https:\/\/www.gkboje.ba\/en\/wp-json\/wp\/v2\/types\/product"}],"replies":[{"embeddable":true,"href":"https:\/\/www.gkboje.ba\/en\/wp-json\/wp\/v2\/comments?post=25754"}],"version-history":[{"count":3,"href":"https:\/\/www.gkboje.ba\/en\/wp-json\/wp\/v2\/product\/25754\/revisions"}],"predecessor-version":[{"id":26016,"href":"https:\/\/www.gkboje.ba\/en\/wp-json\/wp\/v2\/product\/25754\/revisions\/26016"}],"wp:featuredmedia":[{"embeddable":true,"href":"https:\/\/www.gkboje.ba\/en\/wp-json\/wp\/v2\/media\/25757"}],"wp:attachment":[{"href":"https:\/\/www.gkboje.ba\/en\/wp-json\/wp\/v2\/media?parent=25754"}],"wp:term":[{"taxonomy":"product_brand","embeddable":true,"href":"https:\/\/www.gkboje.ba\/en\/wp-json\/wp\/v2\/product_brand?post=25754"},{"taxonomy":"product_cat","embeddable":true,"href":"https:\/\/www.gkboje.ba\/en\/wp-json\/wp\/v2\/product_cat?post=25754"},{"taxonomy":"product_tag","embeddable":true,"href":"https:\/\/www.gkboje.ba\/en\/wp-json\/wp\/v2\/product_tag?post=25754"}],"curies":[{"name":"wp","href":"https:\/\/api.w.org\/{rel}","templated":true}]}}